{"id":59064,"date":"2026-03-03T13:30:07","date_gmt":"2026-03-03T13:30:07","guid":{"rendered":"https:\/\/huntzone.eu\/product\/ragnar-harald-tier0-brunu-veste-coyote-multicam\/"},"modified":"2026-03-03T13:30:07","modified_gmt":"2026-03-03T13:30:07","slug":"ragnar-harald-tier0-brunu-veste-coyote-multicam","status":"publish","type":"product","link":"https:\/\/huntzone.eu\/en\/product\/ragnar-harald-tier0-brunu-veste-coyote-multicam\/","title":{"rendered":"Ragnar HARALD TIER0 Bru\u0146u Veste &#8211; Coyote \/ Multicam"},"content":{"rendered":"<p><!-- Nomaksas kalkulators ar pareizu cenas nolas\u012b\u0161anu no .moze-price --> <\/p>\n<div style=\"max-width: 320px; padding: 15px; border: 1px solid #ccc; border-radius: 10px; font-family: Arial, sans-serif; font-size: 14px; background-color: #333333;\">\n<h3 style=\"color: white;\" class=\"moze-center\">Nomaksas kalkulators<\/h3>\n<div style=\"margin-bottom: 10px;\" class=\"moze-center\">     <img decoding=\"async\" src=\"https:\/\/site-2464979.mozfiles.com\/files\/2464979\/ESTO_hp_LV.png\" alt=\"ESTO logo\" style=\"max-width: 120px; height: auto; display: block; margin: 0 auto;\">   <\/div>\n<div id=\"amountVal\" style=\"margin-bottom: 10px; color: white;\" class=\"moze-center\">Cena tiek iel\u0101d\u0113ta&#8230;<\/div>\n<p>    <label for=\"months\" style=\"color:white;\">Termi\u0146\u0161 (m\u0113ne\u0161i):<\/label>   <input type=\"range\" id=\"months\" min=\"0\" max=\"6\" step=\"1\" value=\"1\" style=\"width: 100%;\">   <\/p>\n<div id=\"monthsVal\" style=\"margin-bottom: 10px; color: white;\">12 m\u0113ne\u0161i<\/div>\n<div id=\"result\" style=\"font-weight: bold; margin-bottom: 10px; color: white;\" class=\"moze-center\"><\/div>\n<p style=\"font-size: 12px; color: rgb(204, 204, 204);\" class=\"moze-center\">\u0160is ir informat\u012bvs ikm\u0113ne\u0161a maks\u0101jums un tas var at\u0161\u0137irties no J\u016bsu pied\u0101v\u0101juma.<\/p>\n<\/p><\/div>\n<p>  <script>   const monthOptions = [6, 12, 18, 24, 36, 48, 60];   const monthsInput = document.getElementById('months');   const amountVal = document.getElementById('amountVal');   const monthsVal = document.getElementById('monthsVal');   let amount = 0;    function calculateInstallment() {     const months = monthOptions[parseInt(monthsInput.value)];     const annualRate = 20;     const monthlyRate = annualRate \/ 12 \/ 100;     const monthlyPayment = (amount * monthlyRate) \/ (1 - Math.pow(1 + monthlyRate, -months));     const result = isFinite(monthlyPayment) ? monthlyPayment.toFixed(2) : 'K\u013c\u016bda datus';     document.getElementById('result').innerText = `Aptuvenais maks\u0101jums: \u20ac${result}\/m\u0113n.`;   }    function updateValues() {     monthsVal.innerText = `${monthOptions[parseInt(monthsInput.value)]} m\u0113ne\u0161i`;     calculateInstallment();   }    monthsInput.addEventListener('input', updateValues);    \/\/ Uzlabots cenas nolas\u012bt\u0101js no .moze-price (ar t\u016bksto\u0161u atdal\u012bt\u0101jiem)   window.addEventListener('DOMContentLoaded', () => {     const priceElement = document.querySelector('.moze-price');     if (priceElement) {       const rawText = priceElement.innerText         .replace(\/.\/g, '')        \/\/ no\u0146em t\u016bksto\u0161u punktus         .replace(',', '.')         \/\/ komatu p\u0101rv\u0113r\u0161 par decim\u0101lpunktu         .replace(\/[^d.]\/g, '');   \/\/ izt\u012bra simbolus        amount = parseFloat(rawText);       if (!isNaN(amount)) {         amountVal.innerText = `${amount.toFixed(2)} \u20ac`;         calculateInstallment();       } else {         amountVal.innerText = 'Cena nav pieejama';       }     } else {       amountVal.innerText = 'Cena nav atrasta';     }   }); <\/script>  <\/p>\n<p data-sourcepos=\"5:1-5:221\"><b>Ragnar HARALD TIER0 Bru\u0146u Veste &#8211; Coyote \/ Multicam<\/b><\/p>\n<p data-sourcepos=\"5:1-5:221\">\u0160\u012b bru\u0146u veste ir k\u0101 karav\u012bra r\u012bks, kas pal\u012bdz lab\u0101k kust\u0113ties un piel\u0101got apr\u012bkojumu kaujas laik\u0101. T\u0101 ir da\u013ca no &#8220;Valhalla sist\u0113mas&#8221;, kas noz\u012bm\u0113, ka vari to savienot ar citiem r\u012bkiem, lai lab\u0101k atbilstu sav\u0101m vajadz\u012bb\u0101m.<\/p>\n<p data-sourcepos=\"5:1-5:221\"><\/p>\n<div class=\"moze-center\"><\/div>\n<p data-sourcepos=\"7:1-7:20\"><b>Kas ir iek\u013cauts:<\/b><\/p>\n<ul data-sourcepos=\"9:1-13:0\">\n<li data-sourcepos=\"9:1-9:39\">Vestes priek\u0161da\u013c\u0101 (Coyote\/Multicam kr\u0101sa)<\/li>\n<li data-sourcepos=\"10:1-10:41\">Vestes aizmugures da\u013ca (Coyote\/Multicam kr\u0101sa)<\/li>\n<li data-sourcepos=\"11:1-11:50\">S\u0101nu jostas (Cummerband) (Coyote\/Multicam kr\u0101sa)<\/li>\n<\/ul>\n<p data-sourcepos=\"14:1-14:28\"><b>K\u0101p\u0113c \u0161\u012b veste ir \u012bpa\u0161a?<\/b><\/p>\n<ul data-sourcepos=\"16:1-17:0\">\n<li data-sourcepos=\"16:1-17:0\">T\u0101 ir veidota, lai tu var\u0113tu \u0113rti un viegli kust\u0113ties un piel\u0101got apr\u012bkojumu, bet taj\u0101 pa\u0161\u0101 laik\u0101 esi labi aizsarg\u0101ts.<\/li>\n<\/ul>\n<p data-sourcepos=\"18:1-18:21\"><b>Valhalla Sist\u0113ma:<\/b><\/p>\n<ul data-sourcepos=\"20:1-21:0\">\n<li data-sourcepos=\"20:1-21:0\">Katram uzdevumam ir savas \u012bpatn\u012bbas. T\u0101p\u0113c \u0161\u012b sist\u0113ma \u013cauj tev pa\u0161am izv\u0113l\u0113ties, k\u0101du apr\u012bkojumu un cik daudz \u0146emt l\u012bdzi. T\u0101 piel\u0101gojas tev, nevis otr\u0101di.<\/li>\n<\/ul>\n<p data-sourcepos=\"22:1-22:10\"><b>\u012asum\u0101:<\/b><\/p>\n<p data-sourcepos=\"24:1-24:99\">\u0160\u012b bru\u0146u veste ir paredz\u0113ta tiem, kam vajag daudz br\u012bv\u012bbas kust\u012bb\u0101s un iesp\u0113ju piel\u0101got apr\u012bkojumu.<\/p>\n<p data-sourcepos=\"24:1-24:99\">\n<div class=\"moze-center\"><iframe class=\"moze-iframe\" src=\"https:\/\/www.youtube.com\/embed\/WltivGQHG1o\" height=\"360px\" width=\"640px\" allowfullscreen=\"allowfullscreen\"><\/iframe><\/div><\/p>\n","protected":false},"excerpt":{"rendered":"<p>Nomaksas kalkulators Cena tiek iel\u0101d\u0113ta&#8230; Termi\u0146\u0161 (m\u0113ne\u0161i): 12 m\u0113ne\u0161i \u0160is ir informat\u012bvs ikm\u0113ne\u0161a maks\u0101jums un tas var at\u0161\u0137irties no J\u016bsu pied\u0101v\u0101juma. Ragnar HARALD TIER0 Bru\u0146u Veste &#8211; Coyote \/ Multicam&hellip;<\/p>\n","protected":false},"featured_media":0,"comment_status":"open","ping_status":"closed","template":"","meta":[],"product_brand":[],"product_cat":[523],"product_tag":[],"class_list":{"0":"post-59064","1":"product","2":"type-product","3":"status-publish","5":"product_cat-uzkabes","7":"first","8":"instock","9":"shipping-taxable","10":"purchasable","11":"product-type-simple"},"_links":{"self":[{"href":"https:\/\/huntzone.eu\/en\/wp-json\/wp\/v2\/product\/59064","targetHints":{"allow":["GET"]}}],"collection":[{"href":"https:\/\/huntzone.eu\/en\/wp-json\/wp\/v2\/product"}],"about":[{"href":"https:\/\/huntzone.eu\/en\/wp-json\/wp\/v2\/types\/product"}],"replies":[{"embeddable":true,"href":"https:\/\/huntzone.eu\/en\/wp-json\/wp\/v2\/comments?post=59064"}],"wp:attachment":[{"href":"https:\/\/huntzone.eu\/en\/wp-json\/wp\/v2\/media?parent=59064"}],"wp:term":[{"taxonomy":"product_brand","embeddable":true,"href":"https:\/\/huntzone.eu\/en\/wp-json\/wp\/v2\/product_brand?post=59064"},{"taxonomy":"product_cat","embeddable":true,"href":"https:\/\/huntzone.eu\/en\/wp-json\/wp\/v2\/product_cat?post=59064"},{"taxonomy":"product_tag","embeddable":true,"href":"https:\/\/huntzone.eu\/en\/wp-json\/wp\/v2\/product_tag?post=59064"}],"curies":[{"name":"wp","href":"https:\/\/api.w.org\/{rel}","templated":true}]}}