{"id":59065,"date":"2026-03-03T13:30:07","date_gmt":"2026-03-03T13:30:07","guid":{"rendered":"https:\/\/huntzone.eu\/product\/ragnar-floki-tier4-komplekts-coyote-multicam\/"},"modified":"2026-03-03T13:30:07","modified_gmt":"2026-03-03T13:30:07","slug":"ragnar-floki-tier4-komplekts-coyote-multicam","status":"publish","type":"product","link":"https:\/\/huntzone.eu\/en\/product\/ragnar-floki-tier4-komplekts-coyote-multicam\/","title":{"rendered":"Ragnar FLOKI TIER4 Komplekts &#8211; Coyote \/ Multicam"},"content":{"rendered":"<p><!-- Nomaksas kalkulators ar pareizu cenas nolas\u012b\u0161anu no .moze-price --> <\/p>\n<div style=\"max-width: 320px; padding: 15px; border: 1px solid #ccc; border-radius: 10px; font-family: Arial, sans-serif; font-size: 14px; background-color: #333333;\">\n<h3 style=\"color: white;\" class=\"moze-center\">Nomaksas kalkulators<\/h3>\n<div style=\"margin-bottom: 10px;\" class=\"moze-center\">     <img decoding=\"async\" src=\"https:\/\/site-2464979.mozfiles.com\/files\/2464979\/ESTO_hp_LV.png\" alt=\"ESTO logo\" style=\"max-width: 120px; height: auto; display: block; margin: 0 auto;\">   <\/div>\n<div id=\"amountVal\" style=\"margin-bottom: 10px; color: white;\" class=\"moze-center\">Cena tiek iel\u0101d\u0113ta&#8230;<\/div>\n<p>    <label for=\"months\" style=\"color:white;\">Termi\u0146\u0161 (m\u0113ne\u0161i):<\/label>   <input type=\"range\" id=\"months\" min=\"0\" max=\"6\" step=\"1\" value=\"1\" style=\"width: 100%;\">   <\/p>\n<div id=\"monthsVal\" style=\"margin-bottom: 10px; color: white;\">12 m\u0113ne\u0161i<\/div>\n<div id=\"result\" style=\"font-weight: bold; margin-bottom: 10px; color: white;\" class=\"moze-center\"><\/div>\n<p style=\"font-size: 12px; color: rgb(204, 204, 204);\" class=\"moze-center\">\u0160is ir informat\u012bvs ikm\u0113ne\u0161a maks\u0101jums un tas var at\u0161\u0137irties no J\u016bsu pied\u0101v\u0101juma.<\/p>\n<\/p><\/div>\n<p>  <script>   const monthOptions = [6, 12, 18, 24, 36, 48, 60];   const monthsInput = document.getElementById('months');   const amountVal = document.getElementById('amountVal');   const monthsVal = document.getElementById('monthsVal');   let amount = 0;    function calculateInstallment() {     const months = monthOptions[parseInt(monthsInput.value)];     const annualRate = 20;     const monthlyRate = annualRate \/ 12 \/ 100;     const monthlyPayment = (amount * monthlyRate) \/ (1 - Math.pow(1 + monthlyRate, -months));     const result = isFinite(monthlyPayment) ? monthlyPayment.toFixed(2) : 'K\u013c\u016bda datus';     document.getElementById('result').innerText = `Aptuvenais maks\u0101jums: \u20ac${result}\/m\u0113n.`;   }    function updateValues() {     monthsVal.innerText = `${monthOptions[parseInt(monthsInput.value)]} m\u0113ne\u0161i`;     calculateInstallment();   }    monthsInput.addEventListener('input', updateValues);    \/\/ Uzlabots cenas nolas\u012bt\u0101js no .moze-price (ar t\u016bksto\u0161u atdal\u012bt\u0101jiem)   window.addEventListener('DOMContentLoaded', () => {     const priceElement = document.querySelector('.moze-price');     if (priceElement) {       const rawText = priceElement.innerText         .replace(\/.\/g, '')        \/\/ no\u0146em t\u016bksto\u0161u punktus         .replace(',', '.')         \/\/ komatu p\u0101rv\u0113r\u0161 par decim\u0101lpunktu         .replace(\/[^d.]\/g, '');   \/\/ izt\u012bra simbolus        amount = parseFloat(rawText);       if (!isNaN(amount)) {         amountVal.innerText = `${amount.toFixed(2)} \u20ac`;         calculateInstallment();       } else {         amountVal.innerText = 'Cena nav pieejama';       }     } else {       amountVal.innerText = 'Cena nav atrasta';     }   }); <\/script>  <\/p>\n<p data-sourcepos=\"3:1-3:32\"><b>FLOKI TIER4Coyote \/ Multicam<\/b><\/p>\n<p data-sourcepos=\"5:1-5:30\"><b>Valhalla Sist\u0113ma \/ L\u012bmenis 4<\/b><\/p>\n<p data-sourcepos=\"7:1-7:338\">Floki, slavens j\u016brasbrauc\u0113js, dumpinieks un nepieradin\u0101ts, kur\u0161 mekl\u0113ja zemi, lai dibin\u0101tu jaunas apmetnes, kas neb\u016btu tik siltas k\u0101 Norv\u0113\u0123ija, s\u0101ka savu ce\u013cojumu uz to, ko v\u0113l\u0101k sauca par ledus zemi &#8211; Islandi, t\u0101d\u0113j\u0101di radot savu le\u0123endu un paliekot atmi\u0146\u0101 k\u0101 &#8220;krauklis&#8221;. Labs st\u0101sts dumpinieciskam elementam, k\u0101 RAGNAR Floki uzkabei<\/p>\n<p data-sourcepos=\"7:1-7:338\">\n<p data-sourcepos=\"13:1-13:19\">FLOKI TIER4 ietver:<\/p>\n<ul data-sourcepos=\"15:1-19:0\">\n<li data-sourcepos=\"15:1-15:33\">Floki Box Pouch Coyote\/Multicam<\/li>\n<li data-sourcepos=\"16:1-16:28\">Tyra Strap Coyote\/Multicam<\/li>\n<li data-sourcepos=\"17:1-17:23\">Floki Box Flap Coyote<\/li>\n<li data-sourcepos=\"18:1-19:0\">Snorri Admin Pouch Coyote\/Multicam<\/li>\n<\/ul>\n<p><\/p>\n<p data-sourcepos=\"7:1-7:338\"><img decoding=\"async\" src=\"https:\/\/site-2464979.mozfiles.com\/files\/2464979\/medium\/separador.jpg?1744869571\" alt=\"separador.jpg\" class=\"moze-img-center\"><\/p>\n","protected":false},"excerpt":{"rendered":"<p>Nomaksas kalkulators Cena tiek iel\u0101d\u0113ta&#8230; Termi\u0146\u0161 (m\u0113ne\u0161i): 12 m\u0113ne\u0161i \u0160is ir informat\u012bvs ikm\u0113ne\u0161a maks\u0101jums un tas var at\u0161\u0137irties no J\u016bsu pied\u0101v\u0101juma. FLOKI TIER4Coyote \/ Multicam Valhalla Sist\u0113ma \/ L\u012bmenis 4&hellip;<\/p>\n","protected":false},"featured_media":0,"comment_status":"open","ping_status":"closed","template":"","meta":[],"product_brand":[],"product_cat":[523],"product_tag":[],"class_list":{"0":"post-59065","1":"product","2":"type-product","3":"status-publish","5":"product_cat-uzkabes","7":"first","8":"instock","9":"shipping-taxable","10":"purchasable","11":"product-type-simple"},"_links":{"self":[{"href":"https:\/\/huntzone.eu\/en\/wp-json\/wp\/v2\/product\/59065","targetHints":{"allow":["GET"]}}],"collection":[{"href":"https:\/\/huntzone.eu\/en\/wp-json\/wp\/v2\/product"}],"about":[{"href":"https:\/\/huntzone.eu\/en\/wp-json\/wp\/v2\/types\/product"}],"replies":[{"embeddable":true,"href":"https:\/\/huntzone.eu\/en\/wp-json\/wp\/v2\/comments?post=59065"}],"wp:attachment":[{"href":"https:\/\/huntzone.eu\/en\/wp-json\/wp\/v2\/media?parent=59065"}],"wp:term":[{"taxonomy":"product_brand","embeddable":true,"href":"https:\/\/huntzone.eu\/en\/wp-json\/wp\/v2\/product_brand?post=59065"},{"taxonomy":"product_cat","embeddable":true,"href":"https:\/\/huntzone.eu\/en\/wp-json\/wp\/v2\/product_cat?post=59065"},{"taxonomy":"product_tag","embeddable":true,"href":"https:\/\/huntzone.eu\/en\/wp-json\/wp\/v2\/product_tag?post=59065"}],"curies":[{"name":"wp","href":"https:\/\/api.w.org\/{rel}","templated":true}]}}