{"id":59068,"date":"2026-03-03T13:30:08","date_gmt":"2026-03-03T13:30:08","guid":{"rendered":"https:\/\/huntzone.eu\/product\/hart-enduro-t-xhp-bikses-udensizturigas-un-izturigas-bikses-medibam\/"},"modified":"2026-03-03T17:28:52","modified_gmt":"2026-03-03T17:28:52","slug":"hart-enduro-t-xhp-bikses-udensizturigas-un-izturigas-bikses-medibam","status":"publish","type":"product","link":"https:\/\/huntzone.eu\/en\/product\/hart-enduro-t-xhp-bikses-udensizturigas-un-izturigas-bikses-medibam\/","title":{"rendered":"HART ENDURO-T XHP Bikses &#8211; \u016adensiztur\u012bgas un Iztur\u012bgas Biks\u0113s Med\u012bb\u0101m"},"content":{"rendered":"<p><!-- Nomaksas kalkulators --> <\/p>\n<div class=\"moze-installment-box\"><\/div>\n<p> <script src=\"https:\/\/site-2464979.mozfiles.com\/files\/2464979\/kalkulators1__1_-1.js\"><\/script> <\/p>\n<style>   .popup-container {   position: relative; }  .popup-image-multi {   display: none;   position: fixed;   z-index: 9999;   top: 0;   left: 0;   width: 100vw;   height: 100vh;   overflow-y: scroll;   background-color: rgba(0, 0, 0, 0.4); \/* Caursp\u012bd\u012bg\u0101ks fons *\/   padding: 20px;   box-sizing: border-box; }  .popup-image-multi img {   display: block;   max-width: 90%;   margin: 20px auto;   border: 4px solid white;   box-shadow: 0 0 20px black;   cursor: pointer; } <\/style>\n<div class=\"popup-container\">\n<p> <\/p>\n<p><b><a href=\"#\" onclick=\"document.getElementById('popup-img-multi').style.display='block'; return false;\">Izm\u0113ra tabula<\/a><\/b><\/p>\n<div class=\"popup-image-multi\" id=\"popup-img-multi\" onclick=\"this.style.display='none'\">     <img decoding=\"async\" src=\"https:\/\/site-2464979.mozfiles.com\/files\/2464979\/HART_IZMERU_TABULA.jpg?1744800324\" alt=\"Izm\u0113ra tabula 1. lapa\"> <\/div>\n<p>   <\/p>\n<p data-sourcepos=\"9:1-9:73\" style=\"font-weight: 400; font-style: normal;\" class=\"moze-start\"><b style=\"font-weight: bold; font-style: inherit\">HART ENDURO-T XHP Bikses &#8211; \u016adensiztur\u012bgas un Iztur\u012bgas Biks\u0113s Med\u012bb\u0101m<\/b><\/p>\n<p data-sourcepos=\"11:1-11:159\" style=\"font-weight: 400; font-style: normal;\" class=\"moze-start\">P\u0113d\u0113jais Enduro koncepta atjaunin\u0101jums: sportiskas, klusas un \u016bdensiztur\u012bgas     bikses ar aizsardz\u012bbu pret \u0113rk\u0161\u0137iem. Ide\u0101las bikses med\u012bb\u0101m me\u017e\u0101 un biezos     kr\u016bmos.<\/p>\n<ul data-sourcepos=\"13:1-20:0\" style=\"text-align: start; font-weight: 400; font-style: normal\">\n<li data-sourcepos=\"13:1-13:132\" style=\"font-weight: inherit; font-style: inherit\">Kluss un iztur\u012bgs si\u013c\u0137es kaula audums apvienojum\u0101 ar ARMOTEX\u00ae pastiprin\u0101juma       sl\u0101ni uz k\u0101ju priek\u0161puses un aizmugur\u0113j\u0101s apak\u0161da\u013cas.<\/li>\n<li data-sourcepos=\"14:1-14:63\" style=\"font-weight: inherit; font-style: inherit\">V\u0113jiztur\u012bga un \u016bdensiztur\u012bga OSMOTECH PLUS membr\u0101na iek\u0161pus\u0113.<\/li>\n<li data-sourcepos=\"15:1-15:94\" style=\"font-weight: inherit; font-style: inherit\">Elast\u012bga augsta viduk\u013ca nieru aizsardz\u012bba un bik\u0161turi uzlabo komfortu ar akt\u012bvu       piegriezumu.<\/li>\n<li data-sourcepos=\"16:1-16:50\" style=\"font-weight: inherit; font-style: inherit\">Iek\u0161\u0113j\u0101 odere no sieta auduma uzlabo elpojam\u012bbu.<\/li>\n<li data-sourcepos=\"17:1-17:64\" style=\"font-weight: inherit; font-style: inherit\">Piegriezumu var regul\u0113t ar elast\u012bgiem bik\u0161turiem (no\u0146emamiem).<\/li>\n<li data-sourcepos=\"18:1-18:120\" style=\"font-weight: inherit; font-style: inherit\">4 kabatas ar \u016bdensiztur\u012bgiem r\u0101v\u0113jsl\u0113dz\u0113jiem: 2 sl\u012bpas kabatas, 1 kravas kabata       uz aug\u0161stilba un 1 aizmugur\u0113j\u0101 kabata.<\/li>\n<li data-sourcepos=\"19:1-20:0\" style=\"font-weight: inherit; font-style: inherit\">Augsta \u016bdensiztur\u012bba (10000mm) un elpojam\u012bba (10000 gr\/m2).<\/li>\n<\/ul>\n<p data-sourcepos=\"21:1-21:17\" style=\"font-weight: 400; font-style: normal;\" class=\"moze-start\"><b style=\"font-weight: bold; font-style: inherit\">Tehnolo\u0123ijas:<\/b><\/p>\n<ul data-sourcepos=\"23:1-27:0\" style=\"text-align: start; font-weight: 400; font-style: normal\">\n<li data-sourcepos=\"23:1-23:61\" style=\"font-weight: inherit; font-style: inherit\"><b style=\"font-weight: bold; font-style: inherit\">HARTWARE:<\/b> Siltuma kontrolei       un komforta nodro\u0161in\u0101\u0161anai.<\/li>\n<li data-sourcepos=\"24:1-24:56\" style=\"font-weight: inherit; font-style: inherit\"><b style=\"font-weight: bold; font-style: inherit\">OSMOTECH PLUS:<\/b> Augsta       \u016bdensiztur\u012bba un elpojam\u012bba.<\/li>\n<li data-sourcepos=\"25:1-25:59\" style=\"font-weight: inherit; font-style: inherit\"><b style=\"font-weight: bold; font-style: inherit\">ARMOTEX\u00a9:<\/b> Iztur\u012bgs pret       nodilumu un nesl\u012bdo\u0161s audums.<\/li>\n<li data-sourcepos=\"26:1-27:0\" style=\"font-weight: inherit; font-style: inherit\"><b style=\"font-weight: bold; font-style: inherit\">YKK\u00a9:<\/b> Uzticami un augstas       kvalit\u0101tes YKK r\u0101v\u0113jsl\u0113dz\u0113ji.<\/li>\n<\/ul>\n<p data-sourcepos=\"28:1-28:12\" style=\"font-weight: 400; font-style: normal;\" class=\"moze-start\"><b style=\"font-weight: bold; font-style: inherit\">Sast\u0101vs:<\/b><\/p>\n<ul data-sourcepos=\"30:1-36:0\" style=\"text-align: start; font-weight: 400; font-style: normal\">\n<li data-sourcepos=\"30:1-30:48\" style=\"font-weight: inherit; font-style: inherit\">\u0100r\u0113jais sl\u0101nis 1: 57% poliesters, 43% neilons.<\/li>\n<li data-sourcepos=\"31:1-31:48\" style=\"font-weight: inherit; font-style: inherit\">\u0100r\u0113jais sl\u0101nis 2: 51% neilons, 49% poliesters.<\/li>\n<li data-sourcepos=\"32:1-32:62\" style=\"font-weight: inherit; font-style: inherit\">\u0100r\u0113jais sl\u0101nis 3: 45% kokvilna, 35% poliesters, 20% neilons.<\/li>\n<li data-sourcepos=\"33:1-33:45\" style=\"font-weight: inherit; font-style: inherit\">Iek\u0161puse: 50% fluor\u0161\u0137iedra, 50% poliesters.<\/li>\n<li data-sourcepos=\"34:1-34:27\" style=\"font-weight: inherit; font-style: inherit\">Odere 1: 100% poliesters.<\/li>\n<li data-sourcepos=\"35:1-36:0\" style=\"font-weight: inherit; font-style: inherit\">Odere 2: 100% poliesters.<\/li>\n<\/ul><\/div>\n","protected":false},"excerpt":{"rendered":"<p>Izm\u0113ra tabula HART ENDURO-T XHP Bikses &#8211; \u016adensiztur\u012bgas un Iztur\u012bgas Biks\u0113s Med\u012bb\u0101m P\u0113d\u0113jais Enduro koncepta atjaunin\u0101jums: sportiskas, klusas un \u016bdensiztur\u012bgas bikses ar aizsardz\u012bbu pret \u0113rk\u0161\u0137iem. Ide\u0101las bikses med\u012bb\u0101m me\u017e\u0101 un&hellip;<\/p>\n","protected":false},"featured_media":0,"comment_status":"open","ping_status":"closed","template":"","meta":[],"product_brand":[],"product_cat":[512],"product_tag":[],"class_list":{"0":"post-59068","1":"product","2":"type-product","3":"status-publish","5":"product_cat-bikses","7":"first","8":"instock","9":"shipping-taxable","10":"product-type-variable"},"_links":{"self":[{"href":"https:\/\/huntzone.eu\/en\/wp-json\/wp\/v2\/product\/59068","targetHints":{"allow":["GET"]}}],"collection":[{"href":"https:\/\/huntzone.eu\/en\/wp-json\/wp\/v2\/product"}],"about":[{"href":"https:\/\/huntzone.eu\/en\/wp-json\/wp\/v2\/types\/product"}],"replies":[{"embeddable":true,"href":"https:\/\/huntzone.eu\/en\/wp-json\/wp\/v2\/comments?post=59068"}],"wp:attachment":[{"href":"https:\/\/huntzone.eu\/en\/wp-json\/wp\/v2\/media?parent=59068"}],"wp:term":[{"taxonomy":"product_brand","embeddable":true,"href":"https:\/\/huntzone.eu\/en\/wp-json\/wp\/v2\/product_brand?post=59068"},{"taxonomy":"product_cat","embeddable":true,"href":"https:\/\/huntzone.eu\/en\/wp-json\/wp\/v2\/product_cat?post=59068"},{"taxonomy":"product_tag","embeddable":true,"href":"https:\/\/huntzone.eu\/en\/wp-json\/wp\/v2\/product_tag?post=59068"}],"curies":[{"name":"wp","href":"https:\/\/api.w.org\/{rel}","templated":true}]}}