{"id":59069,"date":"2026-03-03T13:30:08","date_gmt":"2026-03-03T13:30:08","guid":{"rendered":"https:\/\/huntzone.eu\/product\/hart-stilk-txt-bikses-karstam-laikam-un-pret-kukainiem-aizsargajosas-medibu-bikses\/"},"modified":"2026-03-03T17:29:05","modified_gmt":"2026-03-03T17:29:05","slug":"hart-stilk-txt-bikses-karstam-laikam-un-pret-kukainiem-aizsargajosas-medibu-bikses","status":"publish","type":"product","link":"https:\/\/huntzone.eu\/en\/product\/hart-stilk-txt-bikses-karstam-laikam-un-pret-kukainiem-aizsargajosas-medibu-bikses\/","title":{"rendered":"HART STILK-TXT Bikses &#8211; Karstam Laikam un Pret Kukai\u0146iem Aizsarg\u0101jo\u0161as Med\u012bbu Bikses"},"content":{"rendered":"<p><!-- Nomaksas kalkulators --> <\/p>\n<div class=\"moze-installment-box\"><\/div>\n<p> <script src=\"https:\/\/site-2464979.mozfiles.com\/files\/2464979\/kalkulators1__1_-1.js\"><\/script> <\/p>\n<style>   .popup-container {   position: relative; }  .popup-image-multi {   display: none;   position: fixed;   z-index: 9999;   top: 0;   left: 0;   width: 100vw;   height: 100vh;   overflow-y: scroll;   background-color: rgba(0, 0, 0, 0.4); \/* Caursp\u012bd\u012bg\u0101ks fons *\/   padding: 20px;   box-sizing: border-box; }  .popup-image-multi img {   display: block;   max-width: 90%;   margin: 20px auto;   border: 4px solid white;   box-shadow: 0 0 20px black;   cursor: pointer; } <\/style>\n<div class=\"popup-container\">\n<p> <\/p>\n<p><b><a href=\"#\" onclick=\"document.getElementById('popup-img-multi').style.display='block'; return false;\">Izm\u0113ra tabula<\/a><\/b><\/p>\n<div class=\"popup-image-multi\" id=\"popup-img-multi\" onclick=\"this.style.display='none'\">     <img decoding=\"async\" src=\"https:\/\/site-2464979.mozfiles.com\/files\/2464979\/HART_IZMERU_TABULA.jpg?1744800324\" alt=\"Izm\u0113ra tabula 1. lapa\"> <\/div>\n<p>   <\/p>\n<p data-sourcepos=\"9:1-9:88\"><b>HART STILK-TXT Bikses &#8211; Karstam Laikam un Pret Kukai\u0146iem Aizsarg\u0101jo\u0161as Med\u012bbu Bikses<\/b><\/p>\n<p data-sourcepos=\"11:1-11:169\">Tehniski uzlabotas silt\u0101 laika, pret kukai\u0146iem aizsarg\u0101jo\u0161as, zema trok\u0161\u0146a med\u012bbu     bikses ir lieliska izv\u0113le mask\u0113\u0161an\u0101s med\u012bb\u0101m, kad v\u0113laties pietuvoties savam     med\u012bjumam.<\/p>\n<ul data-sourcepos=\"13:1-19:0\">\n<li data-sourcepos=\"13:1-13:133\">Izgatavotas no \u0101rk\u0101rt\u012bgi klusa, elast\u012bga, m\u012bksta un \u013coti elpojo\u0161a auduma ar       Tanatex\u00ae pret kukai\u0146iem (\u0113rces, odi, mu\u0161as..) apstr\u0101di.<\/li>\n<li data-sourcepos=\"14:1-14:110\">Auduma mikropunktieri \u013cauj cauri izpl\u016bst vismaz\u0101kajam v\u0113ja p\u016btienam, saglab\u0101jot       v\u0113sumu, nezaud\u0113jot iztur\u012bbu.<\/li>\n<li data-sourcepos=\"15:1-15:78\">Piegriezums un elast\u012bba \u013cauj apak\u0161\u0101 valk\u0101t apak\u0161ve\u013cu v\u0113sos r\u012btos un vakaros.<\/li>\n<li data-sourcepos=\"16:1-16:93\">Veidotas ar artikul\u0113tiem ce\u013cgaliem, kas nodro\u0161ina pilnu kust\u012bbu diapazonu sare\u017e\u0123\u012bt\u0101       apvid\u016b.<\/li>\n<li data-sourcepos=\"17:1-17:109\">4 kabatu konstrukcija ar r\u0101v\u0113jsl\u0113dz\u0113jiem: 2 priek\u0161\u0113j\u0101s, 1 aizmugur\u0113j\u0101 kabata       un 1 s\u0101nu kravas sl\u012bp\u0101 kabata.<\/li>\n<li data-sourcepos=\"18:1-19:0\">1 s\u0101nu na\u017ea kabata.<\/li>\n<\/ul>\n<p data-sourcepos=\"20:1-20:17\"><b>Tehnolo\u0123ijas:<\/b><\/p>\n<ul data-sourcepos=\"22:1-27:0\">\n<li data-sourcepos=\"22:1-22:63\"><b>TANATEX:<\/b> Pret kukai\u0146iem aizsarg\u0101jo\u0161s akt\u012bvais komponents.<\/li>\n<li data-sourcepos=\"23:1-23:39\"><b>XTRETCH DYNAMIC:<\/b> Elast\u012bgi audumi.<\/li>\n<li data-sourcepos=\"24:1-24:61\"><b>YKK\u00a9:<\/b> Uzticami un augstas kvalit\u0101tes YKK r\u0101v\u0113jsl\u0113dz\u0113ji.<\/li>\n<li data-sourcepos=\"25:1-25:61\"><b>HARTWARE:<\/b> Siltuma kontrolei un komforta nodro\u0161in\u0101\u0161anai.<\/li>\n<li data-sourcepos=\"26:1-27:0\"><b>TRIPLE STITCHING:<\/b> Tr\u012bsk\u0101r\u0161\u0101s \u0161uves padara auduma savienojumu stipr\u0101ku       un iztur\u012bg\u0101ku pret pl\u012bsumiem.<\/li>\n<\/ul>\n<p data-sourcepos=\"28:1-28:12\"><b>Sast\u0101vs:<\/b><\/p>\n<ul data-sourcepos=\"30:1-32:0\">\n<li data-sourcepos=\"30:1-30:36\">\u0100r\u0113jais sl\u0101nis 1: 100% poliesters.<\/li>\n<li data-sourcepos=\"31:1-32:0\">Odere 1: 100% poliesters.<\/li>\n<\/ul><\/div>\n","protected":false},"excerpt":{"rendered":"<p>Izm\u0113ra tabula HART STILK-TXT Bikses &#8211; Karstam Laikam un Pret Kukai\u0146iem Aizsarg\u0101jo\u0161as Med\u012bbu Bikses Tehniski uzlabotas silt\u0101 laika, pret kukai\u0146iem aizsarg\u0101jo\u0161as, zema trok\u0161\u0146a med\u012bbu bikses ir lieliska izv\u0113le mask\u0113\u0161an\u0101s med\u012bb\u0101m,&hellip;<\/p>\n","protected":false},"featured_media":0,"comment_status":"open","ping_status":"closed","template":"","meta":[],"product_brand":[],"product_cat":[512],"product_tag":[],"class_list":{"0":"post-59069","1":"product","2":"type-product","3":"status-publish","5":"product_cat-bikses","7":"first","8":"instock","9":"shipping-taxable","10":"product-type-variable"},"_links":{"self":[{"href":"https:\/\/huntzone.eu\/en\/wp-json\/wp\/v2\/product\/59069","targetHints":{"allow":["GET"]}}],"collection":[{"href":"https:\/\/huntzone.eu\/en\/wp-json\/wp\/v2\/product"}],"about":[{"href":"https:\/\/huntzone.eu\/en\/wp-json\/wp\/v2\/types\/product"}],"replies":[{"embeddable":true,"href":"https:\/\/huntzone.eu\/en\/wp-json\/wp\/v2\/comments?post=59069"}],"wp:attachment":[{"href":"https:\/\/huntzone.eu\/en\/wp-json\/wp\/v2\/media?parent=59069"}],"wp:term":[{"taxonomy":"product_brand","embeddable":true,"href":"https:\/\/huntzone.eu\/en\/wp-json\/wp\/v2\/product_brand?post=59069"},{"taxonomy":"product_cat","embeddable":true,"href":"https:\/\/huntzone.eu\/en\/wp-json\/wp\/v2\/product_cat?post=59069"},{"taxonomy":"product_tag","embeddable":true,"href":"https:\/\/huntzone.eu\/en\/wp-json\/wp\/v2\/product_tag?post=59069"}],"curies":[{"name":"wp","href":"https:\/\/api.w.org\/{rel}","templated":true}]}}