{"id":59073,"date":"2026-03-03T13:30:14","date_gmt":"2026-03-03T13:30:14","guid":{"rendered":"https:\/\/huntzone.eu\/product\/hart-chamois-t-bikses-vejizturigas-maskesanas-bikses-medibam\/"},"modified":"2026-04-17T10:26:16","modified_gmt":"2026-04-17T10:26:16","slug":"hart-chamois-t-bikses-vejizturigas-maskesanas-bikses-medibam","status":"publish","type":"product","link":"https:\/\/huntzone.eu\/en\/product\/hart-chamois-t-bikses-vejizturigas-maskesanas-bikses-medibam\/","title":{"rendered":"HART CHAMOIS-T Bikses &#8211; V\u0113jiztur\u012bgas Mask\u0113\u0161an\u0101s Biks\u0113s Med\u012bb\u0101m"},"content":{"rendered":"<p><!-- Nomaksas kalkulators --> <\/p>\n<div class=\"moze-installment-box\"><\/div>\n<p> <script src=\"https:\/\/site-2464979.mozfiles.com\/files\/2464979\/kalkulators1__1_-1.js\"><\/script> <\/p>\n<style>   .popup-container {   position: relative; }  .popup-image-multi {   display: none;   position: fixed;   z-index: 9999;   top: 0;   left: 0;   width: 100vw;   height: 100vh;   overflow-y: scroll;   background-color: rgba(0, 0, 0, 0.4); \/* Caursp\u012bd\u012bg\u0101ks fons *\/   padding: 20px;   box-sizing: border-box; }  .popup-image-multi img {   display: block;   max-width: 90%;   margin: 20px auto;   border: 4px solid white;   box-shadow: 0 0 20px black;   cursor: pointer; } <\/style>\n<div class=\"popup-container\">\n<p> <\/p>\n<p><b><a href=\"#\" onclick=\"document.getElementById('popup-img-multi').style.display='block'; return false;\">Izm\u0113ra tabula<\/a><\/b><\/p>\n<div class=\"popup-image-multi\" id=\"popup-img-multi\" onclick=\"this.style.display='none'\">     <img decoding=\"async\" src=\"https:\/\/site-2464979.mozfiles.com\/files\/2464979\/HART_IZMERU_TABULA.jpg?1744800324\" alt=\"Izm\u0113ra tabula 1. lapa\"> <\/div>\n<p>   <\/p>\n<p data-sourcepos=\"9:1-9:66\"><b>HART CHAMOIS-T Bikses &#8211; V\u0113jiztur\u012bgas Mask\u0113\u0161an\u0101s Biks\u0113s Med\u012bb\u0101m<\/b><\/p>\n<p data-sourcepos=\"11:1-11:180\">M\u016bsu vismodern\u0101k\u0101s v\u0113jiztur\u012bg\u0101s elast\u012bg\u0101s bikses mask\u0113\u0161an\u0101s med\u012bb\u0101m. PIXEL FOREST     kamufl\u0101\u017ea sapludina mednieka siluetu ar fonu, padarot to par vienotu turpin\u0101jumu     apk\u0101rt\u0113jai dabai.<\/p>\n<ul data-sourcepos=\"13:1-25:0\">\n<li data-sourcepos=\"13:1-13:71\">Revolucion\u0101rs 3 sl\u0101\u0146u viegls, kluss un v\u0113jiztur\u012bgs softshell dizains.<\/li>\n<li data-sourcepos=\"14:1-14:37\">Graf\u0113ns regul\u0113 \u0137erme\u0146a temperat\u016bru.<\/li>\n<li data-sourcepos=\"15:1-15:51\">Tradicion\u0101li izvietotas kabatas ar r\u0101v\u0113jsl\u0113dz\u0113ju.<\/li>\n<li data-sourcepos=\"16:1-16:50\">\u016adensiztur\u012bga kabata ar r\u0101v\u0113jsl\u0113dz\u0113ju aizmugur\u0113.<\/li>\n<li data-sourcepos=\"17:1-17:35\">Ieb\u016bv\u0113ts apak\u0161\u0113jais \u0101\u0137a gredzens.<\/li>\n<li data-sourcepos=\"18:1-18:49\">Regul\u0113jama \u0101\u0137a un cilpas elast\u012bga jostas vieta.<\/li>\n<li data-sourcepos=\"19:1-19:48\">Ventil\u0101cijas kabatas ar r\u0101v\u0113jsl\u0113dz\u0113jiem s\u0101nos.<\/li>\n<li data-sourcepos=\"20:1-20:37\">3 punktu no\u0146emama bik\u0161turu sist\u0113ma.<\/li>\n<li data-sourcepos=\"21:1-21:40\">Cordura ielikt\u0146i iek\u0161pus\u0113 pie pot\u012bt\u0113m.<\/li>\n<li data-sourcepos=\"22:1-22:44\">YKK Aquaguard r\u0101v\u0113jsl\u0113dz\u0113ji vis\u0101s kabat\u0101s.<\/li>\n<li data-sourcepos=\"23:1-23:21\">Artikul\u0113ti ce\u013cgali.<\/li>\n<li data-sourcepos=\"24:1-25:0\">WINDTECH v\u0113jiztur\u012bga membr\u0101na.<\/li>\n<\/ul>\n<p data-sourcepos=\"26:1-26:17\"><b>Tehnolo\u0123ijas:<\/b><\/p>\n<ul data-sourcepos=\"28:1-36:0\">\n<li data-sourcepos=\"28:1-28:35\"><b>WINDTECH:<\/b> V\u0113jiztur\u012bgi audumi.<\/li>\n<li data-sourcepos=\"29:1-29:44\"><b>HRT+:<\/b> \u016adens atgr\u016bdo\u0161s apstr\u0101des veids.<\/li>\n<li data-sourcepos=\"30:1-30:77\"><b>Graf\u0113ns:<\/b> Termoregulators, antistatisks, pretsmar\u017eas un videi draudz\u012bgs.<\/li>\n<li data-sourcepos=\"31:1-31:39\"><b>XTRETCH DYNAMIC:<\/b> Elast\u012bgi audumi.<\/li>\n<li data-sourcepos=\"32:1-32:61\"><b>YKK\u00a9:<\/b> Uzticami un augstas kvalit\u0101tes YKK r\u0101v\u0113jsl\u0113dz\u0113ji.<\/li>\n<li data-sourcepos=\"33:1-33:65\"><b>CORDURA\u00a9:<\/b> Iztur\u012bgs pret nodilumu un \u016bdens atgr\u016bdo\u0161s audums.<\/li>\n<li data-sourcepos=\"34:1-34:61\"><b>HARTWARE:<\/b> Siltuma kontrolei un komforta nodro\u0161in\u0101\u0161anai.<\/li>\n<li data-sourcepos=\"35:1-36:0\"><b>TRIPLE STITCHING:<\/b> Tr\u012bsk\u0101r\u0161\u0101s \u0161uves padara auduma savienojumu stipr\u0101ku           un iztur\u012bg\u0101ku pret pl\u012bsumiem.<\/li>\n<\/ul>\n<p data-sourcepos=\"37:1-37:12\"><b>Sast\u0101vs:<\/b><\/p>\n<ul data-sourcepos=\"39:1-42:0\">\n<li data-sourcepos=\"39:1-39:80\">\u0100r\u0113jais sl\u0101nis 1: 94% poliesters, 6% elast\u0101ns. Iek\u0161puse: PU lamin\u0113ta membr\u0101na.<\/li>\n<li data-sourcepos=\"40:1-40:33\">\u0100r\u0113jais sl\u0101nis 2: 100% neilons.<\/li>\n<li data-sourcepos=\"41:1-42:0\">Odere (lamin\u0113ta): 100% poliesters ar graf\u0113na inf\u016bziju.<\/li>\n<\/ul><\/div>\n","protected":false},"excerpt":{"rendered":"<p>Izm\u0113ra tabula HART CHAMOIS-T Bikses &#8211; V\u0113jiztur\u012bgas Mask\u0113\u0161an\u0101s Biks\u0113s Med\u012bb\u0101m M\u016bsu vismodern\u0101k\u0101s v\u0113jiztur\u012bg\u0101s elast\u012bg\u0101s bikses mask\u0113\u0161an\u0101s med\u012bb\u0101m. PIXEL FOREST kamufl\u0101\u017ea sapludina mednieka siluetu ar fonu, padarot to par vienotu turpin\u0101jumu&hellip;<\/p>\n","protected":false},"featured_media":0,"comment_status":"open","ping_status":"closed","template":"","meta":[],"product_brand":[],"product_cat":[512],"product_tag":[],"class_list":{"0":"post-59073","1":"product","2":"type-product","3":"status-publish","5":"product_cat-bikses","7":"first","8":"instock","9":"shipping-taxable","10":"product-type-variable"},"_links":{"self":[{"href":"https:\/\/huntzone.eu\/en\/wp-json\/wp\/v2\/product\/59073","targetHints":{"allow":["GET"]}}],"collection":[{"href":"https:\/\/huntzone.eu\/en\/wp-json\/wp\/v2\/product"}],"about":[{"href":"https:\/\/huntzone.eu\/en\/wp-json\/wp\/v2\/types\/product"}],"replies":[{"embeddable":true,"href":"https:\/\/huntzone.eu\/en\/wp-json\/wp\/v2\/comments?post=59073"}],"wp:attachment":[{"href":"https:\/\/huntzone.eu\/en\/wp-json\/wp\/v2\/media?parent=59073"}],"wp:term":[{"taxonomy":"product_brand","embeddable":true,"href":"https:\/\/huntzone.eu\/en\/wp-json\/wp\/v2\/product_brand?post=59073"},{"taxonomy":"product_cat","embeddable":true,"href":"https:\/\/huntzone.eu\/en\/wp-json\/wp\/v2\/product_cat?post=59073"},{"taxonomy":"product_tag","embeddable":true,"href":"https:\/\/huntzone.eu\/en\/wp-json\/wp\/v2\/product_tag?post=59073"}],"curies":[{"name":"wp","href":"https:\/\/api.w.org\/{rel}","templated":true}]}}