{"id":59074,"date":"2026-03-03T13:30:14","date_gmt":"2026-03-03T13:30:14","guid":{"rendered":"https:\/\/huntzone.eu\/product\/hart-ural-gc-cover-ul-cimdi-aizsardziba-pret-kukainiem\/"},"modified":"2026-04-17T10:26:16","modified_gmt":"2026-04-17T10:26:16","slug":"hart-ural-gc-cover-ul-cimdi-aizsardziba-pret-kukainiem","status":"publish","type":"product","link":"https:\/\/huntzone.eu\/en\/product\/hart-ural-gc-cover-ul-cimdi-aizsardziba-pret-kukainiem\/","title":{"rendered":"HART URAL-GC Cover UL Cimdi &#8211; Aizsardz\u012bba Pret Kukai\u0146iem"},"content":{"rendered":"<p data-sourcepos=\"9:1-9:60\"><strong>HART URAL-GC Cover UL Cimdi &#8211; Aizsardz\u012bba Pret Kukai\u0146iem<\/strong><\/p>\n<p data-sourcepos=\"11:1-11:248\">Aizsarg\u0101jiet savas rokas pret kukai\u0146iem ar \u0161iem Cover UL cimdiem. Izgatavoti no elast\u012bga, \u013coti elpojo\u0161a, \u0101tri \u017e\u016bsto\u0161a auduma ar Tanatex\u00ae pretkukai\u0146u (\u0113rces, odi, mu\u0161as..) apstr\u0101di. R\u0101d\u012bt\u0101jpirksts un vid\u0113jais pirksts ir apstr\u0101d\u0101ti ekr\u0101nu lieto\u0161anai.<\/p>\n<ul data-sourcepos=\"13:1-18:0\">\n<li data-sourcepos=\"13:1-13:61\">Izgatavoti no elast\u012bga, \u013coti elpojo\u0161a, \u0101tri \u017e\u016bsto\u0161a auduma.<\/li>\n<li data-sourcepos=\"14:1-14:32\">Tanatex\u00ae pretkukai\u0146u apstr\u0101de.<\/li>\n<li data-sourcepos=\"15:1-15:69\">R\u0101d\u012bt\u0101jpirksts un vid\u0113jais pirksts ir apstr\u0101d\u0101ti ekr\u0101nu lieto\u0161anai.<\/li>\n<li data-sourcepos=\"16:1-16:14\">Kr\u0101sa: Za\u013ca.<\/li>\n<\/ul>\n<p data-sourcepos=\"19:1-19:17\"><strong>Tehnolo\u0123ijas:<\/strong><\/p>\n<ul data-sourcepos=\"21:1-24:0\">\n<li data-sourcepos=\"21:1-21:47\"><strong>TANATEX:<\/strong> Pretkukai\u0146u akt\u012bvais komponents.<\/li>\n<li data-sourcepos=\"22:1-22:39\"><strong>XTRETCH DYNAMIC:<\/strong> Elast\u012bgi audumi.<\/li>\n<li data-sourcepos=\"23:1-24:0\"><strong>DRY SYSTEM:<\/strong> Mitruma novad\u012b\u0161ana, elpojam\u012bba, vieglums, \u0101tra \u017e\u016b\u0161ana.<\/li>\n<\/ul>\n<p data-sourcepos=\"25:1-25:12\"><strong>Sast\u0101vs:<\/strong><\/p>\n<ul data-sourcepos=\"27:1-28:0\">\n<li data-sourcepos=\"27:1-28:0\">\u0100r\u0113jais sl\u0101nis 1: 92% poliesters, 8% elast\u0101ns.<\/li>\n<\/ul>\n","protected":false},"excerpt":{"rendered":"<p>HART URAL-GC Cover UL Cimdi &#8211; Aizsardz\u012bba Pret Kukai\u0146iem Aizsarg\u0101jiet savas rokas pret kukai\u0146iem ar \u0161iem Cover UL cimdiem. Izgatavoti no elast\u012bga, \u013coti elpojo\u0161a, \u0101tri \u017e\u016bsto\u0161a auduma ar Tanatex\u00ae pretkukai\u0146u&hellip;<\/p>\n","protected":false},"featured_media":0,"comment_status":"open","ping_status":"closed","template":"","meta":[],"product_brand":[],"product_cat":[524],"product_tag":[],"class_list":{"0":"post-59074","1":"product","2":"type-product","3":"status-publish","5":"product_cat-cimdi","7":"first","8":"instock","9":"shipping-taxable","10":"product-type-variable"},"_links":{"self":[{"href":"https:\/\/huntzone.eu\/en\/wp-json\/wp\/v2\/product\/59074","targetHints":{"allow":["GET"]}}],"collection":[{"href":"https:\/\/huntzone.eu\/en\/wp-json\/wp\/v2\/product"}],"about":[{"href":"https:\/\/huntzone.eu\/en\/wp-json\/wp\/v2\/types\/product"}],"replies":[{"embeddable":true,"href":"https:\/\/huntzone.eu\/en\/wp-json\/wp\/v2\/comments?post=59074"}],"wp:attachment":[{"href":"https:\/\/huntzone.eu\/en\/wp-json\/wp\/v2\/media?parent=59074"}],"wp:term":[{"taxonomy":"product_brand","embeddable":true,"href":"https:\/\/huntzone.eu\/en\/wp-json\/wp\/v2\/product_brand?post=59074"},{"taxonomy":"product_cat","embeddable":true,"href":"https:\/\/huntzone.eu\/en\/wp-json\/wp\/v2\/product_cat?post=59074"},{"taxonomy":"product_tag","embeddable":true,"href":"https:\/\/huntzone.eu\/en\/wp-json\/wp\/v2\/product_tag?post=59074"}],"curies":[{"name":"wp","href":"https:\/\/api.w.org\/{rel}","templated":true}]}}