{"id":59075,"date":"2026-03-03T13:30:14","date_gmt":"2026-03-03T13:30:14","guid":{"rendered":"https:\/\/huntzone.eu\/product\/hart-urko-gl-cimdi-vejizturigi-cimdi-ar-labaku-sakeri\/"},"modified":"2026-04-17T10:26:16","modified_gmt":"2026-04-17T10:26:16","slug":"hart-urko-gl-cimdi-vejizturigi-cimdi-ar-labaku-sakeri","status":"publish","type":"product","link":"https:\/\/huntzone.eu\/en\/product\/hart-urko-gl-cimdi-vejizturigi-cimdi-ar-labaku-sakeri\/","title":{"rendered":"HART URKO-GL Cimdi &#8211; V\u0113jiztur\u012bgi Cimdi ar Lab\u0101ku Sa\u0137eri"},"content":{"rendered":"<p data-sourcepos=\"9:1-9:59\"><strong>HART URKO-GL Cimdi &#8211; V\u0113jiztur\u012bgi Cimdi ar Lab\u0101ku Sa\u0137eri<\/strong><\/p>\n<p data-sourcepos=\"11:1-11:67\">Piegu\u013co\u0161i v\u0113jiztur\u012bgi cimdi ar gumijot\u0101m plaukst\u0101m lab\u0101kai sa\u0137erei.<\/p>\n<ul data-sourcepos=\"13:1-15:0\">\n<li data-sourcepos=\"13:1-13:19\">Mikrofl\u012bsa odere.<\/li>\n<li data-sourcepos=\"14:1-15:0\">Sk\u0101rienekr\u0101na audums uz r\u0101d\u012bt\u0101jpirksta un \u012bk\u0161\u0137a.<\/li>\n<\/ul>\n<p data-sourcepos=\"16:1-16:17\"><strong>Tehnolo\u0123ijas:<\/strong><\/p>\n<ul data-sourcepos=\"18:1-19:0\">\n<li data-sourcepos=\"18:1-19:0\"><strong>WINDTECH:<\/strong> V\u0113jiztur\u012bgi audumi.<\/li>\n<\/ul>\n<p data-sourcepos=\"20:1-20:12\"><strong>Sast\u0101vs:<\/strong><\/p>\n<ul data-sourcepos=\"22:1-24:0\">\n<li data-sourcepos=\"22:1-22:80\">\u0100r\u0113jais sl\u0101nis 1: 94% poliesters, 6% elast\u0101ns. Iek\u0161puse: PU membr\u0101na lamin\u0113ta.<\/li>\n<li data-sourcepos=\"23:1-24:0\">\u0100r\u0113jais sl\u0101nis 2: 100% poliesters.<\/li>\n<\/ul>\n","protected":false},"excerpt":{"rendered":"<p>HART URKO-GL Cimdi &#8211; V\u0113jiztur\u012bgi Cimdi ar Lab\u0101ku Sa\u0137eri Piegu\u013co\u0161i v\u0113jiztur\u012bgi cimdi ar gumijot\u0101m plaukst\u0101m lab\u0101kai sa\u0137erei. Mikrofl\u012bsa odere. Sk\u0101rienekr\u0101na audums uz r\u0101d\u012bt\u0101jpirksta un \u012bk\u0161\u0137a. Tehnolo\u0123ijas: WINDTECH: V\u0113jiztur\u012bgi audumi. Sast\u0101vs:&hellip;<\/p>\n","protected":false},"featured_media":0,"comment_status":"open","ping_status":"closed","template":"","meta":[],"product_brand":[],"product_cat":[524],"product_tag":[],"class_list":{"0":"post-59075","1":"product","2":"type-product","3":"status-publish","5":"product_cat-cimdi","7":"first","8":"instock","9":"shipping-taxable","10":"product-type-variable"},"_links":{"self":[{"href":"https:\/\/huntzone.eu\/en\/wp-json\/wp\/v2\/product\/59075","targetHints":{"allow":["GET"]}}],"collection":[{"href":"https:\/\/huntzone.eu\/en\/wp-json\/wp\/v2\/product"}],"about":[{"href":"https:\/\/huntzone.eu\/en\/wp-json\/wp\/v2\/types\/product"}],"replies":[{"embeddable":true,"href":"https:\/\/huntzone.eu\/en\/wp-json\/wp\/v2\/comments?post=59075"}],"wp:attachment":[{"href":"https:\/\/huntzone.eu\/en\/wp-json\/wp\/v2\/media?parent=59075"}],"wp:term":[{"taxonomy":"product_brand","embeddable":true,"href":"https:\/\/huntzone.eu\/en\/wp-json\/wp\/v2\/product_brand?post=59075"},{"taxonomy":"product_cat","embeddable":true,"href":"https:\/\/huntzone.eu\/en\/wp-json\/wp\/v2\/product_cat?post=59075"},{"taxonomy":"product_tag","embeddable":true,"href":"https:\/\/huntzone.eu\/en\/wp-json\/wp\/v2\/product_tag?post=59075"}],"curies":[{"name":"wp","href":"https:\/\/api.w.org\/{rel}","templated":true}]}}