{"id":59077,"date":"2026-03-03T13:30:14","date_gmt":"2026-03-03T13:30:14","guid":{"rendered":"https:\/\/huntzone.eu\/product\/sytong-ht60-lrf-digitalais-temeklis\/"},"modified":"2026-03-03T13:30:14","modified_gmt":"2026-03-03T13:30:14","slug":"sytong-ht60-lrf-digitalais-temeklis","status":"publish","type":"product","link":"https:\/\/huntzone.eu\/en\/product\/sytong-ht60-lrf-digitalais-temeklis\/","title":{"rendered":"SYTONG HT60 LRF Digit\u0101lais T\u0113m\u0113klis"},"content":{"rendered":"<p><!-- Nomaksas kalkulators --> <\/p>\n<div class=\"moze-installment-box\"><\/div>\n<p> <script src=\"https:\/\/site-2464979.mozfiles.com\/files\/2464979\/kalkulators1__1_-1.js\"><\/script> <\/p>\n<h1><b><br \/><\/b><\/h1>\n<h1><b>SYTONG HT60 LRF Digit\u0101lais T\u0113m\u0113klis<\/b><\/h1>\n<p data-sourcepos=\"11:1-11:255\">Digit\u0101lais nakts redzam\u012bbas t\u0113m\u0113klis. SYTONG HT-60 6.5-13x digit\u0101lais nakts redzam\u012bbas   t\u0113m\u0113klis ir paredz\u0113ts lieto\u0161anai dienas laik\u0101 ar kr\u0101sainu dienas skatu, un nakt\u012b   ar vienu pogas spiedienu tas vienm\u0113r\u012bgi p\u0101rsl\u0113dzas uz jaud\u012bgu nakts redzam\u012bbas   t\u0113m\u0113kli.<\/p>\n<ul data-sourcepos=\"13:1-17:0\">\n<li data-sourcepos=\"13:1-13:223\">Skaidrs skats: Lielais iek\u0161\u0113jais displejs nodro\u0161ina skaidrus apk\u0101rt\u0113j\u0101s vides     att\u0113lus, un 6,5x b\u0101zes palielin\u0101jums, ko var palielin\u0101t l\u012bdz 13x ar digit\u0101lo     t\u0101lummai\u0146u, \u013cauj identific\u0113t un notvert m\u0113r\u0137us liel\u0101kos att\u0101lumos.<\/li>\n<li data-sourcepos=\"14:1-14:162\">IR infrasarkanais apgaismojums: Ieb\u016bv\u0113tais 850nm IR apgaismot\u0101js pied\u0101v\u0101 tr\u012bs     intensit\u0101tes iestat\u012bjumus un to var fokus\u0113t, lai optimiz\u0113tu tuvu vai t\u0101lu darb\u012bbu.<\/li>\n<li data-sourcepos=\"15:1-15:66\">Picatinny sliede: Vienk\u0101r\u0161a un \u0113rta mont\u0101\u017ea ar Picatinny sliedi.<\/li>\n<li data-sourcepos=\"16:1-17:0\">Iztur\u012bba: Ier\u012bce ir aizsarg\u0101ta ar IPX7 aizsardz\u012bbas klasi, var atrasties zem       \u016bdens l\u012bdz 1 metra dzi\u013cum\u0101 l\u012bdz 30 min\u016bt\u0113m. Augstas kvalit\u0101tes avi\u0101cijas       alum\u012bnija sakaus\u0113juma korpuss, iztur\u012bgs pret kritieniem un triecieniem, iztur\u012bgs       un ilgm\u016b\u017e\u012bgs, iztur\u012bgs pret augstu temperat\u016bru, aukstumu un putek\u013ciem.<\/li>\n<\/ul>\n","protected":false},"excerpt":{"rendered":"<p>SYTONG HT60 LRF Digit\u0101lais T\u0113m\u0113klis Digit\u0101lais nakts redzam\u012bbas t\u0113m\u0113klis. SYTONG HT-60 6.5-13x digit\u0101lais nakts redzam\u012bbas t\u0113m\u0113klis ir paredz\u0113ts lieto\u0161anai dienas laik\u0101 ar kr\u0101sainu dienas skatu, un nakt\u012b ar vienu pogas&hellip;<\/p>\n","protected":false},"featured_media":0,"comment_status":"open","ping_status":"closed","template":"","meta":[],"product_brand":[],"product_cat":[479],"product_tag":[],"class_list":{"0":"post-59077","1":"product","2":"type-product","3":"status-publish","5":"product_cat-nakts-redzamibas-ierices","7":"first","8":"outofstock","9":"sale","10":"shipping-taxable","11":"purchasable","12":"product-type-simple"},"_links":{"self":[{"href":"https:\/\/huntzone.eu\/en\/wp-json\/wp\/v2\/product\/59077","targetHints":{"allow":["GET"]}}],"collection":[{"href":"https:\/\/huntzone.eu\/en\/wp-json\/wp\/v2\/product"}],"about":[{"href":"https:\/\/huntzone.eu\/en\/wp-json\/wp\/v2\/types\/product"}],"replies":[{"embeddable":true,"href":"https:\/\/huntzone.eu\/en\/wp-json\/wp\/v2\/comments?post=59077"}],"wp:attachment":[{"href":"https:\/\/huntzone.eu\/en\/wp-json\/wp\/v2\/media?parent=59077"}],"wp:term":[{"taxonomy":"product_brand","embeddable":true,"href":"https:\/\/huntzone.eu\/en\/wp-json\/wp\/v2\/product_brand?post=59077"},{"taxonomy":"product_cat","embeddable":true,"href":"https:\/\/huntzone.eu\/en\/wp-json\/wp\/v2\/product_cat?post=59077"},{"taxonomy":"product_tag","embeddable":true,"href":"https:\/\/huntzone.eu\/en\/wp-json\/wp\/v2\/product_tag?post=59077"}],"curies":[{"name":"wp","href":"https:\/\/api.w.org\/{rel}","templated":true}]}}