{"id":59079,"date":"2026-03-03T13:30:15","date_gmt":"2026-03-03T13:30:15","guid":{"rendered":"https:\/\/huntzone.eu\/product\/hart-ibice-c-cepure-maskesanas-medibu-cepure\/"},"modified":"2026-04-17T10:26:10","modified_gmt":"2026-04-17T10:26:10","slug":"hart-ibice-c-cepure-maskesanas-medibu-cepure","status":"publish","type":"product","link":"https:\/\/huntzone.eu\/en\/product\/hart-ibice-c-cepure-maskesanas-medibu-cepure\/","title":{"rendered":"HART IBICE-C Cepure &#8211; Mask\u0113\u0161an\u0101s Med\u012bbu Cepure"},"content":{"rendered":"<p data-sourcepos=\"9:1-9:50\"><strong><\/strong><\/p>\n<p data-sourcepos=\"9:1-9:50\"><strong>HART IBICE-C Cepure &#8211; Mask\u0113\u0161an\u0101s Med\u012bbu Cepure<\/strong><\/p>\n<p data-sourcepos=\"11:1-11:157\">Zema trok\u0161\u0146a mask\u0113\u0161an\u0101s med\u012bbu cepure ar HRT+ \u016bdens atgr\u016bdo\u0161u apstr\u0101di un graf\u0113na oderi, lai uzlabotu termoregul\u0101ciju. Siksni\u0146a aizmugur\u0113 labam piegul\u0113\u0161anai.<\/p>\n<ul data-sourcepos=\"13:1-18:0\">\n<li data-sourcepos=\"13:1-13:33\">Zema trok\u0161\u0146a mask\u0113\u0161an\u0101s cepure.<\/li>\n<li data-sourcepos=\"14:1-14:32\">HRT+ \u016bdens atgr\u016bdo\u0161a apstr\u0101de.<\/li>\n<li data-sourcepos=\"15:1-15:33\">Graf\u0113na odere termoregul\u0101cijai.<\/li>\n<li data-sourcepos=\"16:1-16:34\">Siksni\u0146a aizmugur\u0113 piegul\u0113\u0161anai.<\/li>\n<li data-sourcepos=\"17:1-18:0\">Izm\u0113rs: Viens izm\u0113rs.<\/li>\n<\/ul>\n<p data-sourcepos=\"19:1-19:17\"><strong>Tehnolo\u0123ijas:<\/strong><\/p>\n<ul data-sourcepos=\"21:1-24:0\">\n<li data-sourcepos=\"21:1-21:44\"><strong>HRT+:<\/strong> \u016adens atgr\u016bdo\u0161s apstr\u0101des veids.<\/li>\n<li data-sourcepos=\"22:1-22:77\"><strong>Graf\u0113ns:<\/strong> Termoregulators, antistatisks, pretsmar\u017eas un videi draudz\u012bgs.<\/li>\n<li data-sourcepos=\"23:1-24:0\"><strong>HARTWARE:<\/strong> Siltuma kontrolei un komforta nodro\u0161in\u0101\u0161anai.<\/li>\n<\/ul>\n<p data-sourcepos=\"25:1-25:12\"><strong>Sast\u0101vs:<\/strong><\/p>\n<ul data-sourcepos=\"27:1-29:0\">\n<li data-sourcepos=\"27:1-27:48\">\u0100r\u0113jais sl\u0101nis 1: 94% poliesters, 6% elast\u0101ns.<\/li>\n<li data-sourcepos=\"28:1-29:0\">Odere 1: 100% poliesters.<\/li>\n<\/ul>\n<p data-sourcepos=\"11:1-11:157\">\n","protected":false},"excerpt":{"rendered":"<p>HART IBICE-C Cepure &#8211; Mask\u0113\u0161an\u0101s Med\u012bbu Cepure Zema trok\u0161\u0146a mask\u0113\u0161an\u0101s med\u012bbu cepure ar HRT+ \u016bdens atgr\u016bdo\u0161u apstr\u0101di un graf\u0113na oderi, lai uzlabotu termoregul\u0101ciju. Siksni\u0146a aizmugur\u0113 labam piegul\u0113\u0161anai. Zema trok\u0161\u0146a mask\u0113\u0161an\u0101s&hellip;<\/p>\n","protected":false},"featured_media":0,"comment_status":"open","ping_status":"closed","template":"","meta":[],"product_brand":[],"product_cat":[525],"product_tag":[],"class_list":{"0":"post-59079","1":"product","2":"type-product","3":"status-publish","5":"product_cat-cepures-un-sejas-maskas","7":"first","8":"instock","9":"shipping-taxable","10":"purchasable","11":"product-type-simple"},"_links":{"self":[{"href":"https:\/\/huntzone.eu\/en\/wp-json\/wp\/v2\/product\/59079","targetHints":{"allow":["GET"]}}],"collection":[{"href":"https:\/\/huntzone.eu\/en\/wp-json\/wp\/v2\/product"}],"about":[{"href":"https:\/\/huntzone.eu\/en\/wp-json\/wp\/v2\/types\/product"}],"replies":[{"embeddable":true,"href":"https:\/\/huntzone.eu\/en\/wp-json\/wp\/v2\/comments?post=59079"}],"wp:attachment":[{"href":"https:\/\/huntzone.eu\/en\/wp-json\/wp\/v2\/media?parent=59079"}],"wp:term":[{"taxonomy":"product_brand","embeddable":true,"href":"https:\/\/huntzone.eu\/en\/wp-json\/wp\/v2\/product_brand?post=59079"},{"taxonomy":"product_cat","embeddable":true,"href":"https:\/\/huntzone.eu\/en\/wp-json\/wp\/v2\/product_cat?post=59079"},{"taxonomy":"product_tag","embeddable":true,"href":"https:\/\/huntzone.eu\/en\/wp-json\/wp\/v2\/product_tag?post=59079"}],"curies":[{"name":"wp","href":"https:\/\/api.w.org\/{rel}","templated":true}]}}