{"id":59080,"date":"2026-03-03T13:30:15","date_gmt":"2026-03-03T13:30:15","guid":{"rendered":"https:\/\/huntzone.eu\/product\/hart-ural-fm-kakla-tunelis-balaklava-maskesanas-apgerbs\/"},"modified":"2026-04-17T10:26:10","modified_gmt":"2026-04-17T10:26:10","slug":"hart-ural-fm-kakla-tunelis-balaklava-maskesanas-apgerbs","status":"publish","type":"product","link":"https:\/\/huntzone.eu\/en\/product\/hart-ural-fm-kakla-tunelis-balaklava-maskesanas-apgerbs\/","title":{"rendered":"HART URAL-FM Kakla tunelis\/Balaklava &#8211; Mask\u0113\u0161an\u0101s Ap\u0123\u0113rbs"},"content":{"rendered":"<p data-sourcepos=\"9:1-9:53\"><strong>HART URAL-FM Kakla tunelis\/Balaklava &#8211; Mask\u0113\u0161an\u0101s Ap\u0123\u0113rbs<\/strong><\/p>\n<p data-sourcepos=\"11:1-11:239\">Saglab\u0101jiet savu galvu un seju mask\u0113tu ar \u0161o PIXEL FOREST kamufl\u0101\u017eas elast\u012bgo kakla ap\u0123\u0113rbu, ko var p\u0101rveidot par balaklavu. Izgatavots no elast\u012bga, \u013coti elpojo\u0161a, \u0101tri \u017e\u016bsto\u0161a auduma ar Tanatex\u00ae pretkukai\u0146u (\u0113rces, odi, mu\u0161as..) apstr\u0101di.<\/p>\n<ul data-sourcepos=\"13:1-19:0\">\n<li data-sourcepos=\"13:1-13:57\">Elast\u012bgs kakla ap\u0123\u0113rbs, ko var p\u0101rveidot par balaklavu.<\/li>\n<li data-sourcepos=\"14:1-14:25\">PIXEL FOREST kamufl\u0101\u017ea.<\/li>\n<li data-sourcepos=\"15:1-15:32\">Tanatex\u00ae pretkukai\u0146u apstr\u0101de.<\/li>\n<li data-sourcepos=\"16:1-16:44\">Elast\u012bgs, elpojo\u0161s un \u0101tri \u017e\u016bsto\u0161s audums.<\/li>\n<li data-sourcepos=\"17:1-17:23\">Izm\u0113rs: Viens izm\u0113rs.<\/li>\n<li data-sourcepos=\"18:1-19:0\">Kr\u0101sa: Pixel Forest (Pikse\u013cu me\u017es).<\/li>\n<\/ul>\n<p data-sourcepos=\"20:1-20:17\"><strong>Tehnolo\u0123ijas:<\/strong><\/p>\n<ul data-sourcepos=\"22:1-25:0\">\n<li data-sourcepos=\"22:1-22:47\"><strong>TANATEX:<\/strong> Pretkukai\u0146u akt\u012bvais komponents.<\/li>\n<li data-sourcepos=\"23:1-23:39\"><strong>XTRETCH DYNAMIC:<\/strong> Elast\u012bgi audumi.<\/li>\n<li data-sourcepos=\"24:1-25:0\"><strong>DRY SYSTEM:<\/strong> Mitruma novad\u012b\u0161ana, elpojam\u012bba, vieglums, \u0101tra \u017e\u016b\u0161ana.<\/li>\n<\/ul>\n<p data-sourcepos=\"26:1-26:12\"><strong>Sast\u0101vs:<\/strong><\/p>\n<ul data-sourcepos=\"28:1-29:0\">\n<li data-sourcepos=\"28:1-29:0\">\u0100r\u0113jais sl\u0101nis 1: 92% poliesters, 8% elast\u0101ns.<\/li>\n<\/ul>\n","protected":false},"excerpt":{"rendered":"<p>HART URAL-FM Kakla tunelis\/Balaklava &#8211; Mask\u0113\u0161an\u0101s Ap\u0123\u0113rbs Saglab\u0101jiet savu galvu un seju mask\u0113tu ar \u0161o PIXEL FOREST kamufl\u0101\u017eas elast\u012bgo kakla ap\u0123\u0113rbu, ko var p\u0101rveidot par balaklavu. Izgatavots no elast\u012bga, \u013coti&hellip;<\/p>\n","protected":false},"featured_media":0,"comment_status":"open","ping_status":"closed","template":"","meta":[],"product_brand":[],"product_cat":[525],"product_tag":[],"class_list":{"0":"post-59080","1":"product","2":"type-product","3":"status-publish","5":"product_cat-cepures-un-sejas-maskas","7":"first","8":"instock","9":"shipping-taxable","10":"purchasable","11":"product-type-simple"},"_links":{"self":[{"href":"https:\/\/huntzone.eu\/en\/wp-json\/wp\/v2\/product\/59080","targetHints":{"allow":["GET"]}}],"collection":[{"href":"https:\/\/huntzone.eu\/en\/wp-json\/wp\/v2\/product"}],"about":[{"href":"https:\/\/huntzone.eu\/en\/wp-json\/wp\/v2\/types\/product"}],"replies":[{"embeddable":true,"href":"https:\/\/huntzone.eu\/en\/wp-json\/wp\/v2\/comments?post=59080"}],"wp:attachment":[{"href":"https:\/\/huntzone.eu\/en\/wp-json\/wp\/v2\/media?parent=59080"}],"wp:term":[{"taxonomy":"product_brand","embeddable":true,"href":"https:\/\/huntzone.eu\/en\/wp-json\/wp\/v2\/product_brand?post=59080"},{"taxonomy":"product_cat","embeddable":true,"href":"https:\/\/huntzone.eu\/en\/wp-json\/wp\/v2\/product_cat?post=59080"},{"taxonomy":"product_tag","embeddable":true,"href":"https:\/\/huntzone.eu\/en\/wp-json\/wp\/v2\/product_tag?post=59080"}],"curies":[{"name":"wp","href":"https:\/\/api.w.org\/{rel}","templated":true}]}}