{"id":59081,"date":"2026-03-03T13:30:15","date_gmt":"2026-03-03T13:30:15","guid":{"rendered":"https:\/\/huntzone.eu\/product\/hart-pursuit-c-cepure-silta-flisa-cepure\/"},"modified":"2026-04-17T10:26:10","modified_gmt":"2026-04-17T10:26:10","slug":"hart-pursuit-c-cepure-silta-flisa-cepure","status":"publish","type":"product","link":"https:\/\/huntzone.eu\/en\/product\/hart-pursuit-c-cepure-silta-flisa-cepure\/","title":{"rendered":"HART PURSUIT-C Cepure &#8211; Silt\u0101 Fl\u012bsa Cepure"},"content":{"rendered":"<p data-sourcepos=\"9:1-9:46\"><strong>HART PURSUIT-C Cepure &#8211; Silt\u0101 Fl\u012bsa Cepure<\/strong><\/p>\n<p data-sourcepos=\"11:1-11:132\">Izgatavota no viegla, elpojo\u0161a un tom\u0113r \u013coti silta re\u017e\u0123a fl\u012bsa, cepure ir piel\u0101gota, lai lieliski ietilptu jebkur\u0101 ausu aizsardz\u012bb\u0101.<\/p>\n<ul data-sourcepos=\"13:1-16:0\">\n<li data-sourcepos=\"13:1-13:54\">Izgatavota no viegla, elpojo\u0161a un silta re\u017e\u0123a fl\u012bsa.<\/li>\n<li data-sourcepos=\"14:1-14:41\">Piel\u0101gota ausu aizsardz\u012bbas lieto\u0161anai.<\/li>\n<li data-sourcepos=\"15:1-16:0\">Izm\u0113rs: Viens izm\u0113rs.<\/li>\n<\/ul>\n<p data-sourcepos=\"17:1-17:17\"><strong>Tehnolo\u0123ijas:<\/strong><\/p>\n<ul data-sourcepos=\"19:1-20:0\">\n<li data-sourcepos=\"19:1-20:0\"><strong>XTRETCH DYNAMIC:<\/strong> Elast\u012bgi audumi.<\/li>\n<\/ul>\n<p data-sourcepos=\"21:1-21:12\"><strong>Sast\u0101vs:<\/strong><\/p>\n<ul data-sourcepos=\"23:1-24:0\">\n<li data-sourcepos=\"23:1-24:0\">\u0100r\u0113jais sl\u0101nis 1: 100% poliesters.<\/li>\n<\/ul>\n","protected":false},"excerpt":{"rendered":"<p>HART PURSUIT-C Cepure &#8211; Silt\u0101 Fl\u012bsa Cepure Izgatavota no viegla, elpojo\u0161a un tom\u0113r \u013coti silta re\u017e\u0123a fl\u012bsa, cepure ir piel\u0101gota, lai lieliski ietilptu jebkur\u0101 ausu aizsardz\u012bb\u0101. Izgatavota no viegla, elpojo\u0161a&hellip;<\/p>\n","protected":false},"featured_media":0,"comment_status":"open","ping_status":"closed","template":"","meta":[],"product_brand":[],"product_cat":[525],"product_tag":[],"class_list":{"0":"post-59081","1":"product","2":"type-product","3":"status-publish","5":"product_cat-cepures-un-sejas-maskas","7":"first","8":"instock","9":"shipping-taxable","10":"purchasable","11":"product-type-simple"},"_links":{"self":[{"href":"https:\/\/huntzone.eu\/en\/wp-json\/wp\/v2\/product\/59081","targetHints":{"allow":["GET"]}}],"collection":[{"href":"https:\/\/huntzone.eu\/en\/wp-json\/wp\/v2\/product"}],"about":[{"href":"https:\/\/huntzone.eu\/en\/wp-json\/wp\/v2\/types\/product"}],"replies":[{"embeddable":true,"href":"https:\/\/huntzone.eu\/en\/wp-json\/wp\/v2\/comments?post=59081"}],"wp:attachment":[{"href":"https:\/\/huntzone.eu\/en\/wp-json\/wp\/v2\/media?parent=59081"}],"wp:term":[{"taxonomy":"product_brand","embeddable":true,"href":"https:\/\/huntzone.eu\/en\/wp-json\/wp\/v2\/product_brand?post=59081"},{"taxonomy":"product_cat","embeddable":true,"href":"https:\/\/huntzone.eu\/en\/wp-json\/wp\/v2\/product_cat?post=59081"},{"taxonomy":"product_tag","embeddable":true,"href":"https:\/\/huntzone.eu\/en\/wp-json\/wp\/v2\/product_tag?post=59081"}],"curies":[{"name":"wp","href":"https:\/\/api.w.org\/{rel}","templated":true}]}}