{"id":59085,"date":"2026-03-03T13:30:16","date_gmt":"2026-03-03T13:30:16","guid":{"rendered":"https:\/\/huntzone.eu\/product\/ragnar-harald-tier2-plaksnu-vestes-komplekts\/"},"modified":"2026-03-03T13:30:16","modified_gmt":"2026-03-03T13:30:16","slug":"ragnar-harald-tier2-plaksnu-vestes-komplekts","status":"publish","type":"product","link":"https:\/\/huntzone.eu\/en\/product\/ragnar-harald-tier2-plaksnu-vestes-komplekts\/","title":{"rendered":"RAGNAR HARALD TIER2 pl\u0101k\u0161\u0146u vestes komplekts"},"content":{"rendered":"<p><!-- Nomaksas kalkulators ar pareizu cenas nolas\u012b\u0161anu no .moze-price --> <\/p>\n<div style=\"max-width: 320px; padding: 15px; border: 1px solid #ccc; border-radius: 10px; font-family: Arial, sans-serif; font-size: 14px; background-color: #333333;\">\n<h3 style=\"color: white;\" class=\"moze-center\">Nomaksas kalkulators<\/h3>\n<div style=\"margin-bottom: 10px;\" class=\"moze-center\">     <img decoding=\"async\" src=\"https:\/\/site-2464979.mozfiles.com\/files\/2464979\/ESTO_hp_LV.png\" alt=\"ESTO logo\" style=\"max-width: 120px; height: auto; display: block; margin: 0 auto;\">   <\/div>\n<div id=\"amountVal\" style=\"margin-bottom: 10px; color: white;\" class=\"moze-center\">Cena tiek iel\u0101d\u0113ta&#8230;<\/div>\n<p>    <label for=\"months\" style=\"color:white;\">Termi\u0146\u0161 (m\u0113ne\u0161i):<\/label>   <input type=\"range\" id=\"months\" min=\"0\" max=\"6\" step=\"1\" value=\"1\" style=\"width: 100%;\">   <\/p>\n<div id=\"monthsVal\" style=\"margin-bottom: 10px; color: white;\">12 m\u0113ne\u0161i<\/div>\n<div id=\"result\" style=\"font-weight: bold; margin-bottom: 10px; color: white;\" class=\"moze-center\"><\/div>\n<p style=\"font-size: 12px; color: rgb(204, 204, 204);\" class=\"moze-center\">\u0160is ir informat\u012bvs ikm\u0113ne\u0161a maks\u0101jums un tas var at\u0161\u0137irties no J\u016bsu pied\u0101v\u0101juma.<\/p>\n<\/p><\/div>\n<p>  <script>   const monthOptions = [6, 12, 18, 24, 36, 48, 60];   const monthsInput = document.getElementById('months');   const amountVal = document.getElementById('amountVal');   const monthsVal = document.getElementById('monthsVal');   let amount = 0;    function calculateInstallment() {     const months = monthOptions[parseInt(monthsInput.value)];     const annualRate = 20;     const monthlyRate = annualRate \/ 12 \/ 100;     const monthlyPayment = (amount * monthlyRate) \/ (1 - Math.pow(1 + monthlyRate, -months));     const result = isFinite(monthlyPayment) ? monthlyPayment.toFixed(2) : 'K\u013c\u016bda datus';     document.getElementById('result').innerText = `Aptuvenais maks\u0101jums: \u20ac${result}\/m\u0113n.`;   }    function updateValues() {     monthsVal.innerText = `${monthOptions[parseInt(monthsInput.value)]} m\u0113ne\u0161i`;     calculateInstallment();   }    monthsInput.addEventListener('input', updateValues);    \/\/ Uzlabots cenas nolas\u012bt\u0101js no .moze-price (ar t\u016bksto\u0161u atdal\u012bt\u0101jiem)   window.addEventListener('DOMContentLoaded', () => {     const priceElement = document.querySelector('.moze-price');     if (priceElement) {       const rawText = priceElement.innerText         .replace(\/.\/g, '')        \/\/ no\u0146em t\u016bksto\u0161u punktus         .replace(',', '.')         \/\/ komatu p\u0101rv\u0113r\u0161 par decim\u0101lpunktu         .replace(\/[^d.]\/g, '');   \/\/ izt\u012bra simbolus        amount = parseFloat(rawText);       if (!isNaN(amount)) {         amountVal.innerText = `${amount.toFixed(2)} \u20ac`;         calculateInstallment();       } else {         amountVal.innerText = 'Cena nav pieejama';       }     } else {       amountVal.innerText = 'Cena nav atrasta';     }   }); <\/script>  <\/p>\n<p data-start=\"366\" data-end=\"485\"><span class=\"relative -mx-px my-[-0.2rem] rounded px-px py-[0.2rem] transition-colors duration-100 ease-in-out\">RAGNAR HARALD TIER2 ir piln\u012bb\u0101 komplekt\u0113ts pl\u0101k\u0161\u0146u vestes risin\u0101jums, kas izstr\u0101d\u0101ts tie\u0161as darb\u012bbas oper\u0101cij\u0101m, nodro\u0161inot operatoram uzlabotu komfortu, mobilit\u0101ti un apr\u012bkojuma konfigur\u0101cijas iesp\u0113jas.<\/span> <span class=\"relative -mx-px my-[-0.2rem] rounded px-px py-[0.2rem] transition-colors duration-100 ease-in-out\">Komplekts ir da\u013ca no Valhalla sist\u0113mas, kas \u013cauj liel\u0101ku sader\u012bbu ar citiem m\u016bsu sist\u0113mas elementiem vai citu z\u012bmolu apr\u012bkojumu, atkar\u012bb\u0101 no operatora vajadz\u012bb\u0101m vai uzdevuma.<\/span><\/p>\n<p data-start=\"487\" data-end=\"510\"><b data-start=\"487\" data-end=\"510\">Komplekt\u0101 ietilpst:<\/b><\/p>\n<ul data-start=\"512\" data-end=\"723\">\n<li data-start=\"512\" data-end=\"551\" class=\"\">\n<p data-start=\"514\" data-end=\"551\"><span class=\"relative -mx-px my-[-0.2rem] rounded px-px py-[0.2rem] transition-colors duration-100 ease-in-out\">HARALD priek\u0161\u0113j\u0101 pl\u0101k\u0161\u0146u vestes da\u013ca (Coyote\/Multicam)<\/span><\/p>\n<\/li>\n<li data-start=\"552\" data-end=\"593\" class=\"\">\n<p data-start=\"554\" data-end=\"593\"><span class=\"relative -mx-px my-[-0.2rem] rounded px-px py-[0.2rem] transition-colors duration-100 ease-in-out\">HARALD aizmugur\u0113j\u0101 pl\u0101k\u0161\u0146u vestes da\u013ca (Coyote\/Multicam)<\/span><\/p>\n<\/li>\n<li data-start=\"594\" data-end=\"635\" class=\"\">\n<p data-start=\"596\" data-end=\"635\"><span class=\"relative -mx-px my-[-0.2rem] rounded px-px py-[0.2rem] transition-colors duration-100 ease-in-out\">Sigurd s\u0101nu josta (Coyote\/Multicam)<\/span><\/p>\n<\/li>\n<li data-start=\"636\" data-end=\"723\" class=\"\">\n<p data-start=\"638\" data-end=\"723\"><span class=\"relative -mx-px my-[-0.2rem] rounded px-px py-[0.2rem] transition-colors duration-100 ease-in-out\">Snorri administrat\u012bv\u0101 soma (Coyote\/Multicam)<\/span><\/p>\n<\/li>\n<\/ul>\n<p data-start=\"725\" data-end=\"747\"><b data-start=\"725\" data-end=\"747\">Galven\u0101s \u012bpa\u0161\u012bbas:<\/b><\/p>\n<ul data-start=\"749\" data-end=\"965\">\n<li data-start=\"749\" data-end=\"806\" class=\"\">\n<p data-start=\"751\" data-end=\"806\"><b data-start=\"751\" data-end=\"766\">Mobilit\u0101te:<\/b> <span class=\"relative -mx-px my-[-0.2rem] rounded px-px py-[0.2rem] transition-colors duration-100 ease-in-out\">Izmantoti tr\u012bs materi\u0101li \u2013 MultiCam\u00ae sieta audums, augstas veiktsp\u0113jas elast\u012bgais audums un 1000D neilona audums \u2013 nodro\u0161ina liel\u0101ku piel\u0101go\u0161anos pl\u0101ksnei un operatora \u0137ermenim.<\/span><\/p>\n<\/li>\n<li data-start=\"807\" data-end=\"860\" class=\"\">\n<p data-start=\"809\" data-end=\"860\"><b data-start=\"809\" data-end=\"820\">Izm\u0113rs:<\/b> <span class=\"relative -mx-px my-[-0.2rem] rounded px-px py-[0.2rem] transition-colors duration-100 ease-in-out\">Minim\u0101listisks griezums un dizains, kas maksim\u0101li piel\u0101gojas balistisk\u0101s pl\u0101ksnes ergonomikai, pateicoties elast\u012bgaj\u0101m s\u0101nu josl\u0101m, kas nov\u0113r\u0161 kust\u012bbu skrienot vai veicot p\u0113k\u0161\u0146as kust\u012bbas.<\/span><\/p>\n<\/li>\n<li data-start=\"861\" data-end=\"965\" class=\"\">\n<p data-start=\"863\" data-end=\"965\"><b data-start=\"863\" data-end=\"879\">Daudzpus\u012bba:<\/b> <span class=\"relative -mx-px my-[-0.2rem] rounded px-px py-[0.2rem] transition-colors duration-100 ease-in-out\">Valhalla sist\u0113ma \u013cauj lietot\u0101jam izveidot da\u017e\u0101das pl\u0101k\u0161\u0146u vestes vai kr\u016b\u0161u apr\u012bkojuma konfigur\u0101cijas atkar\u012bb\u0101 no katra profesion\u0101\u013ca specifiskaj\u0101m vajadz\u012bb\u0101m un vi\u0146u misijas.<\/span><\/p>\n<\/li>\n<\/ul>\n<p data-start=\"967\" data-end=\"996\"><b data-start=\"967\" data-end=\"996\">Tehnisk\u0101s specifik\u0101cijas:<\/b><\/p>\n<ul data-start=\"998\" data-end=\"1379\">\n<li data-start=\"998\" data-end=\"1039\" class=\"\">\n<p data-start=\"1000\" data-end=\"1039\"><span class=\"relative -mx-px my-[-0.2rem] rounded px-px py-[0.2rem] transition-colors duration-100 ease-in-out\">Sader\u012bgs ar SAPI M-stila pl\u0101ksn\u0113m<\/span><\/p>\n<\/li>\n<li data-start=\"1040\" data-end=\"1081\" class=\"\">\n<p data-start=\"1042\" data-end=\"1081\"><span class=\"relative -mx-px my-[-0.2rem] rounded px-px py-[0.2rem] transition-colors duration-100 ease-in-out\">Laser cut MOLLE sist\u0113ma<\/span><\/p>\n<\/li>\n<li data-start=\"1082\" data-end=\"1123\" class=\"\">\n<p data-start=\"1084\" data-end=\"1123\"><span class=\"relative -mx-px my-[-0.2rem] rounded px-px py-[0.2rem] transition-colors duration-100 ease-in-out\">Velcro siksnas plecos augstuma regul\u0113\u0161anai<\/span><\/p>\n<\/li>\n<li data-start=\"1124\" data-end=\"1165\" class=\"\">\n<p data-start=\"1126\" data-end=\"1165\"><span class=\"relative -mx-px my-[-0.2rem] rounded px-px py-[0.2rem] transition-colors duration-100 ease-in-out\">Aug\u0161\u0113j\u0101 iek\u0161\u0113j\u0101 kabata dokumentiem<\/span><\/p>\n<\/li>\n<li data-start=\"1166\" data-end=\"1207\" class=\"\">\n<p data-start=\"1168\" data-end=\"1207\"><span class=\"relative -mx-px my-[-0.2rem] rounded px-px py-[0.2rem] transition-colors duration-100 ease-in-out\">YKK ori\u0123in\u0101lais r\u0101v\u0113jsl\u0113dz\u0113js<\/span><\/p>\n<\/li>\n<li data-start=\"1208\" data-end=\"1249\" class=\"\">\n<p data-start=\"1210\" data-end=\"1249\"><span class=\"relative -mx-px my-[-0.2rem] rounded px-px py-[0.2rem] transition-colors duration-100 ease-in-out\">Paracord r\u0101v\u0113jsl\u0113dz\u0113ja rokturis ar siltuma nosl\u0113guma apdari klus\u0101kai darb\u012bbai<\/span><\/p>\n<\/li>\n<li data-start=\"1250\" data-end=\"1291\" class=\"\">\n<p data-start=\"1252\" data-end=\"1291\"><span class=\"relative -mx-px my-[-0.2rem] rounded px-px py-[0.2rem] transition-colors duration-100 ease-in-out\">S\u0101nu joslas no elast\u012bga auduma lab\u0101kai piel\u0101go\u0161anai da\u017e\u0101d\u0101m pl\u0101ksn\u0113m<\/span><\/p>\n<\/li>\n<li data-start=\"1292\" data-end=\"1379\" class=\"\">\n<p data-start=\"1294\" data-end=\"1379\"><span class=\"relative -mx-px my-[-0.2rem] rounded px-px py-[0.2rem] transition-colors duration-100 ease-in-out\">Rokturi \u0101tr\u0101kai piek\u013cuvei pl\u0101ksnes nodal\u012bjumam<\/span><\/p>\n<\/li>\n<\/ul>\n","protected":false},"excerpt":{"rendered":"<p>Nomaksas kalkulators Cena tiek iel\u0101d\u0113ta&#8230; Termi\u0146\u0161 (m\u0113ne\u0161i): 12 m\u0113ne\u0161i \u0160is ir informat\u012bvs ikm\u0113ne\u0161a maks\u0101jums un tas var at\u0161\u0137irties no J\u016bsu pied\u0101v\u0101juma. RAGNAR HARALD TIER2 ir piln\u012bb\u0101 komplekt\u0113ts pl\u0101k\u0161\u0146u vestes risin\u0101jums,&hellip;<\/p>\n","protected":false},"featured_media":0,"comment_status":"open","ping_status":"closed","template":"","meta":[],"product_brand":[],"product_cat":[523],"product_tag":[],"class_list":{"0":"post-59085","1":"product","2":"type-product","3":"status-publish","5":"product_cat-uzkabes","7":"first","8":"instock","9":"shipping-taxable","10":"purchasable","11":"product-type-simple"},"_links":{"self":[{"href":"https:\/\/huntzone.eu\/en\/wp-json\/wp\/v2\/product\/59085","targetHints":{"allow":["GET"]}}],"collection":[{"href":"https:\/\/huntzone.eu\/en\/wp-json\/wp\/v2\/product"}],"about":[{"href":"https:\/\/huntzone.eu\/en\/wp-json\/wp\/v2\/types\/product"}],"replies":[{"embeddable":true,"href":"https:\/\/huntzone.eu\/en\/wp-json\/wp\/v2\/comments?post=59085"}],"wp:attachment":[{"href":"https:\/\/huntzone.eu\/en\/wp-json\/wp\/v2\/media?parent=59085"}],"wp:term":[{"taxonomy":"product_brand","embeddable":true,"href":"https:\/\/huntzone.eu\/en\/wp-json\/wp\/v2\/product_brand?post=59085"},{"taxonomy":"product_cat","embeddable":true,"href":"https:\/\/huntzone.eu\/en\/wp-json\/wp\/v2\/product_cat?post=59085"},{"taxonomy":"product_tag","embeddable":true,"href":"https:\/\/huntzone.eu\/en\/wp-json\/wp\/v2\/product_tag?post=59085"}],"curies":[{"name":"wp","href":"https:\/\/api.w.org\/{rel}","templated":true}]}}