{"id":59098,"date":"2026-03-03T13:30:18","date_gmt":"2026-03-03T13:30:18","guid":{"rendered":"https:\/\/huntzone.eu\/product\/rtc-norden-6-medibu-zabaki-udensizturigi-un-elpojosi-adas-zabaki\/"},"modified":"2026-03-03T17:28:42","modified_gmt":"2026-03-03T17:28:42","slug":"rtc-norden-6-medibu-zabaki-udensizturigi-un-elpojosi-adas-zabaki","status":"publish","type":"product","link":"https:\/\/huntzone.eu\/en\/product\/rtc-norden-6-medibu-zabaki-udensizturigi-un-elpojosi-adas-zabaki\/","title":{"rendered":"RTC Norden 6 Med\u012bbu z\u0101baki \u2013 \u016adensiztur\u012bgi un elpojo\u0161i \u0101das z\u0101baki"},"content":{"rendered":"<p><!-- Izm\u0113ra tabula --> <\/p>\n<style>   .popup-container { position: relative; }   .popup-image-multi {     display: none;     position: fixed;     z-index: 9999;     top: 0;     left: 0;     width: 100vw;     height: 100vh;     overflow-y: scroll;     background-color: rgba(0, 0, 0, 0.4);     padding: 20px;     box-sizing: border-box;   }   .popup-image-multi img {     display: block;     max-width: 90%;     margin: 20px auto;     border: 4px solid white;     box-shadow: 0 0 20px black;     cursor: pointer;   } <\/style>\n<div class=\"popup-container\">\n<p><\/p>\n<div class=\"popup-image-multi\" id=\"popup-img-multi\" onclick=\"this.style.display='none'\">     <img decoding=\"async\" src=\"https:\/\/site-2464979.mozfiles.com\/files\/2464979\/HART_IZMERU_TABULA.jpg\" alt=\"Izm\u0113ra tabula\">   <\/div>\n<\/p><\/div>\n<h2>Apraksts<\/h2>\n<p><b>RTC Norden 6<\/b> med\u012bbu z\u0101baki (br\u016bni) ir iztur\u012bgi vid\u0113ja augstuma \u0101das z\u0101baki, kas nodro\u0161ina aizsardz\u012bbu un komfortu jebkuros laikapst\u0101k\u013cos.<\/p>\n<p>Izgatavoti no 1.8 mm it\u0101\u013cu nubuka \u0101das ar <b>Osmotech<\/b> membr\u0101nu, tie ir piln\u012bb\u0101 \u016bdensnecaurlaid\u012bgi un labi elpojo\u0161i. Tr\u012bsk\u0101r\u0161i pastiprin\u0101t\u0101 zole un purngala aizsardz\u012bba nodro\u0161ina ilgm\u016b\u017e\u012bbu. Anatomiski veidota PU putu iek\u0161zole ar antibakteri\u0101lu sieti\u0146u mazina smaku veido\u0161anos. Svars \u2013 tikai ap 680 g.<\/p>\n<h3>Galven\u0101s \u012bpa\u0161\u012bbas<\/h3>\n<ul>\n<li>\u016adens- un v\u0113ja necaurlaid\u012bgi (Osmotech membr\u0101na)<\/li>\n<li>It\u0101\u013cu nubuka \u0101da<\/li>\n<li>Tr\u012bsk\u0101r\u0161i pastiprin\u0101ta zole<\/li>\n<li>Antibakteri\u0101la anatomiska iek\u0161zole<\/li>\n<li>Iztur\u012bgi un klusi \u2013 piem\u0113roti akt\u012bv\u0101m med\u012bb\u0101m<\/li>\n<\/ul>\n<h3>Sast\u0101vs<\/h3>\n<ul>\n<li>Virs\u0113jais materi\u0101ls: nubuka \u0101da, 100% poliesters<\/li>\n<li>Oder\u0113jums: Osmotech PLUS membr\u0101na<\/li>\n<li>Iek\u0161zole: PE<\/li>\n<li>Zole: PU, EVA, gumija<\/li>\n<\/ul>\n","protected":false},"excerpt":{"rendered":"<p>Apraksts RTC Norden 6 med\u012bbu z\u0101baki (br\u016bni) ir iztur\u012bgi vid\u0113ja augstuma \u0101das z\u0101baki, kas nodro\u0161ina aizsardz\u012bbu un komfortu jebkuros laikapst\u0101k\u013cos. Izgatavoti no 1.8 mm it\u0101\u013cu nubuka \u0101das ar Osmotech membr\u0101nu,&hellip;<\/p>\n","protected":false},"featured_media":0,"comment_status":"open","ping_status":"closed","template":"","meta":[],"product_brand":[],"product_cat":[527],"product_tag":[],"class_list":{"0":"post-59098","1":"product","2":"type-product","3":"status-publish","5":"product_cat-apavi","7":"first","8":"instock","9":"shipping-taxable","10":"product-type-variable"},"_links":{"self":[{"href":"https:\/\/huntzone.eu\/en\/wp-json\/wp\/v2\/product\/59098","targetHints":{"allow":["GET"]}}],"collection":[{"href":"https:\/\/huntzone.eu\/en\/wp-json\/wp\/v2\/product"}],"about":[{"href":"https:\/\/huntzone.eu\/en\/wp-json\/wp\/v2\/types\/product"}],"replies":[{"embeddable":true,"href":"https:\/\/huntzone.eu\/en\/wp-json\/wp\/v2\/comments?post=59098"}],"wp:attachment":[{"href":"https:\/\/huntzone.eu\/en\/wp-json\/wp\/v2\/media?parent=59098"}],"wp:term":[{"taxonomy":"product_brand","embeddable":true,"href":"https:\/\/huntzone.eu\/en\/wp-json\/wp\/v2\/product_brand?post=59098"},{"taxonomy":"product_cat","embeddable":true,"href":"https:\/\/huntzone.eu\/en\/wp-json\/wp\/v2\/product_cat?post=59098"},{"taxonomy":"product_tag","embeddable":true,"href":"https:\/\/huntzone.eu\/en\/wp-json\/wp\/v2\/product_tag?post=59098"}],"curies":[{"name":"wp","href":"https:\/\/api.w.org\/{rel}","templated":true}]}}