{"id":59105,"date":"2026-03-03T13:30:23","date_gmt":"2026-03-03T13:30:23","guid":{"rendered":"https:\/\/huntzone.eu\/product\/lyman-case-trim-xpress-caulu-apgriezejs-atrs-un-precizs-instruments\/"},"modified":"2026-03-24T18:00:44","modified_gmt":"2026-03-24T18:00:44","slug":"lyman-case-trim-xpress-caulu-apgriezejs-atrs-un-precizs-instruments","status":"publish","type":"product","link":"https:\/\/huntzone.eu\/en\/product\/lyman-case-trim-xpress-caulu-apgriezejs-atrs-un-precizs-instruments\/","title":{"rendered":"Lyman Case Trim Xpress \u010daulu apgriez\u0113js \u2013 \u0100trs un prec\u012bzs instruments"},"content":{"rendered":"<p><b>Apraksts:<\/b><br \/>\nLyman Case Trim Xpress ir \u010daulu apgriez\u0113js, kas apvieno \u0101trumu un precizit\u0101ti \u2013 ide\u0101li piem\u0113rots p\u0101rl\u0101d\u0113t\u0101jiem, kuri v\u0113las ietaup\u012bt laiku, nezaud\u0113jot kvalit\u0101ti. Apr\u012bkots ar main\u0101mu \u0101truma motoru un iztur\u012bgu karb\u012bda griezni, tas nodro\u0161ina l\u012bdz pat 15 \u010daulu apgriezumiem min\u016bt\u0113. Pateicoties iek\u013cautajiem 10 buks\u0113m, tas piem\u0113rots liel\u0101kajai da\u013cai pude\u013cveida patronu. Garumu var prec\u012bzi regul\u0113t pa 0.001&#8243;. Nav nepiecie\u0161ami vado\u0161ie uzga\u013ci!<\/p>\n<ul>\n<li>\u0100tra un prec\u012bza apstr\u0101de \u2013 l\u012bdz 15 \u010daul\u0101m min\u016bt\u0113<\/li>\n<li>Ieb\u016bv\u0113ts motors ar main\u0101mu \u0101trumu<\/li>\n<li>Karb\u012bda griez\u0113js ar ilgu kalpo\u0161anas laiku<\/li>\n<li>Regul\u0101cija pa 0.001&#8243; soli<\/li>\n<li>10 bukses iek\u013cautas komplekt\u0101<\/li>\n<li>Kompakts un zema profila dizains<\/li>\n<li>Piem\u0113rots tikai pude\u013cveida \u010daul\u0101m<\/li>\n<\/ul>\n","protected":false},"excerpt":{"rendered":"<p>Apraksts: Lyman Case Trim Xpress ir \u010daulu apgriez\u0113js, kas apvieno \u0101trumu un precizit\u0101ti \u2013 ide\u0101li piem\u0113rots p\u0101rl\u0101d\u0113t\u0101jiem, kuri v\u0113las ietaup\u012bt laiku, nezaud\u0113jot kvalit\u0101ti. Apr\u012bkots ar main\u0101mu \u0101truma motoru un iztur\u012bgu&hellip;<\/p>\n","protected":false},"featured_media":74616,"comment_status":"open","ping_status":"closed","template":"","meta":[],"product_brand":[],"product_cat":[529],"product_tag":[],"class_list":{"0":"post-59105","1":"product","2":"type-product","3":"status-publish","4":"has-post-thumbnail","6":"product_cat-ladesanas-aksesuari","8":"first","9":"onbackorder","10":"shipping-taxable","11":"purchasable","12":"product-type-simple"},"_links":{"self":[{"href":"https:\/\/huntzone.eu\/en\/wp-json\/wp\/v2\/product\/59105","targetHints":{"allow":["GET"]}}],"collection":[{"href":"https:\/\/huntzone.eu\/en\/wp-json\/wp\/v2\/product"}],"about":[{"href":"https:\/\/huntzone.eu\/en\/wp-json\/wp\/v2\/types\/product"}],"replies":[{"embeddable":true,"href":"https:\/\/huntzone.eu\/en\/wp-json\/wp\/v2\/comments?post=59105"}],"wp:featuredmedia":[{"embeddable":true,"href":"https:\/\/huntzone.eu\/en\/wp-json\/wp\/v2\/media\/74616"}],"wp:attachment":[{"href":"https:\/\/huntzone.eu\/en\/wp-json\/wp\/v2\/media?parent=59105"}],"wp:term":[{"taxonomy":"product_brand","embeddable":true,"href":"https:\/\/huntzone.eu\/en\/wp-json\/wp\/v2\/product_brand?post=59105"},{"taxonomy":"product_cat","embeddable":true,"href":"https:\/\/huntzone.eu\/en\/wp-json\/wp\/v2\/product_cat?post=59105"},{"taxonomy":"product_tag","embeddable":true,"href":"https:\/\/huntzone.eu\/en\/wp-json\/wp\/v2\/product_tag?post=59105"}],"curies":[{"name":"wp","href":"https:\/\/api.w.org\/{rel}","templated":true}]}}