{"id":59106,"date":"2026-03-03T13:30:23","date_gmt":"2026-03-03T13:30:23","guid":{"rendered":"https:\/\/huntzone.eu\/product\/frankford-arsenal-rotary-tumbler-jaudigs-caulu-tiritajs-ar-terauda-skaidam\/"},"modified":"2026-03-24T18:00:53","modified_gmt":"2026-03-24T18:00:53","slug":"frankford-arsenal-rotary-tumbler-jaudigs-caulu-tiritajs-ar-terauda-skaidam","status":"publish","type":"product","link":"https:\/\/huntzone.eu\/en\/product\/frankford-arsenal-rotary-tumbler-jaudigs-caulu-tiritajs-ar-terauda-skaidam\/","title":{"rendered":"Frankford Arsenal Rotary Tumbler \u2013 Jaud\u012bgs \u010daulu t\u012br\u012bt\u0101js ar t\u0113rauda skaid\u0101m"},"content":{"rendered":"<div>\n<h3>\ud83d\udfe9 Frankford Arsenal Rotary Tumbler \u2013 Jaud\u012bgs \u010daulu t\u012br\u012bt\u0101js ar t\u0113rauda skaid\u0101m<\/h3>\n<p>Frankford Arsenal\u00ae Platinum Series Rotary Tumbler pace\u013c \u010daulu t\u012br\u012b\u0161anu jaun\u0101 l\u012bmen\u012b. Rot\u0113jo\u0161s cilindrs kop\u0101 ar t\u0113rauda skaid\u0101m un \u0161\u0137idrumu izt\u012bra \u010daulas daudz r\u016bp\u012bg\u0101k nek\u0101 ultraska\u0146as vai vibr\u0101cijas metodes.<\/p>\n<ul>\n<li>T\u0113rauda skaidu skalo\u0161ana iek\u013c\u016bst gr\u016bti aizsniedzam\u0101s viet\u0101s \u2013 ar\u012b aizdedzin\u0101t\u0101ja ligzd\u0101<\/li>\n<li>Liels tilpums \u2013 l\u012bdz 1000 gab. .223 kalibra \u010daul\u0101m<\/li>\n<li>Ieb\u016bv\u0113ts taimeris (0\u20133 stundas) ar autom\u0101tisku izsl\u0113g\u0161anos<\/li>\n<li>Tvertnes iek\u0161pus\u0113 \u2013 gumijas p\u0101rkl\u0101jums trok\u0161\u0146u sl\u0101p\u0113\u0161anai<\/li>\n<li>Komplekt\u0101 5 m\u0101rci\u0146as (2,27 kg) ner\u016bs\u0113jo\u0161\u0101s t\u0113rauda skaidas (304) un t\u012br\u012b\u0161anas \u0161\u0137\u012bduma paraugs<\/li>\n<li>Iek\u013cauti sietveida v\u0101ki t\u0113rauda skaidu atdal\u012b\u0161anai p\u0113c t\u012br\u012b\u0161anas<\/li>\n<\/ul>\n<p>Kapacit\u0101te: 7 litri. Kr\u0101sa: Pel\u0113ka. Svars: 8.9 kg.<\/p>\n<\/div>\n","protected":false},"excerpt":{"rendered":"<p>\ud83d\udfe9 Frankford Arsenal Rotary Tumbler \u2013 Jaud\u012bgs \u010daulu t\u012br\u012bt\u0101js ar t\u0113rauda skaid\u0101m Frankford Arsenal\u00ae Platinum Series Rotary Tumbler pace\u013c \u010daulu t\u012br\u012b\u0161anu jaun\u0101 l\u012bmen\u012b. Rot\u0113jo\u0161s cilindrs kop\u0101 ar t\u0113rauda skaid\u0101m un&hellip;<\/p>\n","protected":false},"featured_media":74631,"comment_status":"open","ping_status":"closed","template":"","meta":[],"product_brand":[],"product_cat":[529],"product_tag":[],"class_list":{"0":"post-59106","1":"product","2":"type-product","3":"status-publish","4":"has-post-thumbnail","6":"product_cat-ladesanas-aksesuari","8":"first","9":"onbackorder","10":"shipping-taxable","11":"purchasable","12":"product-type-simple"},"_links":{"self":[{"href":"https:\/\/huntzone.eu\/en\/wp-json\/wp\/v2\/product\/59106","targetHints":{"allow":["GET"]}}],"collection":[{"href":"https:\/\/huntzone.eu\/en\/wp-json\/wp\/v2\/product"}],"about":[{"href":"https:\/\/huntzone.eu\/en\/wp-json\/wp\/v2\/types\/product"}],"replies":[{"embeddable":true,"href":"https:\/\/huntzone.eu\/en\/wp-json\/wp\/v2\/comments?post=59106"}],"wp:featuredmedia":[{"embeddable":true,"href":"https:\/\/huntzone.eu\/en\/wp-json\/wp\/v2\/media\/74631"}],"wp:attachment":[{"href":"https:\/\/huntzone.eu\/en\/wp-json\/wp\/v2\/media?parent=59106"}],"wp:term":[{"taxonomy":"product_brand","embeddable":true,"href":"https:\/\/huntzone.eu\/en\/wp-json\/wp\/v2\/product_brand?post=59106"},{"taxonomy":"product_cat","embeddable":true,"href":"https:\/\/huntzone.eu\/en\/wp-json\/wp\/v2\/product_cat?post=59106"},{"taxonomy":"product_tag","embeddable":true,"href":"https:\/\/huntzone.eu\/en\/wp-json\/wp\/v2\/product_tag?post=59106"}],"curies":[{"name":"wp","href":"https:\/\/api.w.org\/{rel}","templated":true}]}}