{"id":59107,"date":"2026-03-03T13:30:23","date_gmt":"2026-03-03T13:30:23","guid":{"rendered":"https:\/\/huntzone.eu\/product\/rcbs-case-preparation-kit-komplekts-viss-nepieciesamais-caulu-sagatavosanai-viena-komplekta\/"},"modified":"2026-03-24T18:01:05","modified_gmt":"2026-03-24T18:01:05","slug":"rcbs-case-preparation-kit-komplekts-viss-nepieciesamais-caulu-sagatavosanai-viena-komplekta","status":"publish","type":"product","link":"https:\/\/huntzone.eu\/en\/product\/rcbs-case-preparation-kit-komplekts-viss-nepieciesamais-caulu-sagatavosanai-viena-komplekta\/","title":{"rendered":"RCBS Case Preparation Kit komplekts \u2013 Viss nepiecie\u0161amais \u010daulu sagatavo\u0161anai vien\u0101 komplekt\u0101"},"content":{"rendered":"<\/h3>\n<p><b>RCBS Case Preparation Kit<\/b> ir visaptvero\u0161s komplekts \u010daulu sagatavo\u0161anai, kas nodro\u0161ina visu nepiecie\u0161amo p\u0101rl\u0101d\u0113\u0161anas entuziastiem vien\u0101 \u0113rt\u0101 komplekt\u0101cij\u0101.<\/p>\n<ul>\n<li>Univers\u0101lais \u010daulu bloks Brass Boss<\/li>\n<li>Allen atsl\u0113gu komplekts<\/li>\n<li>Manu\u0101lais \u010daulu griez\u0113js<\/li>\n<li>Manu\u0101lais aizdedzes kapsulu ievieto\u0161anas instruments<\/li>\n<li>Case Slick sm\u0113rviela aerosola form\u0101<\/li>\n<li>Prec\u012bzs ner\u016bs\u0113jo\u0161\u0101 t\u0113rauda \u0161uvm\u0113rs (kalipers)<\/li>\n<\/ul>\n<p>\u0160is komplekts ir ide\u0101li piem\u0113rots tiem, kuri v\u0113las augst\u0101k\u0101 l\u012bme\u0146a precizit\u0101ti \u010daulu apstr\u0101d\u0113. Ra\u017eots ASV.<\/p>\n","protected":false},"excerpt":{"rendered":"<p>RCBS Case Preparation Kit ir visaptvero\u0161s komplekts \u010daulu sagatavo\u0161anai, kas nodro\u0161ina visu nepiecie\u0161amo p\u0101rl\u0101d\u0113\u0161anas entuziastiem vien\u0101 \u0113rt\u0101 komplekt\u0101cij\u0101. Univers\u0101lais \u010daulu bloks Brass Boss Allen atsl\u0113gu komplekts Manu\u0101lais \u010daulu griez\u0113js Manu\u0101lais&hellip;<\/p>\n","protected":false},"featured_media":74638,"comment_status":"open","ping_status":"closed","template":"","meta":[],"product_brand":[],"product_cat":[529],"product_tag":[],"class_list":{"0":"post-59107","1":"product","2":"type-product","3":"status-publish","4":"has-post-thumbnail","6":"product_cat-ladesanas-aksesuari","8":"first","9":"onbackorder","10":"shipping-taxable","11":"purchasable","12":"product-type-simple"},"_links":{"self":[{"href":"https:\/\/huntzone.eu\/en\/wp-json\/wp\/v2\/product\/59107","targetHints":{"allow":["GET"]}}],"collection":[{"href":"https:\/\/huntzone.eu\/en\/wp-json\/wp\/v2\/product"}],"about":[{"href":"https:\/\/huntzone.eu\/en\/wp-json\/wp\/v2\/types\/product"}],"replies":[{"embeddable":true,"href":"https:\/\/huntzone.eu\/en\/wp-json\/wp\/v2\/comments?post=59107"}],"wp:featuredmedia":[{"embeddable":true,"href":"https:\/\/huntzone.eu\/en\/wp-json\/wp\/v2\/media\/74638"}],"wp:attachment":[{"href":"https:\/\/huntzone.eu\/en\/wp-json\/wp\/v2\/media?parent=59107"}],"wp:term":[{"taxonomy":"product_brand","embeddable":true,"href":"https:\/\/huntzone.eu\/en\/wp-json\/wp\/v2\/product_brand?post=59107"},{"taxonomy":"product_cat","embeddable":true,"href":"https:\/\/huntzone.eu\/en\/wp-json\/wp\/v2\/product_cat?post=59107"},{"taxonomy":"product_tag","embeddable":true,"href":"https:\/\/huntzone.eu\/en\/wp-json\/wp\/v2\/product_tag?post=59107"}],"curies":[{"name":"wp","href":"https:\/\/api.w.org\/{rel}","templated":true}]}}