{"id":59141,"date":"2026-03-03T13:30:32","date_gmt":"2026-03-03T13:30:32","guid":{"rendered":"https:\/\/huntzone.eu\/product\/hart-entry-18-nl-gumijas-zabaki-universali-zabaki-lietainiem-laikapstakliem\/"},"modified":"2026-03-03T17:28:40","modified_gmt":"2026-03-03T17:28:40","slug":"hart-entry-18-nl-gumijas-zabaki-universali-zabaki-lietainiem-laikapstakliem","status":"publish","type":"product","link":"https:\/\/huntzone.eu\/en\/product\/hart-entry-18-nl-gumijas-zabaki-universali-zabaki-lietainiem-laikapstakliem\/","title":{"rendered":"HART ENTRY 18&#8243; NL gumijas z\u0101baki \u2013 Univers\u0101li z\u0101baki lietainiem laikapst\u0101k\u013ciem"},"content":{"rendered":"<p><!-- Nomaksas kalkulators --> <\/p>\n<div class=\"moze-installment-box\"><\/div>\n<p> <script src=\"https:\/\/site-2464979.mozfiles.com\/files\/2464979\/kalkulators1__1_-1.js\"><\/script>  <\/p>\n<p><b>HART ENTRY 18&#8243; NL gumijas z\u0101baki<\/b> \u2013 18 collu \u016bdensnecaurlaid\u012bgi z\u0101baki ar 4 mm neopr\u0113na oderi. Apr\u012bkoti ar s\u0101nu aizdari un regul\u0113jamu siksnu \u0113rtai piel\u0101go\u0161anai.<\/p>\n<h3>Galven\u0101s \u012bpa\u0161\u012bbas:<\/h3>\n<ul>\n<li>Lieliski piem\u0113roti lieto\u0161anai visa gada garum\u0101 \u2013 med\u012bb\u0101m, su\u0146u dres\u016brai un akt\u012bvai atp\u016btai.<\/li>\n<li>Optim\u0101ls l\u012bdzsvars starp siltumizol\u0101ciju, komfortu un iztur\u012bbu.<\/li>\n<li>AT zole (<b>ALL TERRAIN<\/b>) \u2013 nodro\u0161ina sa\u0137eri dub\u013cainos un slapjos apvidos.<\/li>\n<li>Regul\u0113jama siksna un uzlika ar ieloci \u2013 \u0113rtai uzvilk\u0161anai un piel\u0101go\u0161anai.<\/li>\n<\/ul>\n<h3>Sast\u0101vs:<\/h3>\n<ul>\n<li>Virspuse: 100% \u016bdensiztur\u012bgs vulkaniz\u0113ts gumijas savienojums (55% dab\u012bgais kau\u010duks).<\/li>\n<li>Oder\u0113jums: 4.0 mm neopr\u0113ns + 100% neilons.<\/li>\n<li>Zol\u012bte: Hart EVA (HEF).<\/li>\n<li>Starpzole: Fibre shank.<\/li>\n<li>Zole: Hart ALL TERRAIN (AT).<\/li>\n<li>Svars: 1175 g (izm\u0113rs 43 EUR).<\/li>\n<\/ul>\n","protected":false},"excerpt":{"rendered":"<p>HART ENTRY 18&#8243; NL gumijas z\u0101baki \u2013 18 collu \u016bdensnecaurlaid\u012bgi z\u0101baki ar 4 mm neopr\u0113na oderi. Apr\u012bkoti ar s\u0101nu aizdari un regul\u0113jamu siksnu \u0113rtai piel\u0101go\u0161anai. Galven\u0101s \u012bpa\u0161\u012bbas: Lieliski piem\u0113roti lieto\u0161anai&hellip;<\/p>\n","protected":false},"featured_media":0,"comment_status":"open","ping_status":"closed","template":"","meta":[],"product_brand":[],"product_cat":[527],"product_tag":[],"class_list":{"0":"post-59141","1":"product","2":"type-product","3":"status-publish","5":"product_cat-apavi","7":"first","8":"instock","9":"shipping-taxable","10":"product-type-variable"},"_links":{"self":[{"href":"https:\/\/huntzone.eu\/en\/wp-json\/wp\/v2\/product\/59141","targetHints":{"allow":["GET"]}}],"collection":[{"href":"https:\/\/huntzone.eu\/en\/wp-json\/wp\/v2\/product"}],"about":[{"href":"https:\/\/huntzone.eu\/en\/wp-json\/wp\/v2\/types\/product"}],"replies":[{"embeddable":true,"href":"https:\/\/huntzone.eu\/en\/wp-json\/wp\/v2\/comments?post=59141"}],"wp:attachment":[{"href":"https:\/\/huntzone.eu\/en\/wp-json\/wp\/v2\/media?parent=59141"}],"wp:term":[{"taxonomy":"product_brand","embeddable":true,"href":"https:\/\/huntzone.eu\/en\/wp-json\/wp\/v2\/product_brand?post=59141"},{"taxonomy":"product_cat","embeddable":true,"href":"https:\/\/huntzone.eu\/en\/wp-json\/wp\/v2\/product_cat?post=59141"},{"taxonomy":"product_tag","embeddable":true,"href":"https:\/\/huntzone.eu\/en\/wp-json\/wp\/v2\/product_tag?post=59141"}],"curies":[{"name":"wp","href":"https:\/\/api.w.org\/{rel}","templated":true}]}}