{"id":59143,"date":"2026-03-03T13:30:32","date_gmt":"2026-03-03T13:30:32","guid":{"rendered":"https:\/\/huntzone.eu\/product\/hart-skywalker-18-nl-gumijas-zabaki-supervieglie-zabaki-ar-grafena-oderi-un-augstu-komfortu\/"},"modified":"2026-03-03T17:28:40","modified_gmt":"2026-03-03T17:28:40","slug":"hart-skywalker-18-nl-gumijas-zabaki-supervieglie-zabaki-ar-grafena-oderi-un-augstu-komfortu","status":"publish","type":"product","link":"https:\/\/huntzone.eu\/en\/product\/hart-skywalker-18-nl-gumijas-zabaki-supervieglie-zabaki-ar-grafena-oderi-un-augstu-komfortu\/","title":{"rendered":"HART SKYWALKER 18&#8243; NL gumijas z\u0101baki \u2013 Supervieglie z\u0101baki ar graf\u0113na oderi un augstu komfortu"},"content":{"rendered":"<p><!-- Nomaksas kalkulators --> <\/p>\n<div class=\"moze-installment-box\"><\/div>\n<p> <script src=\"https:\/\/site-2464979.mozfiles.com\/files\/2464979\/kalkulators1__1_-1.js\"><\/script>  <\/p>\n<p><b>HART SKYWALKER 18&#8243; NL gumijas z\u0101baki<\/b> \u2013 superviegli 18 collu augsti z\u0101baki medniekiem, ar neopr\u0113na stulmi un gumijas pastiprin\u0101jumiem ap p\u0113du. S\u0101nu aizdare ar kroku un regul\u0113jamu siksnu.<\/p>\n<h3>Funkcijas un priek\u0161roc\u012bbas:<\/h3>\n<ul>\n<li>Vulkanoz\u0113ti no 78% dab\u012bg\u0101 kau\u010duka un EPDM polim\u0113ra \u2013 izcila nodilumiztur\u012bba un komforts.<\/li>\n<li><b>HAX-Support<\/b> \u2013 papildu balsts pap\u0113\u017ea un pot\u012btes zon\u0101 dro\u0161\u0101kai gaitai.<\/li>\n<li><b>LWAT zole<\/b> \u2013 \u012bpa\u0161i veidota sa\u0137erei ar apledoju\u0161u zemi vai dub\u013ciem.<\/li>\n<li><b>CRADLE viduszole<\/b> \u2013 optim\u0101ls l\u012bdzsvars starp m\u012bkstumu un balstu.<\/li>\n<li><b>GDF zol\u012bte<\/b> \u2013 g\u0113la b\u0101zes iek\u0161zole stabilai un \u0113rtai gaitai.<\/li>\n<li>Oder\u0113jums: SCR neopr\u0113ns + <b>graf\u0113na sl\u0101nis<\/b> \u2013 termoregul\u0101cija, anti-smakas efekts un ilgtsp\u0113ja.<\/li>\n<\/ul>\n<h3>Sast\u0101vs:<\/h3>\n<ul>\n<li>Virspuse: 4.5 mm neopr\u0113ns + vulkaniz\u0113ts 78% dab\u012bgais kau\u010duks (EPDM).<\/li>\n<li>Oder\u0113jums: 4.5 mm neopr\u0113ns + 40% graf\u0113ns, 40% t\u0113rils, 20% elast\u0101ns.<\/li>\n<li>Zol\u012bte: Hart Gel Dynamic Footbed (GDF).<\/li>\n<li>Zole: Hart LONGWALK ADVANCED TRACTION (LWAT).<\/li>\n<li>Svars: 995 g (izm\u0113rs 43 EUR).<\/li>\n<\/ul>\n","protected":false},"excerpt":{"rendered":"<p>HART SKYWALKER 18&#8243; NL gumijas z\u0101baki \u2013 superviegli 18 collu augsti z\u0101baki medniekiem, ar neopr\u0113na stulmi un gumijas pastiprin\u0101jumiem ap p\u0113du. S\u0101nu aizdare ar kroku un regul\u0113jamu siksnu. Funkcijas un&hellip;<\/p>\n","protected":false},"featured_media":0,"comment_status":"open","ping_status":"closed","template":"","meta":[],"product_brand":[],"product_cat":[527],"product_tag":[],"class_list":{"0":"post-59143","1":"product","2":"type-product","3":"status-publish","5":"product_cat-apavi","7":"first","8":"instock","9":"shipping-taxable","10":"product-type-variable"},"_links":{"self":[{"href":"https:\/\/huntzone.eu\/en\/wp-json\/wp\/v2\/product\/59143","targetHints":{"allow":["GET"]}}],"collection":[{"href":"https:\/\/huntzone.eu\/en\/wp-json\/wp\/v2\/product"}],"about":[{"href":"https:\/\/huntzone.eu\/en\/wp-json\/wp\/v2\/types\/product"}],"replies":[{"embeddable":true,"href":"https:\/\/huntzone.eu\/en\/wp-json\/wp\/v2\/comments?post=59143"}],"wp:attachment":[{"href":"https:\/\/huntzone.eu\/en\/wp-json\/wp\/v2\/media?parent=59143"}],"wp:term":[{"taxonomy":"product_brand","embeddable":true,"href":"https:\/\/huntzone.eu\/en\/wp-json\/wp\/v2\/product_brand?post=59143"},{"taxonomy":"product_cat","embeddable":true,"href":"https:\/\/huntzone.eu\/en\/wp-json\/wp\/v2\/product_cat?post=59143"},{"taxonomy":"product_tag","embeddable":true,"href":"https:\/\/huntzone.eu\/en\/wp-json\/wp\/v2\/product_tag?post=59143"}],"curies":[{"name":"wp","href":"https:\/\/api.w.org\/{rel}","templated":true}]}}