{"id":59146,"date":"2026-03-03T13:30:32","date_gmt":"2026-03-03T13:30:32","guid":{"rendered":"https:\/\/huntzone.eu\/product\/hart-trakai-18-nz-gumijas-zabaki-izturigi-zabaki-ar-neoprena-oderi-un-sanu-ravejsledzeju\/"},"modified":"2026-03-03T17:28:42","modified_gmt":"2026-03-03T17:28:42","slug":"hart-trakai-18-nz-gumijas-zabaki-izturigi-zabaki-ar-neoprena-oderi-un-sanu-ravejsledzeju","status":"publish","type":"product","link":"https:\/\/huntzone.eu\/en\/product\/hart-trakai-18-nz-gumijas-zabaki-izturigi-zabaki-ar-neoprena-oderi-un-sanu-ravejsledzeju\/","title":{"rendered":"HART TRAKAI 18&#8243; NZ gumijas z\u0101baki \u2013 Iztur\u012bgi z\u0101baki ar neopr\u0113na oderi un s\u0101nu r\u0101v\u0113jsl\u0113dz\u0113ju"},"content":{"rendered":"<p><!-- Nomaksas kalkulators --> <\/p>\n<div class=\"moze-installment-box\"><\/div>\n<p> <script src=\"https:\/\/site-2464979.mozfiles.com\/files\/2464979\/kalkulators1__1_-1.js\"><\/script>  <\/p>\n<p><b>HART TRAKAI 18&#8243; NZ gumijas z\u0101baki<\/b> \u2013 18 collu augsti, \u016bdensnecaurlaid\u012bgi gumijas z\u0101baki ar 4.5 mm neopr\u0113na oder\u0113jumu un s\u0101nu r\u0101v\u0113jsl\u0113dz\u0113ju \u0113rtai uzvilk\u0161anai.<\/p>\n<h3>Funkcijas un priek\u0161roc\u012bbas:<\/h3>\n<ul>\n<li>Vulkanoz\u0113ts EPDM un dab\u012bg\u0101 kau\u010duka savienojums (62%) \u2013 augsta nodilumiztur\u012bba un elast\u012bba.<\/li>\n<li>Stiprin\u0101ti pap\u0113\u017ea un purngala laukumi \u2013 papildu aizsardz\u012bba un ilgm\u016b\u017e\u012bba.<\/li>\n<li>4.5 mm SBR neopr\u0113na oder\u0113jums \u2013 efekt\u012bva siltumizol\u0101cija aukstos laikapst\u0101k\u013cos.<\/li>\n<li><b>GDF zol\u012bte<\/b> \u2013 g\u0113la pamatne optim\u0101lai amortiz\u0101cijai un stabilit\u0101tei.<\/li>\n<li><b>MHP zole<\/b> \u2013 izstr\u0101d\u0101ta ide\u0101lai sa\u0137erei ar dub\u013cain\u0101m virsm\u0101m, bet nepiel\u012bp pie z\u0101baka.<\/li>\n<\/ul>\n<h3>Sast\u0101vs:<\/h3>\n<ul>\n<li>Virspuse: vulkaniz\u0113ts gumijas savienojums ar 62% dab\u012bgo kau\u010duku (EPDM).<\/li>\n<li>Oder\u0113jums: 4.5 mm neopr\u0113ns + 100% neilons.<\/li>\n<li>Zol\u012bte: Hart Gel Dynamic Footbed (GDF).<\/li>\n<li>Starplika: Fiber shank.<\/li>\n<li>Zole: Hart MUD HARTWARE PLUS (MHP).<\/li>\n<li>Svars: 1268 g (izm\u0113rs 43 EUR).<\/li>\n<\/ul>\n","protected":false},"excerpt":{"rendered":"<p>HART TRAKAI 18&#8243; NZ gumijas z\u0101baki \u2013 18 collu augsti, \u016bdensnecaurlaid\u012bgi gumijas z\u0101baki ar 4.5 mm neopr\u0113na oder\u0113jumu un s\u0101nu r\u0101v\u0113jsl\u0113dz\u0113ju \u0113rtai uzvilk\u0161anai. Funkcijas un priek\u0161roc\u012bbas: Vulkanoz\u0113ts EPDM un dab\u012bg\u0101&hellip;<\/p>\n","protected":false},"featured_media":0,"comment_status":"open","ping_status":"closed","template":"","meta":[],"product_brand":[],"product_cat":[527],"product_tag":[],"class_list":{"0":"post-59146","1":"product","2":"type-product","3":"status-publish","5":"product_cat-apavi","7":"first","8":"outofstock","9":"shipping-taxable","10":"product-type-variable"},"_links":{"self":[{"href":"https:\/\/huntzone.eu\/en\/wp-json\/wp\/v2\/product\/59146","targetHints":{"allow":["GET"]}}],"collection":[{"href":"https:\/\/huntzone.eu\/en\/wp-json\/wp\/v2\/product"}],"about":[{"href":"https:\/\/huntzone.eu\/en\/wp-json\/wp\/v2\/types\/product"}],"replies":[{"embeddable":true,"href":"https:\/\/huntzone.eu\/en\/wp-json\/wp\/v2\/comments?post=59146"}],"wp:attachment":[{"href":"https:\/\/huntzone.eu\/en\/wp-json\/wp\/v2\/media?parent=59146"}],"wp:term":[{"taxonomy":"product_brand","embeddable":true,"href":"https:\/\/huntzone.eu\/en\/wp-json\/wp\/v2\/product_brand?post=59146"},{"taxonomy":"product_cat","embeddable":true,"href":"https:\/\/huntzone.eu\/en\/wp-json\/wp\/v2\/product_cat?post=59146"},{"taxonomy":"product_tag","embeddable":true,"href":"https:\/\/huntzone.eu\/en\/wp-json\/wp\/v2\/product_tag?post=59146"}],"curies":[{"name":"wp","href":"https:\/\/api.w.org\/{rel}","templated":true}]}}