{"id":59156,"date":"2026-03-03T13:30:33","date_gmt":"2026-03-03T13:30:33","guid":{"rendered":"https:\/\/huntzone.eu\/product\/hart-trekmates-trenk-gtx-cepure-udensdrosa-un-elpojosa-gore-tex-cepure\/"},"modified":"2026-04-17T10:26:18","modified_gmt":"2026-04-17T10:26:18","slug":"hart-trekmates-trenk-gtx-cepure-udensdrosa-un-elpojosa-gore-tex-cepure","status":"publish","type":"product","link":"https:\/\/huntzone.eu\/en\/product\/hart-trekmates-trenk-gtx-cepure-udensdrosa-un-elpojosa-gore-tex-cepure\/","title":{"rendered":"HART TREKMATES TRENK GTX Cepure \u2013 \u016adensdro\u0161a un elpojo\u0161a GORE-TEX cepure"},"content":{"rendered":"<p><!-- Izm\u0113ra tabula --> <\/p>\n<style>   .popup-container { position: relative; }   .popup-image-multi {     display: none;     position: fixed;     z-index: 9999;     top: 0;     left: 0;     width: 100vw;     height: 100vh;     overflow-y: scroll;     background-color: rgba(0, 0, 0, 0.4);     padding: 20px;     box-sizing: border-box;   }   .popup-image-multi img {     display: block;     max-width: 90%;     margin: 20px auto;     border: 4px solid white;     box-shadow: 0 0 20px black;     cursor: pointer;   } <\/style>\n<div class=\"popup-container\">\n<p><b><a href=\"#\" onclick=\"document.getElementById('popup-img-multi').style.display='block'; return false;\">Izm\u0113ra tabula<\/a><\/b><\/p>\n<div class=\"popup-image-multi\" id=\"popup-img-multi\" onclick=\"this.style.display='none'\">     <img decoding=\"async\" src=\"https:\/\/site-2464979.mozfiles.com\/files\/2464979\/HART_IZMERU_TABULA.jpg?1744800324\" alt=\"Izm\u0113ra tabula\">   <\/div>\n<\/p><\/div>\n<h2>Apraksts<\/h2>\n<p><b>HART TREKMATES TRENK GTX<\/b> ir klasiska viegla cepure ar GORE-TEX membr\u0101nu un tr\u012bsk\u0101r\u0161u loc\u012bjumu nagu, kas nodro\u0161ina efekt\u012bvu aizsardz\u012bbu pret mitrumu un v\u0113ju. Elpojo\u0161ais oder\u0113jums un elast\u012bg\u0101 aizmugure garant\u0113 komfortu visas dienas garum\u0101.<\/p>\n<h3>Tehnolo\u0123ijas<\/h3>\n<ul>\n<li><b>GORE-TEX\u00ae<\/b> \u2013 \u016bdensdro\u0161s, v\u0113ju necaurlaid\u012bgs un elpojo\u0161s materi\u0101ls.<\/li>\n<li><b>GORE-SEAM\u00ae TAPE<\/b> \u2013 \u0161uvju aizsardz\u012bbai un papildu mitruma izol\u0101cijai.<\/li>\n<\/ul>\n<h3>Sast\u0101vs<\/h3>\n<ul>\n<li>Apvalks 1: 100% poliesters<\/li>\n<li>Iek\u0161puse: 62% ePTFE, 38% neilons<\/li>\n<li>Naga iek\u0161puse: 100% polietil\u0113ns<\/li>\n<li>Oder\u0113jums: 100% poliesters<\/li>\n<\/ul>\n","protected":false},"excerpt":{"rendered":"<p>Izm\u0113ra tabula Apraksts HART TREKMATES TRENK GTX ir klasiska viegla cepure ar GORE-TEX membr\u0101nu un tr\u012bsk\u0101r\u0161u loc\u012bjumu nagu, kas nodro\u0161ina efekt\u012bvu aizsardz\u012bbu pret mitrumu un v\u0113ju. Elpojo\u0161ais oder\u0113jums un elast\u012bg\u0101&hellip;<\/p>\n","protected":false},"featured_media":0,"comment_status":"open","ping_status":"closed","template":"","meta":[],"product_brand":[],"product_cat":[525],"product_tag":[],"class_list":{"0":"post-59156","1":"product","2":"type-product","3":"status-publish","5":"product_cat-cepures-un-sejas-maskas","7":"first","8":"instock","9":"shipping-taxable","10":"product-type-variable"},"_links":{"self":[{"href":"https:\/\/huntzone.eu\/en\/wp-json\/wp\/v2\/product\/59156","targetHints":{"allow":["GET"]}}],"collection":[{"href":"https:\/\/huntzone.eu\/en\/wp-json\/wp\/v2\/product"}],"about":[{"href":"https:\/\/huntzone.eu\/en\/wp-json\/wp\/v2\/types\/product"}],"replies":[{"embeddable":true,"href":"https:\/\/huntzone.eu\/en\/wp-json\/wp\/v2\/comments?post=59156"}],"wp:attachment":[{"href":"https:\/\/huntzone.eu\/en\/wp-json\/wp\/v2\/media?parent=59156"}],"wp:term":[{"taxonomy":"product_brand","embeddable":true,"href":"https:\/\/huntzone.eu\/en\/wp-json\/wp\/v2\/product_brand?post=59156"},{"taxonomy":"product_cat","embeddable":true,"href":"https:\/\/huntzone.eu\/en\/wp-json\/wp\/v2\/product_cat?post=59156"},{"taxonomy":"product_tag","embeddable":true,"href":"https:\/\/huntzone.eu\/en\/wp-json\/wp\/v2\/product_tag?post=59156"}],"curies":[{"name":"wp","href":"https:\/\/api.w.org\/{rel}","templated":true}]}}