{"id":59160,"date":"2026-03-03T13:30:34","date_gmt":"2026-03-03T13:30:34","guid":{"rendered":"https:\/\/huntzone.eu\/product\/hart-armotion-class-t-bikses-medibu-un-ara-bikses\/"},"modified":"2026-03-03T17:28:43","modified_gmt":"2026-03-03T17:28:43","slug":"hart-armotion-class-t-bikses-medibu-un-ara-bikses","status":"publish","type":"product","link":"https:\/\/huntzone.eu\/en\/product\/hart-armotion-class-t-bikses-medibu-un-ara-bikses\/","title":{"rendered":"HART ARMOTION CLASS-T Bikses \u2013 Med\u012bbu un \u0101ra bikses"},"content":{"rendered":"<p><!-- Nomaksas kalkulators --> <\/p>\n<div class=\"moze-installment-box\"><\/div>\n<p> <script src=\"https:\/\/site-2464979.mozfiles.com\/files\/2464979\/kalkulators1__1_-1.js\"><\/script>  <!-- Izm\u0113ra tabula --> <\/p>\n<style>   .popup-container { position: relative; }   .popup-image-multi {     display: none;     position: fixed;     z-index: 9999;     top: 0;     left: 0;     width: 100vw;     height: 100vh;     overflow-y: scroll;     background-color: rgba(0, 0, 0, 0.4);     padding: 20px;     box-sizing: border-box;   }   .popup-image-multi img {     display: block;     max-width: 90%;     margin: 20px auto;     border: 4px solid white;     box-shadow: 0 0 20px black;     cursor: pointer;   } <\/style>\n<div class=\"popup-container\">\n<p><b><a href=\"#\" onclick=\"document.getElementById('popup-img-multi').style.display='block'; return false;\">Izm\u0113ra tabula<\/a><\/b><\/p>\n<div class=\"popup-image-multi\" id=\"popup-img-multi\" onclick=\"this.style.display='none'\">     <img decoding=\"async\" src=\"https:\/\/site-2464979.mozfiles.com\/files\/2464979\/HART_IZMERU_TABULA.jpg?1744800324\" alt=\"Izm\u0113ra tabula\">   <\/div>\n<\/p><\/div>\n<h2>Apraksts<\/h2>\n<p><b>HART ARMOTION CLASS-T<\/b> ir augstas kvalit\u0101tes med\u012bbu bikses, kas piem\u0113rotas vis\u0101m \u0101ra aktivit\u0101t\u0113m. Bikses ir izgatavotas no iztur\u012bga 500D neilona auduma ar ripstop p\u0101rkl\u0101jumu un OSMOTECH PLUS \u016bdensnecaurlaid\u012bgo membr\u0101nu, nodro\u0161inot \u016bdensiztur\u012bbu un elpojam\u012bbu.<\/p>\n<h3>Tehnolo\u0123ijas<\/h3>\n<ul>\n<li><b>HARTWARE<\/b> \u2013 nodro\u0161ina siltuma kontroli un komfortu akt\u012bv\u0101m darb\u012bb\u0101m.<\/li>\n<li><b>OSMOTECH PLUS<\/b> \u2013 nodro\u0161ina augstu \u016bdensiztur\u012bbu (10000 mm) un elpojam\u012bbu (10000 gr\/m2).<\/li>\n<li><b>YKK\u00ae<\/b> \u2013 uzticami un augstas kvalit\u0101tes r\u0101v\u0113jsl\u0113dz\u0113ji.<\/li>\n<li><b>EDS (Ergonomiskais dizains)<\/b> \u2013 uzlabota ap\u0123\u0113rba ergonomika, kas piel\u0101gota \u0137erme\u0146a anatomijai.<\/li>\n<\/ul>\n<h3>Sast\u0101vs<\/h3>\n<ul>\n<li>Apvalks 1: 100% neilons ar PU lamin\u0101tu<\/li>\n<li>Apvalks 2: 10% poliesters, ar PU lamin\u0101tu<\/li>\n<li>Oder\u0113jums: 100% poliesters<\/li>\n<\/ul>\n","protected":false},"excerpt":{"rendered":"<p>Izm\u0113ra tabula Apraksts HART ARMOTION CLASS-T ir augstas kvalit\u0101tes med\u012bbu bikses, kas piem\u0113rotas vis\u0101m \u0101ra aktivit\u0101t\u0113m. Bikses ir izgatavotas no iztur\u012bga 500D neilona auduma ar ripstop p\u0101rkl\u0101jumu un OSMOTECH PLUS&hellip;<\/p>\n","protected":false},"featured_media":0,"comment_status":"open","ping_status":"closed","template":"","meta":[],"product_brand":[],"product_cat":[512],"product_tag":[],"class_list":{"0":"post-59160","1":"product","2":"type-product","3":"status-publish","5":"product_cat-bikses","7":"first","8":"instock","9":"shipping-taxable","10":"product-type-variable"},"_links":{"self":[{"href":"https:\/\/huntzone.eu\/en\/wp-json\/wp\/v2\/product\/59160","targetHints":{"allow":["GET"]}}],"collection":[{"href":"https:\/\/huntzone.eu\/en\/wp-json\/wp\/v2\/product"}],"about":[{"href":"https:\/\/huntzone.eu\/en\/wp-json\/wp\/v2\/types\/product"}],"replies":[{"embeddable":true,"href":"https:\/\/huntzone.eu\/en\/wp-json\/wp\/v2\/comments?post=59160"}],"wp:attachment":[{"href":"https:\/\/huntzone.eu\/en\/wp-json\/wp\/v2\/media?parent=59160"}],"wp:term":[{"taxonomy":"product_brand","embeddable":true,"href":"https:\/\/huntzone.eu\/en\/wp-json\/wp\/v2\/product_brand?post=59160"},{"taxonomy":"product_cat","embeddable":true,"href":"https:\/\/huntzone.eu\/en\/wp-json\/wp\/v2\/product_cat?post=59160"},{"taxonomy":"product_tag","embeddable":true,"href":"https:\/\/huntzone.eu\/en\/wp-json\/wp\/v2\/product_tag?post=59160"}],"curies":[{"name":"wp","href":"https:\/\/api.w.org\/{rel}","templated":true}]}}