{"id":59180,"date":"2026-03-03T13:30:38","date_gmt":"2026-03-03T13:30:38","guid":{"rendered":"https:\/\/huntzone.eu\/product\/hart-aosta-medibu-krekls-upf50-saules-aizsardziba-un-ventilacija\/"},"modified":"2026-03-25T12:06:05","modified_gmt":"2026-03-25T12:06:05","slug":"hart-aosta-medibu-krekls-upf50-saules-aizsardziba-un-ventilacija","status":"publish","type":"product","link":"https:\/\/huntzone.eu\/en\/product\/hart-aosta-medibu-krekls-upf50-saules-aizsardziba-un-ventilacija\/","title":{"rendered":"HART AOSTA med\u012bbu krekls \u2013 UPF50+ saules aizsardz\u012bba un ventil\u0101cija"},"content":{"rendered":"<p><!-- Izm\u0113ra tabula --> <\/p>\n<style>   .popup-container { position: relative; }   .popup-image-multi {     display: none;     position: fixed;     z-index: 9999;     top: 0;     left: 0;     width: 100vw;     height: 100vh;     overflow-y: scroll;     background-color: rgba(0, 0, 0, 0.4);     padding: 20px;     box-sizing: border-box;   }   .popup-image-multi img {     display: block;     max-width: 90%;     margin: 20px auto;     border: 4px solid white;     box-shadow: 0 0 20px black;     cursor: pointer;   } <\/style>\n<div class=\"popup-container\">\n<p><b><a href=\"#\" onclick=\"document.getElementById('popup-img-multi').style.display='block'; return false;\">Izm\u0113ra tabula<\/a><\/b><\/p>\n<div class=\"popup-image-multi\" id=\"popup-img-multi\" onclick=\"this.style.display='none'\">     <img decoding=\"async\" src=\"https:\/\/site-2464979.mozfiles.com\/files\/2464979\/HART_IZMERU_TABULA.jpg?1744800324\" alt=\"Izm\u0113ra tabula\"> <\/div>\n<\/p><\/div>\n<h2>Apraksts<\/h2>\n<p><b>HART AOSTA<\/b> ir \u0101ra un med\u012bbu krekls, kas izstr\u0101d\u0101ts valk\u0101\u0161anai m\u0113renos laikapst\u0101k\u013cos.   Tas nodro\u0161ina augstu UV aizsardz\u012bbu ar UPF50+ p\u0101rkl\u0101jumu un papildus ventil\u0101ciju   caur sieta pane\u013ciem padus\u0113s. \u012apa\u0161i viegls audums nodro\u0161ina komfortu akt\u012bv\u0101s darb\u012bb\u0101s.<\/p>\n<h3>Tehnolo\u0123ijas<\/h3>\n<ul>\n<li><b>UPF50+<\/b> \u2013 aizsarg\u0101 no vair\u0101k nek\u0101 98% UV staru, pateicoties bl\u012bvam \u0161\u0137iedru     pinumam audum\u0101.<\/li>\n<\/ul>\n<h3>Sast\u0101vs<\/h3>\n<ul>\n<li>Virsaudums 1: 100% poliesters<\/li>\n<li>Virsaudums 2: 100% poliesters<\/li>\n<\/ul>\n","protected":false},"excerpt":{"rendered":"<p>Izm\u0113ra tabula Apraksts HART AOSTA ir \u0101ra un med\u012bbu krekls, kas izstr\u0101d\u0101ts valk\u0101\u0161anai m\u0113renos laikapst\u0101k\u013cos. Tas nodro\u0161ina augstu UV aizsardz\u012bbu ar UPF50+ p\u0101rkl\u0101jumu un papildus ventil\u0101ciju caur sieta pane\u013ciem padus\u0113s.&hellip;<\/p>\n","protected":false},"featured_media":74918,"comment_status":"open","ping_status":"closed","template":"","meta":[],"product_brand":[780],"product_cat":[518],"product_tag":[],"class_list":{"0":"post-59180","1":"product","2":"type-product","3":"status-publish","4":"has-post-thumbnail","6":"product_brand-hart","7":"product_cat-krekli","9":"first","10":"instock","11":"shipping-taxable","12":"product-type-variable"},"_links":{"self":[{"href":"https:\/\/huntzone.eu\/en\/wp-json\/wp\/v2\/product\/59180","targetHints":{"allow":["GET"]}}],"collection":[{"href":"https:\/\/huntzone.eu\/en\/wp-json\/wp\/v2\/product"}],"about":[{"href":"https:\/\/huntzone.eu\/en\/wp-json\/wp\/v2\/types\/product"}],"replies":[{"embeddable":true,"href":"https:\/\/huntzone.eu\/en\/wp-json\/wp\/v2\/comments?post=59180"}],"wp:featuredmedia":[{"embeddable":true,"href":"https:\/\/huntzone.eu\/en\/wp-json\/wp\/v2\/media\/74918"}],"wp:attachment":[{"href":"https:\/\/huntzone.eu\/en\/wp-json\/wp\/v2\/media?parent=59180"}],"wp:term":[{"taxonomy":"product_brand","embeddable":true,"href":"https:\/\/huntzone.eu\/en\/wp-json\/wp\/v2\/product_brand?post=59180"},{"taxonomy":"product_cat","embeddable":true,"href":"https:\/\/huntzone.eu\/en\/wp-json\/wp\/v2\/product_cat?post=59180"},{"taxonomy":"product_tag","embeddable":true,"href":"https:\/\/huntzone.eu\/en\/wp-json\/wp\/v2\/product_tag?post=59180"}],"curies":[{"name":"wp","href":"https:\/\/api.w.org\/{rel}","templated":true}]}}