{"id":59187,"date":"2026-03-03T13:30:39","date_gmt":"2026-03-03T13:30:39","guid":{"rendered":"https:\/\/huntzone.eu\/product\/hart-aspen-krekls-medibu-un-briva-laika-krekls-siltam-laikam\/"},"modified":"2026-03-25T12:02:08","modified_gmt":"2026-03-25T12:02:08","slug":"hart-aspen-krekls-medibu-un-briva-laika-krekls-siltam-laikam","status":"publish","type":"product","link":"https:\/\/huntzone.eu\/en\/product\/hart-aspen-krekls-medibu-un-briva-laika-krekls-siltam-laikam\/","title":{"rendered":"HART ASPEN Krekls \u2013 Med\u012bbu un br\u012bv\u0101 laika krekls siltam laikam"},"content":{"rendered":"<p><!-- Izm\u0113ra tabula --> <\/p>\n<style>   .popup-container { position: relative; }   .popup-image-multi {     display: none;     position: fixed;     z-index: 9999;     top: 0;     left: 0;     width: 100vw;     height: 100vh;     overflow-y: scroll;     background-color: rgba(0, 0, 0, 0.4);     padding: 20px;     box-sizing: border-box;   }   .popup-image-multi img {     display: block;     max-width: 90%;     margin: 20px auto;     border: 4px solid white;     box-shadow: 0 0 20px black;     cursor: pointer;   } <\/style>\n<div class=\"popup-container\">\n<p><b><a href=\"#\" onclick=\"document.getElementById('popup-img-multi').style.display='block'; return false;\">Izm\u0113ra tabula<\/a><\/b><\/p>\n<div class=\"popup-image-multi\" id=\"popup-img-multi\" onclick=\"this.style.display='none'\">     <img decoding=\"async\" src=\"https:\/\/site-2464979.mozfiles.com\/files\/2464979\/HART_IZMERU_TABULA.jpg?1744800324\" alt=\"Izm\u0113ra tabula\">   <\/div>\n<\/p><\/div>\n<h2>Apraksts<\/h2>\n<p><b>HART ASPEN<\/b> ir med\u012bbu un br\u012bv\u0101 laika krekls, kas paredz\u0113ts m\u0113reniem un karstiem laikapst\u0101k\u013ciem. Tam ir ventil\u0101cijas atveres plecos, 2 sl\u0113ptas kr\u016b\u0161u kabatas ar r\u0101v\u0113jsl\u0113dz\u0113jiem un \u012bpa\u0161i viegls audums (95 gsm).<\/p>\n<h3>Tehnolo\u0123ijas<\/h3>\n<ul>\n<li><b>YKK\u00ae<\/b> \u2013 uzticami augstas kvalit\u0101tes r\u0101v\u0113jsl\u0113dz\u0113ji.<\/li>\n<\/ul>\n<h3>Sast\u0101vs<\/h3>\n<ul>\n<li>Virsaudums 1: 60% kokvilna, 40% poliesters<\/li>\n<li>Oder\u0113jums 1: 100% poliesters<\/li>\n<\/ul>\n","protected":false},"excerpt":{"rendered":"<p>Izm\u0113ra tabula Apraksts HART ASPEN ir med\u012bbu un br\u012bv\u0101 laika krekls, kas paredz\u0113ts m\u0113reniem un karstiem laikapst\u0101k\u013ciem. Tam ir ventil\u0101cijas atveres plecos, 2 sl\u0113ptas kr\u016b\u0161u kabatas ar r\u0101v\u0113jsl\u0113dz\u0113jiem un \u012bpa\u0161i&hellip;<\/p>\n","protected":false},"featured_media":74916,"comment_status":"open","ping_status":"closed","template":"","meta":[],"product_brand":[780],"product_cat":[518],"product_tag":[],"class_list":{"0":"post-59187","1":"product","2":"type-product","3":"status-publish","4":"has-post-thumbnail","6":"product_brand-hart","7":"product_cat-krekli","9":"first","10":"instock","11":"shipping-taxable","12":"product-type-variable"},"_links":{"self":[{"href":"https:\/\/huntzone.eu\/en\/wp-json\/wp\/v2\/product\/59187","targetHints":{"allow":["GET"]}}],"collection":[{"href":"https:\/\/huntzone.eu\/en\/wp-json\/wp\/v2\/product"}],"about":[{"href":"https:\/\/huntzone.eu\/en\/wp-json\/wp\/v2\/types\/product"}],"replies":[{"embeddable":true,"href":"https:\/\/huntzone.eu\/en\/wp-json\/wp\/v2\/comments?post=59187"}],"wp:featuredmedia":[{"embeddable":true,"href":"https:\/\/huntzone.eu\/en\/wp-json\/wp\/v2\/media\/74916"}],"wp:attachment":[{"href":"https:\/\/huntzone.eu\/en\/wp-json\/wp\/v2\/media?parent=59187"}],"wp:term":[{"taxonomy":"product_brand","embeddable":true,"href":"https:\/\/huntzone.eu\/en\/wp-json\/wp\/v2\/product_brand?post=59187"},{"taxonomy":"product_cat","embeddable":true,"href":"https:\/\/huntzone.eu\/en\/wp-json\/wp\/v2\/product_cat?post=59187"},{"taxonomy":"product_tag","embeddable":true,"href":"https:\/\/huntzone.eu\/en\/wp-json\/wp\/v2\/product_tag?post=59187"}],"curies":[{"name":"wp","href":"https:\/\/api.w.org\/{rel}","templated":true}]}}