{"id":59195,"date":"2026-03-03T13:30:43","date_gmt":"2026-03-03T13:30:43","guid":{"rendered":"https:\/\/huntzone.eu\/product\/hart-altai-t-sieviesu-bikses-siltas-medibu-bikses-ar-augstu-muguras-dalu\/"},"modified":"2026-04-17T10:26:21","modified_gmt":"2026-04-17T10:26:21","slug":"hart-altai-t-sieviesu-bikses-siltas-medibu-bikses-ar-augstu-muguras-dalu","status":"publish","type":"product","link":"https:\/\/huntzone.eu\/en\/product\/hart-altai-t-sieviesu-bikses-siltas-medibu-bikses-ar-augstu-muguras-dalu\/","title":{"rendered":"HART ALTAI-T Sievie\u0161u Bikses \u2013 Siltas med\u012bbu bikses ar augstu muguras da\u013cu"},"content":{"rendered":"<p><!-- Nomaksas kalkulators --> <\/p>\n<div class=\"moze-installment-box\"><\/div>\n<p> <script src=\"https:\/\/site-2464979.mozfiles.com\/files\/2464979\/kalkulators1__1_-1.js\"><\/script>  <!-- Izm\u0113ra tabula --> <\/p>\n<style>   .popup-container { position: relative; }   .popup-image-multi {     display: none;     position: fixed;     z-index: 9999;     top: 0;     left: 0;     width: 100vw;     height: 100vh;     overflow-y: scroll;     background-color: rgba(0, 0, 0, 0.4);     padding: 20px;     box-sizing: border-box;   }   .popup-image-multi img {     display: block;     max-width: 90%;     margin: 20px auto;     border: 4px solid white;     box-shadow: 0 0 20px black;     cursor: pointer;   } <\/style>\n<div class=\"popup-container\">\n<p><b><a href=\"#\" onclick=\"document.getElementById('popup-img-multi').style.display='block'; return false;\">Izm\u0113ra tabula<\/a><\/b><\/p>\n<div class=\"popup-image-multi\" id=\"popup-img-multi\" onclick=\"this.style.display='none'\">     <img decoding=\"async\" src=\"https:\/\/site-2464979.mozfiles.com\/files\/2464979\/HART_IZMERU_TABULA.jpg?1744800324\" alt=\"Izm\u0113ra tabula\">   <\/div>\n<\/p><\/div>\n<h2>Apraksts<\/h2>\n<p><b>HART ALTAI-T (Sievie\u0161u)<\/b> ir siltas un klusas med\u012bbu bikses ar augstu muguras da\u013cu aukstiem laikapst\u0101k\u013ciem. Izgatavotas no m\u012bksta, bet iztur\u012bga auduma ar efekt\u012bvu ska\u0146as sl\u0101p\u0113\u0161anu kust\u012bb\u0101.<\/p>\n<p>Apr\u012bkotas ar <b>HDI 80<\/b> siltin\u0101jumu un <b>OSMOTECH<\/b> \u016bdensiztur\u012bgo un v\u0113ju aizturo\u0161o membr\u0101nu. \u010cetras \u016bdensdro\u0161as kabatas: divas priek\u0161\u0101, viena s\u0101nu un viena aizmugur\u0113. R\u0101v\u0113jsl\u0113dz\u0113ji bik\u0161u staru apak\u0161\u0101 \u0113rt\u0101kai lieto\u0161anai ar z\u0101bakiem. Regul\u0113jamas apak\u0161as ar velkro. No\u0146emamas lences un elpojo\u0161s muguras t\u012bkli\u0146inserts nodro\u0161ina stabilu un \u0113rtu piegul\u0113\u0161anu. Elpojam\u012bba: 5000 g\/m\u00b2, \u016bdensiztur\u012bba: 8000 mm.<\/p>\n<h3>Tehnolo\u0123ijas<\/h3>\n<ul>\n<li><b>OSMOTECH<\/b> \u2013 \u016bdensiztur\u012bga un elpojo\u0161a membr\u0101na akt\u012bvai lieto\u0161anai.<\/li>\n<li><b>HDI 80<\/b> \u2013 viegls un efekt\u012bvs siltumizol\u0101cijas materi\u0101ls.<\/li>\n<li><b>HARTWARE<\/b> \u2013 termoregul\u0101cija ilgsto\u0161am komfortam.<\/li>\n<\/ul>\n<h3>Sast\u0101vs<\/h3>\n<ul>\n<li>Apvalks 1: 45% kokvilna, 35% poliesters, 20% neilons<\/li>\n<li>Apvalks 2: 100% poliesters<\/li>\n<li>Apvalks 3: 94% poliesters, 6% elast\u0101ns<\/li>\n<li>Polster\u0113jums: 100% poliesters<\/li>\n<li>Iek\u0161puse: 50% fluor\u0161\u0137iedra, 50% poliesters<\/li>\n<li>Oder\u0113jums 1: 100% neilons<\/li>\n<li>Oder\u0113jumi 2 &amp; 3: 100% poliesters<\/li>\n<\/ul>\n","protected":false},"excerpt":{"rendered":"<p>Izm\u0113ra tabula Apraksts HART ALTAI-T (Sievie\u0161u) ir siltas un klusas med\u012bbu bikses ar augstu muguras da\u013cu aukstiem laikapst\u0101k\u013ciem. Izgatavotas no m\u012bksta, bet iztur\u012bga auduma ar efekt\u012bvu ska\u0146as sl\u0101p\u0113\u0161anu kust\u012bb\u0101. Apr\u012bkotas&hellip;<\/p>\n","protected":false},"featured_media":0,"comment_status":"open","ping_status":"closed","template":"","meta":[],"product_brand":[],"product_cat":[535],"product_tag":[],"class_list":{"0":"post-59195","1":"product","2":"type-product","3":"status-publish","5":"product_cat-sieviesu-bikses","7":"first","8":"instock","9":"shipping-taxable","10":"product-type-variable"},"_links":{"self":[{"href":"https:\/\/huntzone.eu\/en\/wp-json\/wp\/v2\/product\/59195","targetHints":{"allow":["GET"]}}],"collection":[{"href":"https:\/\/huntzone.eu\/en\/wp-json\/wp\/v2\/product"}],"about":[{"href":"https:\/\/huntzone.eu\/en\/wp-json\/wp\/v2\/types\/product"}],"replies":[{"embeddable":true,"href":"https:\/\/huntzone.eu\/en\/wp-json\/wp\/v2\/comments?post=59195"}],"wp:attachment":[{"href":"https:\/\/huntzone.eu\/en\/wp-json\/wp\/v2\/media?parent=59195"}],"wp:term":[{"taxonomy":"product_brand","embeddable":true,"href":"https:\/\/huntzone.eu\/en\/wp-json\/wp\/v2\/product_brand?post=59195"},{"taxonomy":"product_cat","embeddable":true,"href":"https:\/\/huntzone.eu\/en\/wp-json\/wp\/v2\/product_cat?post=59195"},{"taxonomy":"product_tag","embeddable":true,"href":"https:\/\/huntzone.eu\/en\/wp-json\/wp\/v2\/product_tag?post=59195"}],"curies":[{"name":"wp","href":"https:\/\/api.w.org\/{rel}","templated":true}]}}