{"id":59204,"date":"2026-03-03T13:30:44","date_gmt":"2026-03-03T13:30:44","guid":{"rendered":"https:\/\/huntzone.eu\/product\/hart-bannalp-zn-dzemperis-silts-fleece-dzemperis-ar-ravejsledzeju\/"},"modified":"2026-04-17T10:26:22","modified_gmt":"2026-04-17T10:26:22","slug":"hart-bannalp-zn-dzemperis-silts-fleece-dzemperis-ar-ravejsledzeju","status":"publish","type":"product","link":"https:\/\/huntzone.eu\/en\/product\/hart-bannalp-zn-dzemperis-silts-fleece-dzemperis-ar-ravejsledzeju\/","title":{"rendered":"HART BANNALP-ZN D\u017eemperis \u2013 Silts fleece d\u017eemperis ar r\u0101v\u0113jsl\u0113dz\u0113ju"},"content":{"rendered":"<p><!-- Nomaksas kalkulators --> <\/p>\n<div class=\"moze-installment-box\"><\/div>\n<p> <script src=\"https:\/\/site-2464979.mozfiles.com\/files\/2464979\/kalkulators1__1_-1.js\"><\/script>  <!-- Izm\u0113ra tabula --> <\/p>\n<style>   .popup-container { position: relative; }   .popup-image-multi {     display: none;     position: fixed;     z-index: 9999;     top: 0;     left: 0;     width: 100vw;     height: 100vh;     overflow-y: scroll;     background-color: rgba(0, 0, 0, 0.4);     padding: 20px;     box-sizing: border-box;   }   .popup-image-multi img {     display: block;     max-width: 90%;     margin: 20px auto;     border: 4px solid white;     box-shadow: 0 0 20px black;     cursor: pointer;   } <\/style>\n<div class=\"popup-container\">\n<p><b><a href=\"#\" onclick=\"document.getElementById('popup-img-multi').style.display='block'; return false;\">Izm\u0113ra tabula<\/a><\/b><\/p>\n<div class=\"popup-image-multi\" id=\"popup-img-multi\" onclick=\"this.style.display='none'\">     <img decoding=\"async\" src=\"https:\/\/site-2464979.mozfiles.com\/files\/2464979\/HART_IZMERU_TABULA.jpg?1744800324\" alt=\"Izm\u0113ra tabula\">   <\/div>\n<\/p><\/div>\n<h2>Apraksts<\/h2>\n<p><b>HART BANNALP-ZN<\/b> ir daudzpus\u012bgs fleece d\u017eemperis ar r\u0101v\u0113jsl\u0113dz\u0113ju kakla da\u013c\u0101, izgatavots no H-AIR vid\u0113ji viegla materi\u0101la. Nodro\u0161ina siltumu, elpojam\u012bbu un izcilu mitruma izvad\u012b\u0161anu. Ide\u0101li piem\u0113rots lieto\u0161anai k\u0101 starpk\u0101rta vai atsevi\u0161\u0137i v\u0113s\u0101 laik\u0101.<\/p>\n<p>Sint\u0113tiskas \u0101das pastiprin\u0101jumi pie apkakles un elko\u0146iem uzlabo komfortu un iztur\u012bbu. Kr\u016b\u0161u kabata ar r\u0101v\u0113jsl\u0113dz\u0113ju ir piem\u0113rota telefonam vai audio ier\u012bcei.<\/p>\n<h3>Tehnolo\u0123ijas<\/h3>\n<ul>\n<li><b>H-AIR<\/b> \u2013 vieda siltumizol\u0101cija ar da\u017e\u0101da bl\u012bvuma \u0161\u0137iedr\u0101m un vilnas efektu iek\u0161pus\u0113.<\/li>\n<li><b>YKK\u00ae<\/b> \u2013 kvalitat\u012bvi, iztur\u012bgi r\u0101v\u0113jsl\u0113dz\u0113ji.<\/li>\n<\/ul>\n<h3>Sast\u0101vs<\/h3>\n<ul>\n<li>Apvalks 1: 85% akrils, 15% poliesters<\/li>\n<li>Apvalks 2: 100% poliesters<\/li>\n<li>Oder\u0113jums 1: 100% poliesters<\/li>\n<li>Oder\u0113jums 2: 100% poliesters<\/li>\n<\/ul>\n","protected":false},"excerpt":{"rendered":"<p>Izm\u0113ra tabula Apraksts HART BANNALP-ZN ir daudzpus\u012bgs fleece d\u017eemperis ar r\u0101v\u0113jsl\u0113dz\u0113ju kakla da\u013c\u0101, izgatavots no H-AIR vid\u0113ji viegla materi\u0101la. Nodro\u0161ina siltumu, elpojam\u012bbu un izcilu mitruma izvad\u012b\u0161anu. Ide\u0101li piem\u0113rots lieto\u0161anai k\u0101&hellip;<\/p>\n","protected":false},"featured_media":0,"comment_status":"open","ping_status":"closed","template":"","meta":[],"product_brand":[],"product_cat":[536],"product_tag":[],"class_list":{"0":"post-59204","1":"product","2":"type-product","3":"status-publish","5":"product_cat-dzemperi","7":"first","8":"instock","9":"shipping-taxable","10":"product-type-variable"},"_links":{"self":[{"href":"https:\/\/huntzone.eu\/en\/wp-json\/wp\/v2\/product\/59204","targetHints":{"allow":["GET"]}}],"collection":[{"href":"https:\/\/huntzone.eu\/en\/wp-json\/wp\/v2\/product"}],"about":[{"href":"https:\/\/huntzone.eu\/en\/wp-json\/wp\/v2\/types\/product"}],"replies":[{"embeddable":true,"href":"https:\/\/huntzone.eu\/en\/wp-json\/wp\/v2\/comments?post=59204"}],"wp:attachment":[{"href":"https:\/\/huntzone.eu\/en\/wp-json\/wp\/v2\/media?parent=59204"}],"wp:term":[{"taxonomy":"product_brand","embeddable":true,"href":"https:\/\/huntzone.eu\/en\/wp-json\/wp\/v2\/product_brand?post=59204"},{"taxonomy":"product_cat","embeddable":true,"href":"https:\/\/huntzone.eu\/en\/wp-json\/wp\/v2\/product_cat?post=59204"},{"taxonomy":"product_tag","embeddable":true,"href":"https:\/\/huntzone.eu\/en\/wp-json\/wp\/v2\/product_tag?post=59204"}],"curies":[{"name":"wp","href":"https:\/\/api.w.org\/{rel}","templated":true}]}}