{"id":59206,"date":"2026-03-03T13:30:44","date_gmt":"2026-03-03T13:30:44","guid":{"rendered":"https:\/\/huntzone.eu\/product\/hart-belfort-s-sieviesu-jaka-viegla-un-klusa-udensnecaurlaidiga-jaka\/"},"modified":"2026-03-03T17:28:48","modified_gmt":"2026-03-03T17:28:48","slug":"hart-belfort-s-sieviesu-jaka-viegla-un-klusa-udensnecaurlaidiga-jaka","status":"publish","type":"product","link":"https:\/\/huntzone.eu\/en\/product\/hart-belfort-s-sieviesu-jaka-viegla-un-klusa-udensnecaurlaidiga-jaka\/","title":{"rendered":"HART BELFORT-S Sievie\u0161u Jaka \u2013 Viegl\u0101 un klusa \u016bdensnecaurlaid\u012bga jaka"},"content":{"rendered":"<p><!-- Nomaksas kalkulators --> <\/p>\n<div class=\"moze-installment-box\"><\/div>\n<p> <script src=\"https:\/\/site-2464979.mozfiles.com\/files\/2464979\/kalkulators1__1_-1.js\"><\/script>  <!-- Izm\u0113ra tabula --> <\/p>\n<style>   .popup-container { position: relative; }   .popup-image-multi {     display: none;     position: fixed;     z-index: 9999;     top: 0;     left: 0;     width: 100vw;     height: 100vh;     overflow-y: scroll;     background-color: rgba(0, 0, 0, 0.4);     padding: 20px;     box-sizing: border-box;   }   .popup-image-multi img {     display: block;     max-width: 90%;     margin: 20px auto;     border: 4px solid white;     box-shadow: 0 0 20px black;     cursor: pointer;   } <\/style>\n<div class=\"popup-container\">\n<p><b><a href=\"#\" onclick=\"document.getElementById('popup-img-multi').style.display='block'; return false;\">Izm\u0113ra tabula<\/a><\/b><\/p>\n<div class=\"popup-image-multi\" id=\"popup-img-multi\" onclick=\"this.style.display='none'\">     <img decoding=\"async\" src=\"https:\/\/site-2464979.mozfiles.com\/files\/2464979\/HART_IZMERU_TABULA.jpg?1744800324\" alt=\"Izm\u0113ra tabula\">   <\/div>\n<\/p><\/div>\n<h2>Apraksts<\/h2>\n<p><b>HART BELFORT-S Sievie\u0161u Jaka<\/b> ir viegla un klusa \u016bdensnecaurlaid\u012bga jaka, ide\u0101li piem\u0113rota akt\u012bv\u0101m med\u012bb\u0101m un \u0101ra aktivit\u0101t\u0113m.<\/p>\n<p>Jaka izgatavota no \u016bdensnecaurlaid\u012bga un elpojo\u0161a materi\u0101la ar <b>OSMOTECH<\/b> membr\u0101nu (8000 mm\/5000 g\/m\u00b2). Jaka apr\u012bkota ar div\u0101m priek\u0161\u0113j\u0101m kabat\u0101m ar r\u0101v\u0113jsl\u0113dz\u0113ju un kr\u016b\u0161u kabatu radio iek\u0101rtai ar antenas caurumu. Visas v\u012bles ir lamin\u0113tas un no\u0161\u016btas, lai nodro\u0161in\u0101tu papildu aizsardz\u012bbu pret mitrumu.<\/p>\n<h3>Tehnolo\u0123ijas<\/h3>\n<ul>\n<li><b>OSMOTECH<\/b> \u2013 augsta \u016bdensiztur\u012bba un elpojam\u012bba.<\/li>\n<\/ul>\n<h3>Sast\u0101vs<\/h3>\n<ul>\n<li>Apvalks 1: 100% poliesters<\/li>\n<li>Oder\u0113jums: 100% poliesters ar PU membr\u0101nas lamin\u0113jumu<\/li>\n<\/ul>\n","protected":false},"excerpt":{"rendered":"<p>Izm\u0113ra tabula Apraksts HART BELFORT-S Sievie\u0161u Jaka ir viegla un klusa \u016bdensnecaurlaid\u012bga jaka, ide\u0101li piem\u0113rota akt\u012bv\u0101m med\u012bb\u0101m un \u0101ra aktivit\u0101t\u0113m. Jaka izgatavota no \u016bdensnecaurlaid\u012bga un elpojo\u0161a materi\u0101la ar OSMOTECH membr\u0101nu&hellip;<\/p>\n","protected":false},"featured_media":0,"comment_status":"open","ping_status":"closed","template":"","meta":[],"product_brand":[],"product_cat":[537],"product_tag":[],"class_list":{"0":"post-59206","1":"product","2":"type-product","3":"status-publish","5":"product_cat-sieviesu-jakas","7":"first","8":"instock","9":"shipping-taxable","10":"product-type-variable"},"_links":{"self":[{"href":"https:\/\/huntzone.eu\/en\/wp-json\/wp\/v2\/product\/59206","targetHints":{"allow":["GET"]}}],"collection":[{"href":"https:\/\/huntzone.eu\/en\/wp-json\/wp\/v2\/product"}],"about":[{"href":"https:\/\/huntzone.eu\/en\/wp-json\/wp\/v2\/types\/product"}],"replies":[{"embeddable":true,"href":"https:\/\/huntzone.eu\/en\/wp-json\/wp\/v2\/comments?post=59206"}],"wp:attachment":[{"href":"https:\/\/huntzone.eu\/en\/wp-json\/wp\/v2\/media?parent=59206"}],"wp:term":[{"taxonomy":"product_brand","embeddable":true,"href":"https:\/\/huntzone.eu\/en\/wp-json\/wp\/v2\/product_brand?post=59206"},{"taxonomy":"product_cat","embeddable":true,"href":"https:\/\/huntzone.eu\/en\/wp-json\/wp\/v2\/product_cat?post=59206"},{"taxonomy":"product_tag","embeddable":true,"href":"https:\/\/huntzone.eu\/en\/wp-json\/wp\/v2\/product_tag?post=59206"}],"curies":[{"name":"wp","href":"https:\/\/api.w.org\/{rel}","templated":true}]}}