{"id":59207,"date":"2026-03-03T13:30:44","date_gmt":"2026-03-03T13:30:44","guid":{"rendered":"https:\/\/huntzone.eu\/product\/hart-branded-h-deer-dzemperis-silts-un-erts-sporta-dzemperis-ar-dzivnieku-motivu\/"},"modified":"2026-04-17T10:26:22","modified_gmt":"2026-04-17T10:26:22","slug":"hart-branded-h-deer-dzemperis-silts-un-erts-sporta-dzemperis-ar-dzivnieku-motivu","status":"publish","type":"product","link":"https:\/\/huntzone.eu\/en\/product\/hart-branded-h-deer-dzemperis-silts-un-erts-sporta-dzemperis-ar-dzivnieku-motivu\/","title":{"rendered":"HART BRANDED-H Deer D\u017eemperis \u2013 Silts un \u0113rts sporta d\u017eemperis ar dz\u012bvnieku mot\u012bvu"},"content":{"rendered":"<p><!-- Izm\u0113ra tabula --> <\/p>\n<style>   .popup-container { position: relative; }   .popup-image-multi {     display: none;     position: fixed;     z-index: 9999;     top: 0;     left: 0;     width: 100vw;     height: 100vh;     overflow-y: scroll;     background-color: rgba(0, 0, 0, 0.4);     padding: 20px;     box-sizing: border-box;   }   .popup-image-multi img {     display: block;     max-width: 90%;     margin: 20px auto;     border: 4px solid white;     box-shadow: 0 0 20px black;     cursor: pointer;   } <\/style>\n<div class=\"popup-container\">\n<p><b><a href=\"#\" onclick=\"document.getElementById('popup-img-multi').style.display='block'; return false;\">Izm\u0113ra tabula<\/a><\/b><\/p>\n<div class=\"popup-image-multi\" id=\"popup-img-multi\" onclick=\"this.style.display='none'\">     <img decoding=\"async\" src=\"https:\/\/site-2464979.mozfiles.com\/files\/2464979\/HART_IZMERU_TABULA.jpg?1744800324\" alt=\"Izm\u0113ra tabula\">   <\/div>\n<\/p><\/div>\n<h2>Apraksts<\/h2>\n<p><b>HART BRANDED-H Deer<\/b> ir silts un \u0113rts sporta d\u017eemperis ar dz\u012bvnieku mot\u012bviem, piem\u0113rots gan akt\u012bvai atp\u016btai, gan ikdienas lieto\u0161anai. D\u017eemperim ir regul\u0113jama kapuce un silta priek\u0161\u0113j\u0101 kenguru tipa kabata.<\/p>\n<h3>Sast\u0101vs<\/h3>\n<ul>\n<li>Apvalks: 80% poliesters, 20% kokvilna<\/li>\n<\/ul>\n","protected":false},"excerpt":{"rendered":"<p>Izm\u0113ra tabula Apraksts HART BRANDED-H Deer ir silts un \u0113rts sporta d\u017eemperis ar dz\u012bvnieku mot\u012bviem, piem\u0113rots gan akt\u012bvai atp\u016btai, gan ikdienas lieto\u0161anai. D\u017eemperim ir regul\u0113jama kapuce un silta priek\u0161\u0113j\u0101 kenguru&hellip;<\/p>\n","protected":false},"featured_media":0,"comment_status":"open","ping_status":"closed","template":"","meta":[],"product_brand":[],"product_cat":[536],"product_tag":[],"class_list":{"0":"post-59207","1":"product","2":"type-product","3":"status-publish","5":"product_cat-dzemperi","7":"first","8":"instock","9":"shipping-taxable","10":"product-type-variable"},"_links":{"self":[{"href":"https:\/\/huntzone.eu\/en\/wp-json\/wp\/v2\/product\/59207","targetHints":{"allow":["GET"]}}],"collection":[{"href":"https:\/\/huntzone.eu\/en\/wp-json\/wp\/v2\/product"}],"about":[{"href":"https:\/\/huntzone.eu\/en\/wp-json\/wp\/v2\/types\/product"}],"replies":[{"embeddable":true,"href":"https:\/\/huntzone.eu\/en\/wp-json\/wp\/v2\/comments?post=59207"}],"wp:attachment":[{"href":"https:\/\/huntzone.eu\/en\/wp-json\/wp\/v2\/media?parent=59207"}],"wp:term":[{"taxonomy":"product_brand","embeddable":true,"href":"https:\/\/huntzone.eu\/en\/wp-json\/wp\/v2\/product_brand?post=59207"},{"taxonomy":"product_cat","embeddable":true,"href":"https:\/\/huntzone.eu\/en\/wp-json\/wp\/v2\/product_cat?post=59207"},{"taxonomy":"product_tag","embeddable":true,"href":"https:\/\/huntzone.eu\/en\/wp-json\/wp\/v2\/product_tag?post=59207"}],"curies":[{"name":"wp","href":"https:\/\/api.w.org\/{rel}","templated":true}]}}