{"id":59263,"date":"2026-03-03T13:30:55","date_gmt":"2026-03-03T13:30:55","guid":{"rendered":"https:\/\/huntzone.eu\/product\/hart-enduro-j-xhp-sieviesu-jaka-udensizturiga-un-klusa-jaka-medibam\/"},"modified":"2026-03-03T17:28:52","modified_gmt":"2026-03-03T17:28:52","slug":"hart-enduro-j-xhp-sieviesu-jaka-udensizturiga-un-klusa-jaka-medibam","status":"publish","type":"product","link":"https:\/\/huntzone.eu\/en\/product\/hart-enduro-j-xhp-sieviesu-jaka-udensizturiga-un-klusa-jaka-medibam\/","title":{"rendered":"HART ENDURO-J XHP Sievie\u0161u Jaka \u2013 \u016adensiztur\u012bga un klusa jaka med\u012bb\u0101m"},"content":{"rendered":"<p><!-- Nomaksas kalkulators --> <\/p>\n<div class=\"moze-installment-box\"><\/div>\n<p> <script src=\"https:\/\/site-2464979.mozfiles.com\/files\/2464979\/kalkulators1__1_-1.js\"><\/script>  <!-- Izm\u0113ra tabula --> <\/p>\n<style>   .popup-container { position: relative; }   .popup-image-multi {     display: none;     position: fixed;     z-index: 9999;     top: 0;     left: 0;     width: 100vw;     height: 100vh;     overflow-y: scroll;     background-color: rgba(0, 0, 0, 0.4);     padding: 20px;     box-sizing: border-box;   }   .popup-image-multi img {     display: block;     max-width: 90%;     margin: 20px auto;     border: 4px solid white;     box-shadow: 0 0 20px black;     cursor: pointer;   } <\/style>\n<div class=\"popup-container\">\n<p><b><a href=\"#\" onclick=\"document.getElementById('popup-img-multi').style.display='block'; return false;\">Izm\u0113ra tabula<\/a><\/b><\/p>\n<div class=\"popup-image-multi\" id=\"popup-img-multi\" onclick=\"this.style.display='none'\">     <img decoding=\"async\" src=\"https:\/\/site-2464979.mozfiles.com\/files\/2464979\/HART_IZMERU_TABULA.jpg?1744800324\" alt=\"Izm\u0113ra tabula\">   <\/div>\n<\/p><\/div>\n<h2>Apraksts<\/h2>\n<p><b>HART ENDURO-J XHP (Sievie\u0161u)<\/b> ir klusa un iztur\u012bga med\u012bbu jaka ar \u016bdensnecaurlaid\u012bgu <b>OSMOTECH PLUS<\/b> membr\u0101nu, pastiprin\u0101jumiem un ergonomisku dizainu intens\u012bvai lieto\u0161anai me\u017ea apvidos.<\/p>\n<p>Izgatavota no klusa, bet iztur\u012bga eg\u013cu auduma kombin\u0101cij\u0101 ar <b>ARMOTEX\u00ae<\/b> plecu un roku pastiprin\u0101jumiem. Apr\u012bkota ar GPS un r\u0101cijas kabat\u0101m, priek\u0161\u0113j\u0101m kravas kabat\u0101m ar lod\u012b\u0161u\/mun\u012bcijas ielikt\u0146iem, rokas sildo\u0161aj\u0101m kabat\u0101m, med\u012bbu kabatu ar div\u0101m ieej\u0101m un s\u0101nu ventil\u0101cijas atver\u0113m. No\u0146emama kapuce, elast\u012bgas aproces un apro\u010du iek\u0161\u0113jie gaiteri. Iek\u0161pus\u0113 kabata kapucei un 2 apak\u0161\u0113j\u0101s kravas kabatas.<\/p>\n<h3>Tehnolo\u0123ijas<\/h3>\n<ul>\n<li><b>OSMOTECH PLUS<\/b> \u2013 augstas veiktsp\u0113jas \u016bdensnecaurlaid\u012bga un elpojo\u0161a membr\u0101na.<\/li>\n<li><b>ARMOTEX\u00ae<\/b> \u2013 iztur\u012bba pret caurdur\u0161anu, skr\u0101p\u0113jumiem un nodilumu.<\/li>\n<li><b>HARTWARE<\/b> \u2013 termoregul\u0101cija komfortam kust\u012bb\u0101.<\/li>\n<li><b>YKK\u00ae<\/b> \u2013 uzticami augstas kvalit\u0101tes r\u0101v\u0113jsl\u0113dz\u0113ji.<\/li>\n<\/ul>\n<h3>Sast\u0101vs<\/h3>\n<ul>\n<li>Apvalks 1: 57% poliesters, 43% neilons<\/li>\n<li>Apvalks 2: 51% neilons, 49% poliesters<\/li>\n<li>Apvalks 3: 45% kokvilna, 35% poliesters, 20% neilons<\/li>\n<li>Iek\u0161puse: 50% fluor\u0161\u0137iedra, 50% poliesters<\/li>\n<li>Oderes: 100% poliesters<\/li>\n<\/ul>\n","protected":false},"excerpt":{"rendered":"<p>Izm\u0113ra tabula Apraksts HART ENDURO-J XHP (Sievie\u0161u) ir klusa un iztur\u012bga med\u012bbu jaka ar \u016bdensnecaurlaid\u012bgu OSMOTECH PLUS membr\u0101nu, pastiprin\u0101jumiem un ergonomisku dizainu intens\u012bvai lieto\u0161anai me\u017ea apvidos. Izgatavota no klusa, bet&hellip;<\/p>\n","protected":false},"featured_media":0,"comment_status":"open","ping_status":"closed","template":"","meta":[],"product_brand":[],"product_cat":[537],"product_tag":[],"class_list":{"0":"post-59263","1":"product","2":"type-product","3":"status-publish","5":"product_cat-sieviesu-jakas","7":"first","8":"instock","9":"shipping-taxable","10":"product-type-variable"},"_links":{"self":[{"href":"https:\/\/huntzone.eu\/en\/wp-json\/wp\/v2\/product\/59263","targetHints":{"allow":["GET"]}}],"collection":[{"href":"https:\/\/huntzone.eu\/en\/wp-json\/wp\/v2\/product"}],"about":[{"href":"https:\/\/huntzone.eu\/en\/wp-json\/wp\/v2\/types\/product"}],"replies":[{"embeddable":true,"href":"https:\/\/huntzone.eu\/en\/wp-json\/wp\/v2\/comments?post=59263"}],"wp:attachment":[{"href":"https:\/\/huntzone.eu\/en\/wp-json\/wp\/v2\/media?parent=59263"}],"wp:term":[{"taxonomy":"product_brand","embeddable":true,"href":"https:\/\/huntzone.eu\/en\/wp-json\/wp\/v2\/product_brand?post=59263"},{"taxonomy":"product_cat","embeddable":true,"href":"https:\/\/huntzone.eu\/en\/wp-json\/wp\/v2\/product_cat?post=59263"},{"taxonomy":"product_tag","embeddable":true,"href":"https:\/\/huntzone.eu\/en\/wp-json\/wp\/v2\/product_tag?post=59263"}],"curies":[{"name":"wp","href":"https:\/\/api.w.org\/{rel}","templated":true}]}}