{"id":59264,"date":"2026-03-03T13:30:55","date_gmt":"2026-03-03T13:30:55","guid":{"rendered":"https:\/\/huntzone.eu\/product\/hart-enduro-t-xhp-sieviesu-bikses-klusas-un-udensizturigas-medibu-bikses\/"},"modified":"2026-04-17T10:26:25","modified_gmt":"2026-04-17T10:26:25","slug":"hart-enduro-t-xhp-sieviesu-bikses-klusas-un-udensizturigas-medibu-bikses","status":"publish","type":"product","link":"https:\/\/huntzone.eu\/en\/product\/hart-enduro-t-xhp-sieviesu-bikses-klusas-un-udensizturigas-medibu-bikses\/","title":{"rendered":"HART ENDURO-T XHP Sievie\u0161u Bikses \u2013 Klusas un \u016bdensiztur\u012bgas med\u012bbu bikses"},"content":{"rendered":"<p><!-- Nomaksas kalkulators --> <\/p>\n<div class=\"moze-installment-box\"><\/div>\n<p> <script src=\"https:\/\/site-2464979.mozfiles.com\/files\/2464979\/kalkulators1__1_-1.js\"><\/script>  <!-- Izm\u0113ra tabula --> <\/p>\n<style>   .popup-container { position: relative; }   .popup-image-multi {     display: none;     position: fixed;     z-index: 9999;     top: 0;     left: 0;     width: 100vw;     height: 100vh;     overflow-y: scroll;     background-color: rgba(0, 0, 0, 0.4);     padding: 20px;     box-sizing: border-box;   }   .popup-image-multi img {     display: block;     max-width: 90%;     margin: 20px auto;     border: 4px solid white;     box-shadow: 0 0 20px black;     cursor: pointer;   } <\/style>\n<div class=\"popup-container\">\n<p><b><a href=\"#\" onclick=\"document.getElementById('popup-img-multi').style.display='block'; return false;\">Izm\u0113ra tabula<\/a><\/b><\/p>\n<div class=\"popup-image-multi\" id=\"popup-img-multi\" onclick=\"this.style.display='none'\">     <img decoding=\"async\" src=\"https:\/\/site-2464979.mozfiles.com\/files\/2464979\/HART_IZMERU_TABULA.jpg?1744800324\" alt=\"Izm\u0113ra tabula\">   <\/div>\n<\/p><\/div>\n<h2>Apraksts<\/h2>\n<p><b>HART ENDURO-T XHP (Sievie\u0161u)<\/b> ir sportiskas, klusas un \u016bdensiztur\u012bgas bikses ar pastiprin\u0101jumiem, \u012bpa\u0161i piem\u0113rotas med\u012bb\u0101m me\u017e\u0101 un biez\u0101 kr\u016bm\u0101j\u0101.<\/p>\n<p>Izgatavotas no iztur\u012bga un zema trok\u0161\u0146a heringbona auduma ar <b>ARMOTEX\u00ae<\/b> pastiprin\u0101jumu priek\u0161pus\u0113 un aizmugures apak\u0161da\u013c\u0101. <b>OSMOTECH PLUS<\/b> membr\u0101na nodro\u0161ina augstu \u016bdensiztur\u012bbu (10 000 mm) un elpojam\u012bbu (10 000 g\/m\u00b2). Piel\u0101gojama augst\u0101s jostasvietas aizsardz\u012bba un elast\u012bgas, no\u0146emamas lences. \u010cetras \u016bdensiztur\u012bgas kabatas: divas sl\u012bp\u0101s priek\u0161pus\u0113, viena s\u0101nu kravas kabata un viena aizmugur\u0113j\u0101 kabata. Iek\u0161\u0113j\u0101 sieta odere uzlabo ventil\u0101ciju.<\/p>\n<h3>Tehnolo\u0123ijas<\/h3>\n<ul>\n<li><b>OSMOTECH PLUS<\/b> \u2013 augsta \u016bdensiztur\u012bba un elpojam\u012bba.<\/li>\n<li><b>ARMOTEX\u00ae<\/b> \u2013 iztur\u012bgs, pretnodiluma un pretsl\u012bdes materi\u0101ls.<\/li>\n<li><b>HARTWARE<\/b> \u2013 komforts un mitruma regul\u0113\u0161ana akt\u012bv\u0101s situ\u0101cij\u0101s.<\/li>\n<li><b>YKK\u00ae<\/b> \u2013 augstas kvalit\u0101tes r\u0101v\u0113jsl\u0113dz\u0113ji.<\/li>\n<\/ul>\n<h3>Sast\u0101vs<\/h3>\n<ul>\n<li>Apvalks 1: 57% poliesters, 43% neilons<\/li>\n<li>Apvalks 2: 51% neilons, 49% poliesters<\/li>\n<li>Apvalks 3: 45% kokvilna, 35% poliesters, 20% neilons<\/li>\n<li>Iek\u0161\u0113jais sl\u0101nis: 50% fluor\u0161\u0137iedra, 50% poliesters<\/li>\n<li>Oder\u0113jums 1: 100% poliesters<\/li>\n<li>Oder\u0113jums 2: 100% poliesters<\/li>\n<\/ul>\n","protected":false},"excerpt":{"rendered":"<p>Izm\u0113ra tabula Apraksts HART ENDURO-T XHP (Sievie\u0161u) ir sportiskas, klusas un \u016bdensiztur\u012bgas bikses ar pastiprin\u0101jumiem, \u012bpa\u0161i piem\u0113rotas med\u012bb\u0101m me\u017e\u0101 un biez\u0101 kr\u016bm\u0101j\u0101. Izgatavotas no iztur\u012bga un zema trok\u0161\u0146a heringbona auduma&hellip;<\/p>\n","protected":false},"featured_media":0,"comment_status":"open","ping_status":"closed","template":"","meta":[],"product_brand":[],"product_cat":[535],"product_tag":[],"class_list":{"0":"post-59264","1":"product","2":"type-product","3":"status-publish","5":"product_cat-sieviesu-bikses","7":"first","8":"instock","9":"shipping-taxable","10":"product-type-variable"},"_links":{"self":[{"href":"https:\/\/huntzone.eu\/en\/wp-json\/wp\/v2\/product\/59264","targetHints":{"allow":["GET"]}}],"collection":[{"href":"https:\/\/huntzone.eu\/en\/wp-json\/wp\/v2\/product"}],"about":[{"href":"https:\/\/huntzone.eu\/en\/wp-json\/wp\/v2\/types\/product"}],"replies":[{"embeddable":true,"href":"https:\/\/huntzone.eu\/en\/wp-json\/wp\/v2\/comments?post=59264"}],"wp:attachment":[{"href":"https:\/\/huntzone.eu\/en\/wp-json\/wp\/v2\/media?parent=59264"}],"wp:term":[{"taxonomy":"product_brand","embeddable":true,"href":"https:\/\/huntzone.eu\/en\/wp-json\/wp\/v2\/product_brand?post=59264"},{"taxonomy":"product_cat","embeddable":true,"href":"https:\/\/huntzone.eu\/en\/wp-json\/wp\/v2\/product_cat?post=59264"},{"taxonomy":"product_tag","embeddable":true,"href":"https:\/\/huntzone.eu\/en\/wp-json\/wp\/v2\/product_tag?post=59264"}],"curies":[{"name":"wp","href":"https:\/\/api.w.org\/{rel}","templated":true}]}}