{"id":59280,"date":"2026-03-03T13:30:56","date_gmt":"2026-03-03T13:30:56","guid":{"rendered":"https:\/\/huntzone.eu\/product\/hart-gorosta-s-sieviesu-jaka-viegla-un-veja-necaurlaidiga-softshell-jaka\/"},"modified":"2026-04-17T10:26:26","modified_gmt":"2026-04-17T10:26:26","slug":"hart-gorosta-s-sieviesu-jaka-viegla-un-veja-necaurlaidiga-softshell-jaka","status":"publish","type":"product","link":"https:\/\/huntzone.eu\/en\/product\/hart-gorosta-s-sieviesu-jaka-viegla-un-veja-necaurlaidiga-softshell-jaka\/","title":{"rendered":"HART GOROSTA-S Sievie\u0161u Jaka \u2013 Viegla un v\u0113ja necaurlaid\u012bga softshell jaka"},"content":{"rendered":"<p><!-- Nomaksas kalkulators --> <\/p>\n<div class=\"moze-installment-box\"><\/div>\n<p> <script src=\"https:\/\/site-2464979.mozfiles.com\/files\/2464979\/kalkulators1__1_-1.js\"><\/script>  <!-- Izm\u0113ra tabula --> <\/p>\n<style>   .popup-container { position: relative; }   .popup-image-multi {     display: none;     position: fixed;     z-index: 9999;     top: 0;     left: 0;     width: 100vw;     height: 100vh;     overflow-y: scroll;     background-color: rgba(0, 0, 0, 0.4);     padding: 20px;     box-sizing: border-box;   }   .popup-image-multi img {     display: block;     max-width: 90%;     margin: 20px auto;     border: 4px solid white;     box-shadow: 0 0 20px black;     cursor: pointer;   } <\/style>\n<div class=\"popup-container\">\n<p><b><a href=\"#\" onclick=\"document.getElementById('popup-img-multi').style.display='block'; return false;\">Izm\u0113ra tabula<\/a><\/b><\/p>\n<div class=\"popup-image-multi\" id=\"popup-img-multi\" onclick=\"this.style.display='none'\">     <img decoding=\"async\" src=\"https:\/\/site-2464979.mozfiles.com\/files\/2464979\/HART_IZMERU_TABULA.jpg?1744800324\" alt=\"Izm\u0113ra tabula\">   <\/div>\n<\/p><\/div>\n<h2>Apraksts<\/h2>\n<p><b>HART GOROSTA-S Light Jacket (Sievie\u0161u)<\/b> ir viegl\u0101k\u0101 v\u0113ja necaurlaid\u012bg\u0101 softshell jaka no HART kolekcijas. Paredz\u0113ta akt\u012bv\u0101m \u0101ra aktivit\u0101t\u0113m un med\u012bb\u0101m.<\/p>\n<p>Jaka izgatavota ar tr\u012bssl\u0101\u0146u konstrukciju: elast\u012bgs \u0101r\u0113jais sl\u0101nis, <b>WINDTECH<\/b> membr\u0101na un elpojo\u0161a odere. Divas priek\u0161\u0113j\u0101s kabatas ar r\u0101v\u0113jsl\u0113dz\u0113ju, piedurk\u0146u kabata un iek\u0161\u0113j\u0101s kabatas. Apak\u0161mala regul\u0113jama ar aukli\u0146u. Pateicoties <b>XTRETCH DYNAMIC<\/b> tehnolo\u0123ijai, jaka nodro\u0161ina kust\u012bbu br\u012bv\u012bbu un komfortu da\u017e\u0101dos apst\u0101k\u013cos.<\/p>\n<h3>Tehnolo\u0123ijas<\/h3>\n<ul>\n<li><b>XTRETCH DYNAMIC<\/b> \u2013 elast\u012bgi materi\u0101li akt\u012bvai kust\u012bbai.<\/li>\n<li><b>WINDTECH<\/b> \u2013 v\u0113ja necaurlaid\u012bga un elpojo\u0161a membr\u0101na.<\/li>\n<\/ul>\n<h3>Sast\u0101vs<\/h3>\n<ul>\n<li>Apvalks 1: 100% poliesters<\/li>\n<li>Iek\u0161\u0113jais sl\u0101nis: PU membr\u0101na lamin\u0113ta<\/li>\n<li>Oder\u0113jums 1: 100% poliesters<\/li>\n<\/ul>\n","protected":false},"excerpt":{"rendered":"<p>Izm\u0113ra tabula Apraksts HART GOROSTA-S Light Jacket (Sievie\u0161u) ir viegl\u0101k\u0101 v\u0113ja necaurlaid\u012bg\u0101 softshell jaka no HART kolekcijas. Paredz\u0113ta akt\u012bv\u0101m \u0101ra aktivit\u0101t\u0113m un med\u012bb\u0101m. Jaka izgatavota ar tr\u012bssl\u0101\u0146u konstrukciju: elast\u012bgs \u0101r\u0113jais&hellip;<\/p>\n","protected":false},"featured_media":0,"comment_status":"open","ping_status":"closed","template":"","meta":[],"product_brand":[],"product_cat":[537],"product_tag":[],"class_list":{"0":"post-59280","1":"product","2":"type-product","3":"status-publish","5":"product_cat-sieviesu-jakas","7":"first","8":"instock","9":"shipping-taxable","10":"product-type-variable"},"_links":{"self":[{"href":"https:\/\/huntzone.eu\/en\/wp-json\/wp\/v2\/product\/59280","targetHints":{"allow":["GET"]}}],"collection":[{"href":"https:\/\/huntzone.eu\/en\/wp-json\/wp\/v2\/product"}],"about":[{"href":"https:\/\/huntzone.eu\/en\/wp-json\/wp\/v2\/types\/product"}],"replies":[{"embeddable":true,"href":"https:\/\/huntzone.eu\/en\/wp-json\/wp\/v2\/comments?post=59280"}],"wp:attachment":[{"href":"https:\/\/huntzone.eu\/en\/wp-json\/wp\/v2\/media?parent=59280"}],"wp:term":[{"taxonomy":"product_brand","embeddable":true,"href":"https:\/\/huntzone.eu\/en\/wp-json\/wp\/v2\/product_brand?post=59280"},{"taxonomy":"product_cat","embeddable":true,"href":"https:\/\/huntzone.eu\/en\/wp-json\/wp\/v2\/product_cat?post=59280"},{"taxonomy":"product_tag","embeddable":true,"href":"https:\/\/huntzone.eu\/en\/wp-json\/wp\/v2\/product_tag?post=59280"}],"curies":[{"name":"wp","href":"https:\/\/api.w.org\/{rel}","templated":true}]}}