{"id":59281,"date":"2026-03-03T13:30:58","date_gmt":"2026-03-03T13:30:58","guid":{"rendered":"https:\/\/huntzone.eu\/product\/hart-gorosta-t-sieviesu-bikses-sportiskas-un-ergonomiskas-medibu-bikses\/"},"modified":"2026-04-17T10:26:26","modified_gmt":"2026-04-17T10:26:26","slug":"hart-gorosta-t-sieviesu-bikses-sportiskas-un-ergonomiskas-medibu-bikses","status":"publish","type":"product","link":"https:\/\/huntzone.eu\/en\/product\/hart-gorosta-t-sieviesu-bikses-sportiskas-un-ergonomiskas-medibu-bikses\/","title":{"rendered":"HART GOROSTA-T Sievie\u0161u Bikses \u2013 Sportiskas un ergonomiskas med\u012bbu bikses"},"content":{"rendered":"<p><!-- Nomaksas kalkulators --> <\/p>\n<div class=\"moze-installment-box\"><\/div>\n<p> <script src=\"https:\/\/site-2464979.mozfiles.com\/files\/2464979\/kalkulators1__1_-1.js\"><\/script>  <!-- Izm\u0113ra tabula --> <\/p>\n<style>   .popup-container { position: relative; }   .popup-image-multi {     display: none;     position: fixed;     z-index: 9999;     top: 0;     left: 0;     width: 100vw;     height: 100vh;     overflow-y: scroll;     background-color: rgba(0, 0, 0, 0.4);     padding: 20px;     box-sizing: border-box;   }   .popup-image-multi img {     display: block;     max-width: 90%;     margin: 20px auto;     border: 4px solid white;     box-shadow: 0 0 20px black;     cursor: pointer;   } <\/style>\n<div class=\"popup-container\">\n<p><b><a href=\"#\" onclick=\"document.getElementById('popup-img-multi').style.display='block'; return false;\">Izm\u0113ra tabula<\/a><\/b><\/p>\n<div class=\"popup-image-multi\" id=\"popup-img-multi\" onclick=\"this.style.display='none'\">     <img decoding=\"async\" src=\"https:\/\/site-2464979.mozfiles.com\/files\/2464979\/HART_IZMERU_TABULA.jpg?1744800324\" alt=\"Izm\u0113ra tabula\">   <\/div>\n<\/p><\/div>\n<h2>Apraksts<\/h2>\n<p><b>HART GOROSTA-T (Sievie\u0161u)<\/b> ir sportiskas un ergonomiskas med\u012bbu un \u0101ra bikses ar elast\u012bgiem auduma ielaidumiem aug\u0161pus\u0113 un aiz ce\u013cgaliem, nodro\u0161inot kust\u012bbu br\u012bv\u012bbu un komfortu.<\/p>\n<p>Bikses izgatavotas no kokvilnas un poliestera ripstop auduma ar \u016bdensatgr\u016bdo\u0161u p\u0101rkl\u0101jumu. 6 kabatu konstrukcija: 2 aug\u0161\u0113j\u0101s kabatas, r\u0101v\u0113jsl\u0113dz\u0113ja maz\u0101 kabata, r\u0101v\u0113jsl\u0113dz\u0113ja kravas kabata, na\u017ea kabata un aizmugur\u0113j\u0101 kabata ar r\u0101v\u0113jsl\u0113dz\u0113ju. Ergonomiskais dizains (<b>EDS<\/b>) un elast\u012bgie materi\u0101li (<b>XTRETCH DYNAMIC<\/b>) nodro\u0161ina kust\u012bbu br\u012bv\u012bbu med\u012bbu un akt\u012bv\u0101s atp\u016btas laik\u0101.<\/p>\n<h3>Tehnolo\u0123ijas<\/h3>\n<ul>\n<li><b>EDS<\/b> \u2013 ergonomisks dizains kust\u012bbu br\u012bv\u012bbai.<\/li>\n<li><b>XTRETCH DYNAMIC<\/b> \u2013 elast\u012bgi materi\u0101li kust\u012bg\u0101m aktivit\u0101t\u0113m.<\/li>\n<li><b>YKK\u00ae<\/b> \u2013 augstas kvalit\u0101tes r\u0101v\u0113jsl\u0113dz\u0113ji.<\/li>\n<\/ul>\n<h3>Sast\u0101vs<\/h3>\n<ul>\n<li>Apvalks 1: 60% kokvilna, 40% poliesters<\/li>\n<li>Apvalks 2: 90% neilons, 10% elast\u0101ns<\/li>\n<li>Oder\u0113jums 1: 60% kokvilna, 40% poliesters<\/li>\n<\/ul>\n","protected":false},"excerpt":{"rendered":"<p>Izm\u0113ra tabula Apraksts HART GOROSTA-T (Sievie\u0161u) ir sportiskas un ergonomiskas med\u012bbu un \u0101ra bikses ar elast\u012bgiem auduma ielaidumiem aug\u0161pus\u0113 un aiz ce\u013cgaliem, nodro\u0161inot kust\u012bbu br\u012bv\u012bbu un komfortu. Bikses izgatavotas no&hellip;<\/p>\n","protected":false},"featured_media":0,"comment_status":"open","ping_status":"closed","template":"","meta":[],"product_brand":[],"product_cat":[535],"product_tag":[],"class_list":{"0":"post-59281","1":"product","2":"type-product","3":"status-publish","5":"product_cat-sieviesu-bikses","7":"first","8":"instock","9":"shipping-taxable","10":"product-type-variable"},"_links":{"self":[{"href":"https:\/\/huntzone.eu\/en\/wp-json\/wp\/v2\/product\/59281","targetHints":{"allow":["GET"]}}],"collection":[{"href":"https:\/\/huntzone.eu\/en\/wp-json\/wp\/v2\/product"}],"about":[{"href":"https:\/\/huntzone.eu\/en\/wp-json\/wp\/v2\/types\/product"}],"replies":[{"embeddable":true,"href":"https:\/\/huntzone.eu\/en\/wp-json\/wp\/v2\/comments?post=59281"}],"wp:attachment":[{"href":"https:\/\/huntzone.eu\/en\/wp-json\/wp\/v2\/media?parent=59281"}],"wp:term":[{"taxonomy":"product_brand","embeddable":true,"href":"https:\/\/huntzone.eu\/en\/wp-json\/wp\/v2\/product_brand?post=59281"},{"taxonomy":"product_cat","embeddable":true,"href":"https:\/\/huntzone.eu\/en\/wp-json\/wp\/v2\/product_cat?post=59281"},{"taxonomy":"product_tag","embeddable":true,"href":"https:\/\/huntzone.eu\/en\/wp-json\/wp\/v2\/product_tag?post=59281"}],"curies":[{"name":"wp","href":"https:\/\/api.w.org\/{rel}","templated":true}]}}