{"id":59286,"date":"2026-03-03T13:30:58","date_gmt":"2026-03-03T13:30:58","guid":{"rendered":"https:\/\/huntzone.eu\/product\/hart-graz-j-jaka-ipasi-viegla-un-silta-sportiska-jaka\/"},"modified":"2026-03-03T17:28:54","modified_gmt":"2026-03-03T17:28:54","slug":"hart-graz-j-jaka-ipasi-viegla-un-silta-sportiska-jaka","status":"publish","type":"product","link":"https:\/\/huntzone.eu\/en\/product\/hart-graz-j-jaka-ipasi-viegla-un-silta-sportiska-jaka\/","title":{"rendered":"HART GRAZ-J Jaka \u2013 \u012apa\u0161i viegla un silta sportiska jaka"},"content":{"rendered":"<p><!-- Nomaksas kalkulators --> <\/p>\n<div class=\"moze-installment-box\"><\/div>\n<p> <script src=\"https:\/\/site-2464979.mozfiles.com\/files\/2464979\/kalkulators1__1_-1.js\"><\/script>  <!-- Izm\u0113ra tabula --> <\/p>\n<style>   .popup-container { position: relative; }   .popup-image-multi {     display: none;     position: fixed;     z-index: 9999;     top: 0;     left: 0;     width: 100vw;     height: 100vh;     overflow-y: scroll;     background-color: rgba(0, 0, 0, 0.4);     padding: 20px;     box-sizing: border-box;   }   .popup-image-multi img {     display: block;     max-width: 90%;     margin: 20px auto;     border: 4px solid white;     box-shadow: 0 0 20px black;     cursor: pointer;   } <\/style>\n<div class=\"popup-container\">\n<p><b><a href=\"#\" onclick=\"document.getElementById('popup-img-multi').style.display='block'; return false;\">Izm\u0113ra tabula<\/a><\/b><\/p>\n<div class=\"popup-image-multi\" id=\"popup-img-multi\" onclick=\"this.style.display='none'\">     <img decoding=\"async\" src=\"https:\/\/site-2464979.mozfiles.com\/files\/2464979\/HART_IZMERU_TABULA.jpg?1744800324\" alt=\"Izm\u0113ra tabula\">   <\/div>\n<\/p><\/div>\n<h2>Apraksts<\/h2>\n<p><b>HART GRAZ-J<\/b> ir \u012bpa\u0161i viegla, sportiska un silta jaka ar <b>HDI140<\/b> siltin\u0101jumu. Lieliski piem\u0113rota gan ikdienas lieto\u0161anai, gan k\u0101 papildu siltuma sl\u0101nis zem cit\u0101m jak\u0101m.<\/p>\n<p>Apr\u012bkota ar 3 r\u0101v\u0113jsl\u0113dz\u0113ja kabat\u0101m un iesai\u0146ojama maz\u0101 somi\u0146\u0101 \u0113rtai transport\u0113\u0161anai. Saglab\u0101 siltumu ar\u012b mitros apst\u0101k\u013cos, pateicoties materi\u0101lu zemajai \u0161\u0137idruma uzs\u016bktsp\u0113jai.<\/p>\n<h3>Tehnolo\u0123ijas<\/h3>\n<ul>\n<li><b>HDI140<\/b> \u2013 augstas bl\u012bvuma siltumizol\u0101cija ar \u0101tras \u017e\u016b\u0161anas \u012bpa\u0161\u012bb\u0101m.<\/li>\n<\/ul>\n<h3>Sast\u0101vs<\/h3>\n<ul>\n<li>Apvalks: 100% neilons<\/li>\n<li>Oder\u0113jums: 100% poliesters<\/li>\n<li>Polster\u0113jums: 100% poliesters<\/li>\n<\/ul>\n","protected":false},"excerpt":{"rendered":"<p>Izm\u0113ra tabula Apraksts HART GRAZ-J ir \u012bpa\u0161i viegla, sportiska un silta jaka ar HDI140 siltin\u0101jumu. Lieliski piem\u0113rota gan ikdienas lieto\u0161anai, gan k\u0101 papildu siltuma sl\u0101nis zem cit\u0101m jak\u0101m. Apr\u012bkota ar&hellip;<\/p>\n","protected":false},"featured_media":0,"comment_status":"open","ping_status":"closed","template":"","meta":[],"product_brand":[],"product_cat":[511],"product_tag":[],"class_list":{"0":"post-59286","1":"product","2":"type-product","3":"status-publish","5":"product_cat-jakas","7":"first","8":"instock","9":"shipping-taxable","10":"product-type-variable"},"_links":{"self":[{"href":"https:\/\/huntzone.eu\/en\/wp-json\/wp\/v2\/product\/59286","targetHints":{"allow":["GET"]}}],"collection":[{"href":"https:\/\/huntzone.eu\/en\/wp-json\/wp\/v2\/product"}],"about":[{"href":"https:\/\/huntzone.eu\/en\/wp-json\/wp\/v2\/types\/product"}],"replies":[{"embeddable":true,"href":"https:\/\/huntzone.eu\/en\/wp-json\/wp\/v2\/comments?post=59286"}],"wp:attachment":[{"href":"https:\/\/huntzone.eu\/en\/wp-json\/wp\/v2\/media?parent=59286"}],"wp:term":[{"taxonomy":"product_brand","embeddable":true,"href":"https:\/\/huntzone.eu\/en\/wp-json\/wp\/v2\/product_brand?post=59286"},{"taxonomy":"product_cat","embeddable":true,"href":"https:\/\/huntzone.eu\/en\/wp-json\/wp\/v2\/product_cat?post=59286"},{"taxonomy":"product_tag","embeddable":true,"href":"https:\/\/huntzone.eu\/en\/wp-json\/wp\/v2\/product_tag?post=59286"}],"curies":[{"name":"wp","href":"https:\/\/api.w.org\/{rel}","templated":true}]}}