{"id":59330,"date":"2026-03-03T13:31:05","date_gmt":"2026-03-03T13:31:05","guid":{"rendered":"https:\/\/huntzone.eu\/product\/hart-kofel-dzemperis-silts-un-izturigs-vilnas-dzemperis-ar-ravejsledzeju\/"},"modified":"2026-04-17T10:26:28","modified_gmt":"2026-04-17T10:26:28","slug":"hart-kofel-dzemperis-silts-un-izturigs-vilnas-dzemperis-ar-ravejsledzeju","status":"publish","type":"product","link":"https:\/\/huntzone.eu\/en\/product\/hart-kofel-dzemperis-silts-un-izturigs-vilnas-dzemperis-ar-ravejsledzeju\/","title":{"rendered":"HART KOFEL D\u017eemperis \u2013 Silts un iztur\u012bgs vilnas d\u017eemperis ar r\u0101v\u0113jsl\u0113dz\u0113ju"},"content":{"rendered":"<p><!-- Nomaksas kalkulators --> <\/p>\n<div class=\"moze-installment-box\"><\/div>\n<p> <script src=\"https:\/\/site-2464979.mozfiles.com\/files\/2464979\/kalkulators1__1_-1.js\"><\/script>  <!-- Izm\u0113ra tabula --> <\/p>\n<style>   .popup-container { position: relative; }   .popup-image-multi {     display: none;     position: fixed;     z-index: 9999;     top: 0;     left: 0;     width: 100vw;     height: 100vh;     overflow-y: scroll;     background-color: rgba(0, 0, 0, 0.4);     padding: 20px;     box-sizing: border-box;   }   .popup-image-multi img {     display: block;     max-width: 90%;     margin: 20px auto;     border: 4px solid white;     box-shadow: 0 0 20px black;     cursor: pointer;   } <\/style>\n<div class=\"popup-container\">\n<p><b><a href=\"#\" onclick=\"document.getElementById('popup-img-multi').style.display='block'; return false;\">Izm\u0113ra tabula<\/a><\/b><\/p>\n<div class=\"popup-image-multi\" id=\"popup-img-multi\" onclick=\"this.style.display='none'\">     <img decoding=\"async\" src=\"https:\/\/site-2464979.mozfiles.com\/files\/2464979\/HART_IZMERU_TABULA.jpg?1744800324\" alt=\"Izm\u0113ra tabula\">   <\/div>\n<\/p><\/div>\n<h2>Apraksts<\/h2>\n<p><b>HART KOFEL<\/b> ir silts, iztur\u012bgs un funkcion\u0101ls pusvilnas d\u017eemperis ar r\u0101v\u0113jsl\u0113dz\u0113ju pie kakla. Izgatavots no 50% vilnas un 50% akrila, tas nodro\u0161ina dabisku siltumu un ilgm\u016b\u017e\u012bbu. D\u017eemperim ir kr\u016b\u0161u kabata ar r\u0101v\u0113jsl\u0113dz\u0113ju. Auduma svars: 370 g\/m\u00b2.<\/p>\n<h3>Sast\u0101vs<\/h3>\n<ul>\n<li>Apvalks: 50% vilna, 50% akrils<\/li>\n<\/ul>\n","protected":false},"excerpt":{"rendered":"<p>Izm\u0113ra tabula Apraksts HART KOFEL ir silts, iztur\u012bgs un funkcion\u0101ls pusvilnas d\u017eemperis ar r\u0101v\u0113jsl\u0113dz\u0113ju pie kakla. Izgatavots no 50% vilnas un 50% akrila, tas nodro\u0161ina dabisku siltumu un ilgm\u016b\u017e\u012bbu. D\u017eemperim&hellip;<\/p>\n","protected":false},"featured_media":0,"comment_status":"open","ping_status":"closed","template":"","meta":[],"product_brand":[],"product_cat":[536],"product_tag":[],"class_list":{"0":"post-59330","1":"product","2":"type-product","3":"status-publish","5":"product_cat-dzemperi","7":"first","8":"instock","9":"shipping-taxable","10":"product-type-variable"},"_links":{"self":[{"href":"https:\/\/huntzone.eu\/en\/wp-json\/wp\/v2\/product\/59330","targetHints":{"allow":["GET"]}}],"collection":[{"href":"https:\/\/huntzone.eu\/en\/wp-json\/wp\/v2\/product"}],"about":[{"href":"https:\/\/huntzone.eu\/en\/wp-json\/wp\/v2\/types\/product"}],"replies":[{"embeddable":true,"href":"https:\/\/huntzone.eu\/en\/wp-json\/wp\/v2\/comments?post=59330"}],"wp:attachment":[{"href":"https:\/\/huntzone.eu\/en\/wp-json\/wp\/v2\/media?parent=59330"}],"wp:term":[{"taxonomy":"product_brand","embeddable":true,"href":"https:\/\/huntzone.eu\/en\/wp-json\/wp\/v2\/product_brand?post=59330"},{"taxonomy":"product_cat","embeddable":true,"href":"https:\/\/huntzone.eu\/en\/wp-json\/wp\/v2\/product_cat?post=59330"},{"taxonomy":"product_tag","embeddable":true,"href":"https:\/\/huntzone.eu\/en\/wp-json\/wp\/v2\/product_tag?post=59330"}],"curies":[{"name":"wp","href":"https:\/\/api.w.org\/{rel}","templated":true}]}}