{"id":59388,"date":"2026-03-03T13:31:14","date_gmt":"2026-03-03T13:31:14","guid":{"rendered":"https:\/\/huntzone.eu\/product\/hart-pointer-gl-cimdi-medibu-cimdi-ar-augstu-jutibu-un-spruda-brivibu\/"},"modified":"2026-04-17T10:26:31","modified_gmt":"2026-04-17T10:26:31","slug":"hart-pointer-gl-cimdi-medibu-cimdi-ar-augstu-jutibu-un-spruda-brivibu","status":"publish","type":"product","link":"https:\/\/huntzone.eu\/en\/product\/hart-pointer-gl-cimdi-medibu-cimdi-ar-augstu-jutibu-un-spruda-brivibu\/","title":{"rendered":"HART POINTER-GL Cimdi \u2013 Med\u012bbu cimdi ar augstu jut\u012bbu un spr\u016bda br\u012bv\u012bbu"},"content":{"rendered":"<p><!-- Izm\u0113ra tabula --> <\/p>\n<style>   .popup-container { position: relative; }   .popup-image-multi {     display: none;     position: fixed;     z-index: 9999;     top: 0;     left: 0;     width: 100vw;     height: 100vh;     overflow-y: scroll;     background-color: rgba(0, 0, 0, 0.4);     padding:  20px;     box-sizing: border-box;   }   .popup-image-multi img {     display: block;     max-width: 90%;     margin: 20px auto;     border: 4px solid white;     box-shadow: 0 0 20px black;     cursor: pointer;   } <\/style>\n<div class=\"popup-container\">\n<p><b><a href=\"#\" onclick=\"document.getElementById('popup-img-multi').style.display='block'; return false;\">Izm\u0113ra tabula<\/a><\/b><\/p>\n<div class=\"popup-image-multi\" id=\"popup-img-multi\" onclick=\"this.style.display='none'\">     <img decoding=\"async\" src=\"https:\/\/site-2464979.mozfiles.com\/files\/2464979\/HART_IZMERU_TABULA.jpg?1744800324\" alt=\"Izm\u0113ra tabula\">   <\/div>\n<\/p><\/div>\n<h2>Apraksts<\/h2>\n<p><b>HART POINTER-GL<\/b> ir augstas jut\u012bbas med\u012bbu cimdi ar nogrieztu r\u0101d\u012bt\u0101jpirkstu maksim\u0101lai jut\u012bbai pie spr\u016bda. Izgatavoti no mikrofl\u012bsa ar v\u0113ju necaurlaid\u012bgu membr\u0101nu. Elast\u012bgi ielaidumi aug\u0161pus\u0113, nesl\u012bdo\u0161a plauksta un aproces aizdare ar neopr\u0113nu nodro\u0161ina komfortu un funkcionalit\u0101ti.<\/p>\n<h3>Sast\u0101vs<\/h3>\n<ul>\n<li>Apvalks 1: 100% poliesters ar lamin\u0113tu PU membr\u0101nu<\/li>\n<li>Apvalks 2: 100% poliuret\u0101ns<\/li>\n<li>Apvalks 3: 90% poliesters, 10% elast\u0101ns<\/li>\n<li>Apvalks 4: 60% neopr\u0113ns, 40% poliesters<\/li>\n<\/ul>\n","protected":false},"excerpt":{"rendered":"<p>Izm\u0113ra tabula Apraksts HART POINTER-GL ir augstas jut\u012bbas med\u012bbu cimdi ar nogrieztu r\u0101d\u012bt\u0101jpirkstu maksim\u0101lai jut\u012bbai pie spr\u016bda. Izgatavoti no mikrofl\u012bsa ar v\u0113ju necaurlaid\u012bgu membr\u0101nu. Elast\u012bgi ielaidumi aug\u0161pus\u0113, nesl\u012bdo\u0161a plauksta un&hellip;<\/p>\n","protected":false},"featured_media":0,"comment_status":"open","ping_status":"closed","template":"","meta":[],"product_brand":[],"product_cat":[524],"product_tag":[],"class_list":{"0":"post-59388","1":"product","2":"type-product","3":"status-publish","5":"product_cat-cimdi","7":"first","8":"instock","9":"shipping-taxable","10":"product-type-variable"},"_links":{"self":[{"href":"https:\/\/huntzone.eu\/en\/wp-json\/wp\/v2\/product\/59388","targetHints":{"allow":["GET"]}}],"collection":[{"href":"https:\/\/huntzone.eu\/en\/wp-json\/wp\/v2\/product"}],"about":[{"href":"https:\/\/huntzone.eu\/en\/wp-json\/wp\/v2\/types\/product"}],"replies":[{"embeddable":true,"href":"https:\/\/huntzone.eu\/en\/wp-json\/wp\/v2\/comments?post=59388"}],"wp:attachment":[{"href":"https:\/\/huntzone.eu\/en\/wp-json\/wp\/v2\/media?parent=59388"}],"wp:term":[{"taxonomy":"product_brand","embeddable":true,"href":"https:\/\/huntzone.eu\/en\/wp-json\/wp\/v2\/product_brand?post=59388"},{"taxonomy":"product_cat","embeddable":true,"href":"https:\/\/huntzone.eu\/en\/wp-json\/wp\/v2\/product_cat?post=59388"},{"taxonomy":"product_tag","embeddable":true,"href":"https:\/\/huntzone.eu\/en\/wp-json\/wp\/v2\/product_tag?post=59388"}],"curies":[{"name":"wp","href":"https:\/\/api.w.org\/{rel}","templated":true}]}}