{"id":59424,"date":"2026-03-03T13:31:19","date_gmt":"2026-03-03T13:31:19","guid":{"rendered":"https:\/\/huntzone.eu\/product\/hart-stilk-ctex-cepure-elpojosa-un-kukainus-atgrudosa-medibu-cepure\/"},"modified":"2026-04-17T10:26:31","modified_gmt":"2026-04-17T10:26:31","slug":"hart-stilk-ctex-cepure-elpojosa-un-kukainus-atgrudosa-medibu-cepure","status":"publish","type":"product","link":"https:\/\/huntzone.eu\/en\/product\/hart-stilk-ctex-cepure-elpojosa-un-kukainus-atgrudosa-medibu-cepure\/","title":{"rendered":"HART STILK-CTEX Cepure \u2013 Elpojo\u0161a un kukai\u0146us atgr\u016bdo\u0161a med\u012bbu cepure"},"content":{"rendered":"<p><!-- Izm\u0113ra tabula --> <\/p>\n<style>   .popup-container { position: relative; }   .popup-image-multi {     display: none;     position: fixed;     z-index: 9999;     top: 0;     left: 0;     width: 100vw;     height: 100vh;     overflow-y: scroll;     background-color: rgba(0, 0, 0, 0.4);     padding: 20px;     box-sizing: border-box;   }   .popup-image-multi img {     display: block;     max-width: 90%;     margin: 20px auto;     border: 4px solid white;     box-shadow: 0 0 20px black;     cursor: pointer;   } <\/style>\n<div class=\"popup-container\">\n<p><\/p>\n<div class=\"popup-image-multi\" id=\"popup-img-multi\" onclick=\"this.style.display='none'\">     <img decoding=\"async\" src=\"https:\/\/site-2464979.mozfiles.com\/files\/2464979\/HART_IZMERU_TABULA.jpg?1744800324\" alt=\"Izm\u0113ra tabula\">   <\/div>\n<\/p><\/div>\n<h2>Apraksts<\/h2>\n<p><b>HART STILK-CTEX Cepure<\/b> ir elpojo\u0161a un viegla cepure ar nagu, kas nodro\u0161ina aizsardz\u012bbu pret kukai\u0146iem, tostarp \u0113rc\u0113m, odiem un mu\u0161\u0101m, pateicoties <b>TANATEX\u00ae<\/b> apstr\u0101dei.<\/p>\n<p>Izgatavota no elast\u012bga un elpojo\u0161a materi\u0101la ar <b>XTRETCH DYNAMIC<\/b> tehnolo\u0123iju, kas nodro\u0161ina kust\u012bbu br\u012bv\u012bbu. Cepure ir ide\u0101li piem\u0113rota med\u012bb\u0101m un cit\u0101m \u0101ra aktivit\u0101t\u0113m, nodro\u0161inot komfortu un aizsardz\u012bbu pret kukai\u0146iem.<\/p>\n<h3>Tehnolo\u0123ijas<\/h3>\n<ul>\n<li><b>TANATEX\u00ae<\/b> \u2013 aizsardz\u012bba pret \u0113rc\u0113m, mu\u0161\u0101m, odiem un citiem kukai\u0146iem.<\/li>\n<li><b>XTRETCH DYNAMIC<\/b> \u2013 elast\u012bgi materi\u0101li komfortam un kust\u012bb\u0101m.<\/li>\n<li><b>HARTWARE<\/b> \u2013 komforts un siltuma regul\u0113\u0161ana akt\u012bv\u0101s situ\u0101cij\u0101s.<\/li>\n<\/ul>\n<h3>Sast\u0101vs<\/h3>\n<ul>\n<li>Apvalks 1: 100% poliesters<\/li>\n<\/ul>\n","protected":false},"excerpt":{"rendered":"<p>Apraksts HART STILK-CTEX Cepure ir elpojo\u0161a un viegla cepure ar nagu, kas nodro\u0161ina aizsardz\u012bbu pret kukai\u0146iem, tostarp \u0113rc\u0113m, odiem un mu\u0161\u0101m, pateicoties TANATEX\u00ae apstr\u0101dei. Izgatavota no elast\u012bga un elpojo\u0161a materi\u0101la&hellip;<\/p>\n","protected":false},"featured_media":0,"comment_status":"open","ping_status":"closed","template":"","meta":[],"product_brand":[],"product_cat":[525],"product_tag":[],"class_list":{"0":"post-59424","1":"product","2":"type-product","3":"status-publish","5":"product_cat-cepures-un-sejas-maskas","7":"first","8":"instock","9":"shipping-taxable","10":"product-type-variable"},"_links":{"self":[{"href":"https:\/\/huntzone.eu\/en\/wp-json\/wp\/v2\/product\/59424","targetHints":{"allow":["GET"]}}],"collection":[{"href":"https:\/\/huntzone.eu\/en\/wp-json\/wp\/v2\/product"}],"about":[{"href":"https:\/\/huntzone.eu\/en\/wp-json\/wp\/v2\/types\/product"}],"replies":[{"embeddable":true,"href":"https:\/\/huntzone.eu\/en\/wp-json\/wp\/v2\/comments?post=59424"}],"wp:attachment":[{"href":"https:\/\/huntzone.eu\/en\/wp-json\/wp\/v2\/media?parent=59424"}],"wp:term":[{"taxonomy":"product_brand","embeddable":true,"href":"https:\/\/huntzone.eu\/en\/wp-json\/wp\/v2\/product_brand?post=59424"},{"taxonomy":"product_cat","embeddable":true,"href":"https:\/\/huntzone.eu\/en\/wp-json\/wp\/v2\/product_cat?post=59424"},{"taxonomy":"product_tag","embeddable":true,"href":"https:\/\/huntzone.eu\/en\/wp-json\/wp\/v2\/product_tag?post=59424"}],"curies":[{"name":"wp","href":"https:\/\/api.w.org\/{rel}","templated":true}]}}