{"id":59427,"date":"2026-03-03T13:31:19","date_gmt":"2026-03-03T13:31:19","guid":{"rendered":"https:\/\/huntzone.eu\/product\/hart-stilk-txt-sieviesu-bikses-klusai-kustibai-un-komfortam\/"},"modified":"2026-04-17T10:26:31","modified_gmt":"2026-04-17T10:26:31","slug":"hart-stilk-txt-sieviesu-bikses-klusai-kustibai-un-komfortam","status":"publish","type":"product","link":"https:\/\/huntzone.eu\/en\/product\/hart-stilk-txt-sieviesu-bikses-klusai-kustibai-un-komfortam\/","title":{"rendered":"HART STILK-TXT sievie\u0161u bikses \u2013 klusai kust\u012bbai un komfortam"},"content":{"rendered":"<p><!-- Nomaksas kalkulators --> <\/p>\n<div class=\"moze-installment-box\"><\/div>\n<p> <script src=\"https:\/\/site-2464979.mozfiles.com\/files\/2464979\/kalkulators1__1_-1.js\"><\/script>  <!-- Izm\u0113ra tabula --> <\/p>\n<style>   .popup-container { position: relative; }   .popup-image-multi {     display: none;     position: fixed;     z-index: 9999;     top: 0; left: 0;     width: 100vw; height: 100vh;     overflow-y: scroll;     background-color: rgba(0, 0, 0, 0.4);     padding: 20px; box-sizing: border-box;   }   .popup-image-multi img {     display: block; max-width: 90%;     margin: 20px auto;     border: 4px solid white;     box-shadow: 0 0 20px black;     cursor: pointer;   } <\/style>\n<div class=\"popup-container\">\n<p><b><a href=\"#\" onclick=\"document.getElementById('popup-img-multi-lv').style.display='block'; return false;\">Izm\u0113ru tabula<\/a><\/b><\/p>\n<div class=\"popup-image-multi\" id=\"popup-img-multi-lv\" onclick=\"this.style.display='none'\">     <img decoding=\"async\" src=\"https:\/\/site-2464979.mozfiles.com\/files\/2464979\/HART_IZMERU_TABULA.jpg?1744800324\" alt=\"Izm\u0113ru tabula\">   <\/div>\n<\/p><\/div>\n<h2>Apraksts<\/h2>\n<p><b>HART STILK\u2011TXT sievie\u0161u med\u012bbu bikses<\/b> ar <b>Tanatex\u00ae apstr\u0101di<\/b> pied\u0101v\u0101 efekt\u012bvu aizsardz\u012bbu pret \u0113rc\u0113m un insektiem l\u012bdz 100 mazg\u0101\u0161anas reiz\u0113m. T\u0101s ir vieglas, elast\u012bgas un izgatavotas ar klusu, elpojo\u0161u materi\u0101lu med\u012bb\u0101m vasaras un starpsezonu laik\u0101. Elast\u012bgie ielaidumi ce\u013cgalu un muguras zon\u0101s nodro\u0161ina maksim\u0101lu kust\u012bbu br\u012bv\u012bbu un komfortu.<\/p>\n<h3>Tehnolo\u0123ijas<\/h3>\n<ul>\n<li><b>Tanatex\u00ae<\/b> \u2013 aizsardz\u012bba pret \u0113rc\u0113m un insektiem<\/li>\n<li><b>XTretch Dynamic<\/b> \u2013 elast\u012bgi ielaidumi kust\u012bb\u0101m<\/li>\n<li><b>Osmotech<\/b> \u2013 \u016bdensdro\u0161s un elpojo\u0161s lamin\u0101ts (10 000 mm \/ 10 000 g)<\/li>\n<li><b>Hartware<\/b> \u2013 siltuma regul\u0101cija akt\u012bvai kust\u012bbai<\/li>\n<li><b>YKK\u00ae<\/b> \u2013 kvalitat\u012bvi r\u0101v\u0113jsl\u0113dz\u0113ji<\/li>\n<\/ul>\n<h3>Sast\u0101vs<\/h3>\n<ul>\n<li>Galvenais audums: 60% kokvilna, 40% poliesters (vaskots, \u016bdeni atgr\u016bdo\u0161s)<\/li>\n<li>Elast\u012bgie ielaidumi: 90% neilons, 10% elast\u0101ns<\/li>\n<li>Odere: 100% poliesters<\/li>\n<\/ul>\n","protected":false},"excerpt":{"rendered":"<p>Izm\u0113ru tabula Apraksts HART STILK\u2011TXT sievie\u0161u med\u012bbu bikses ar Tanatex\u00ae apstr\u0101di pied\u0101v\u0101 efekt\u012bvu aizsardz\u012bbu pret \u0113rc\u0113m un insektiem l\u012bdz 100 mazg\u0101\u0161anas reiz\u0113m. T\u0101s ir vieglas, elast\u012bgas un izgatavotas ar klusu,&hellip;<\/p>\n","protected":false},"featured_media":0,"comment_status":"open","ping_status":"closed","template":"","meta":[],"product_brand":[],"product_cat":[535],"product_tag":[],"class_list":{"0":"post-59427","1":"product","2":"type-product","3":"status-publish","5":"product_cat-sieviesu-bikses","7":"first","8":"instock","9":"shipping-taxable","10":"product-type-variable"},"_links":{"self":[{"href":"https:\/\/huntzone.eu\/en\/wp-json\/wp\/v2\/product\/59427","targetHints":{"allow":["GET"]}}],"collection":[{"href":"https:\/\/huntzone.eu\/en\/wp-json\/wp\/v2\/product"}],"about":[{"href":"https:\/\/huntzone.eu\/en\/wp-json\/wp\/v2\/types\/product"}],"replies":[{"embeddable":true,"href":"https:\/\/huntzone.eu\/en\/wp-json\/wp\/v2\/comments?post=59427"}],"wp:attachment":[{"href":"https:\/\/huntzone.eu\/en\/wp-json\/wp\/v2\/media?parent=59427"}],"wp:term":[{"taxonomy":"product_brand","embeddable":true,"href":"https:\/\/huntzone.eu\/en\/wp-json\/wp\/v2\/product_brand?post=59427"},{"taxonomy":"product_cat","embeddable":true,"href":"https:\/\/huntzone.eu\/en\/wp-json\/wp\/v2\/product_cat?post=59427"},{"taxonomy":"product_tag","embeddable":true,"href":"https:\/\/huntzone.eu\/en\/wp-json\/wp\/v2\/product_tag?post=59427"}],"curies":[{"name":"wp","href":"https:\/\/api.w.org\/{rel}","templated":true}]}}