{"id":59432,"date":"2026-03-03T13:31:21","date_gmt":"2026-03-03T13:31:21","guid":{"rendered":"https:\/\/huntzone.eu\/product\/hart-stilk-txt-sieviesu-medibu-bikses-klusas-un-pret-kukainiem\/"},"modified":"2026-04-17T10:26:33","modified_gmt":"2026-04-17T10:26:33","slug":"hart-stilk-txt-sieviesu-medibu-bikses-klusas-un-pret-kukainiem","status":"publish","type":"product","link":"https:\/\/huntzone.eu\/en\/product\/hart-stilk-txt-sieviesu-medibu-bikses-klusas-un-pret-kukainiem\/","title":{"rendered":"HART STILK-TXT sievie\u0161u med\u012bbu bikses \u2013 klusas un pret kukai\u0146iem"},"content":{"rendered":"<p><!-- Nomaksas kalkulators --> <\/p>\n<div class=\"moze-installment-box\"><\/div>\n<p> <script src=\"https:\/\/site-2464979.mozfiles.com\/files\/2464979\/kalkulators1__1_-1.js\"><\/script>  <!-- Izm\u0113ra tabula --> <\/p>\n<style>   .popup-container { position: relative; }   .popup-image-multi {     display: none;     position: fixed;     z-index: 9999;     top: 0;     left: 0;     width: 100vw;     height: 100vh;     overflow-y: scroll;     background-color: rgba(0, 0, 0, 0.4);     padding: 20px;     box-sizing: border-box;   }   .popup-image-multi img {     display: block;     max-width: 90%;     margin: 20px auto;     border: 4px solid white;     box-shadow: 0 0 20px black;     cursor: pointer;   } <\/style>\n<div class=\"popup-container\">\n<p><b><a href=\"#\" onclick=\"document.getElementById('popup-img-multi').style.display='block'; return false;\">Izm\u0113ra tabula<\/a><\/b><\/p>\n<div class=\"popup-image-multi\" id=\"popup-img-multi\" onclick=\"this.style.display='none'\">     <img decoding=\"async\" src=\"https:\/\/site-2464979.mozfiles.com\/files\/2464979\/HART_IZMERU_TABULA.jpg?1744800324\" alt=\"Izm\u0113ra tabula\">   <\/div>\n<\/p><\/div>\n<h2>Apraksts<\/h2>\n<p><b>HART STILK-TXT sievie\u0161u med\u012bbu bikses<\/b> ir izstr\u0101d\u0101tas silt\u0101kiem laikapst\u0101k\u013ciem un ilgsto\u0161\u0101m pastaig\u0101m dab\u0101. T\u0101s ir klusas, elpojo\u0161as un vieglas, ar atbaido\u0161u p\u0101rkl\u0101jumu pret kukai\u0146iem. Lieliski piem\u0113rotas p\u0113ddzi\u0146iem un med\u012bb\u0101m siltaj\u0101 sezon\u0101.<\/p>\n<p>Apr\u012bkotas ar \u010detr\u0101m r\u0101v\u0113jsl\u0113dz\u0113ja kabat\u0101m \u2013 div\u0101m priek\u0161\u0101, vienu s\u0101nos un vienu aizmugur\u0113 \u2013, k\u0101 ar\u012b \u012bpa\u0161u kabatu nazim. Elast\u012bgs viduklis, ie\u0161\u016bts ce\u013cgalu zonas pastiprin\u0101jums un sievi\u0161\u0137\u012bgs piegriezums maksim\u0101lam komfortam kust\u012bb\u0101.<\/p>\n<h3>Tehnolo\u0123ijas<\/h3>\n<ul>\n<li><b>TANATEX\u00ae<\/b> \u2013 aizsardz\u012bba pret odiem, \u0113rc\u0113m un citiem kukai\u0146iem.<\/li>\n<li><b>XTRETCH DYNAMIC<\/b> \u2013 4 virzienos elast\u012bgs audums kust\u012bbu br\u012bv\u012bbai.<\/li>\n<li><b>YKK\u00ae<\/b> \u2013 augstas kvalit\u0101tes r\u0101v\u0113jsl\u0113dz\u0113ji.<\/li>\n<\/ul>\n<h3>Sast\u0101vs<\/h3>\n<ul>\n<li>Apvalks: 100% poliesters<\/li>\n<li>Oder\u0113jums: 100% poliesters<\/li>\n<\/ul>\n","protected":false},"excerpt":{"rendered":"<p>Izm\u0113ra tabula Apraksts HART STILK-TXT sievie\u0161u med\u012bbu bikses ir izstr\u0101d\u0101tas silt\u0101kiem laikapst\u0101k\u013ciem un ilgsto\u0161\u0101m pastaig\u0101m dab\u0101. T\u0101s ir klusas, elpojo\u0161as un vieglas, ar atbaido\u0161u p\u0101rkl\u0101jumu pret kukai\u0146iem. Lieliski piem\u0113rotas p\u0113ddzi\u0146iem&hellip;<\/p>\n","protected":false},"featured_media":0,"comment_status":"open","ping_status":"closed","template":"","meta":[],"product_brand":[],"product_cat":[535],"product_tag":[],"class_list":{"0":"post-59432","1":"product","2":"type-product","3":"status-publish","5":"product_cat-sieviesu-bikses","7":"first","8":"instock","9":"shipping-taxable","10":"product-type-variable"},"_links":{"self":[{"href":"https:\/\/huntzone.eu\/en\/wp-json\/wp\/v2\/product\/59432","targetHints":{"allow":["GET"]}}],"collection":[{"href":"https:\/\/huntzone.eu\/en\/wp-json\/wp\/v2\/product"}],"about":[{"href":"https:\/\/huntzone.eu\/en\/wp-json\/wp\/v2\/types\/product"}],"replies":[{"embeddable":true,"href":"https:\/\/huntzone.eu\/en\/wp-json\/wp\/v2\/comments?post=59432"}],"wp:attachment":[{"href":"https:\/\/huntzone.eu\/en\/wp-json\/wp\/v2\/media?parent=59432"}],"wp:term":[{"taxonomy":"product_brand","embeddable":true,"href":"https:\/\/huntzone.eu\/en\/wp-json\/wp\/v2\/product_brand?post=59432"},{"taxonomy":"product_cat","embeddable":true,"href":"https:\/\/huntzone.eu\/en\/wp-json\/wp\/v2\/product_cat?post=59432"},{"taxonomy":"product_tag","embeddable":true,"href":"https:\/\/huntzone.eu\/en\/wp-json\/wp\/v2\/product_tag?post=59432"}],"curies":[{"name":"wp","href":"https:\/\/api.w.org\/{rel}","templated":true}]}}