{"id":59478,"date":"2026-03-03T13:31:28","date_gmt":"2026-03-03T13:31:28","guid":{"rendered":"https:\/\/huntzone.eu\/product\/hart-armotion-class-j-sieviesu-jaka-izturiga-un-viegla-medibu-jaka\/"},"modified":"2026-03-18T16:07:01","modified_gmt":"2026-03-18T16:07:01","slug":"hart-armotion-class-j-sieviesu-jaka-izturiga-un-viegla-medibu-jaka","status":"publish","type":"product","link":"https:\/\/huntzone.eu\/en\/product\/hart-armotion-class-j-sieviesu-jaka-izturiga-un-viegla-medibu-jaka\/","title":{"rendered":"HART ARMOTION CLASS-J Sievie\u0161u Jaka \u2013 Iztur\u012bga un viegla med\u012bbu jaka"},"content":{"rendered":"<p><b>HART ARMOTION CLASS-J (Sievie\u0161u)<\/b> ir iztur\u012bga un viegla \u016bdensdro\u0161a med\u012bbu jaka, kas piem\u0113rota lieto\u0161anai me\u017e\u0101 un biezok\u0146os. Tai ir anatomisks piegriezums, pastiprin\u0101jumi un augsta funkcionalit\u0101te.<\/p>\n<p>Izgatavota no iztur\u012bga <b>rip-stop<\/b> auduma ar <b>500D neilona<\/b> ielaidumiem zem padus\u0113m. R\u0101v\u0113jsl\u0113dz\u0113ja kr\u016b\u0161u kabata ar media portu r\u0101cijai vai telefonam, priek\u0161\u0113j\u0101s kravas kabatas, med\u012bbu kabata, no\u0146emama kapuce ar regul\u0101ciju un iek\u0161\u0113j\u0101s kabatas \u2013 viena t\u012bkli\u0146kabata kapucei un viena apak\u0161\u0113j\u0101 kravas kabata.<\/p>\n<h3>Tehnolo\u0123ijas<\/h3>\n<ul>\n<li><b>OSMOTECH PLUS<\/b> \u2013 uzlabota elpojam\u012bba un \u016bdensiztur\u012bba (10 000 mm \/ 10 000 g\/m\u00b2).<\/li>\n<li><b>HARTWARE<\/b> \u2013 termoregul\u0101cija komfortam kust\u012bb\u0101.<\/li>\n<li><b>EDS<\/b> \u2013 ergonomisks dizains kust\u012bbu br\u012bv\u012bbai.<\/li>\n<\/ul>\n<h3>Sast\u0101vs<\/h3>\n<ul>\n<li>Apvalks 1: 100% poliesters ar PU lamin\u0113jumu<\/li>\n<li>Apvalks 2: 100% neilons ar PU lamin\u0113jumu<\/li>\n<li>Oder\u0113jums: 100% poliesters<\/li>\n<\/ul>\n","protected":false},"excerpt":{"rendered":"<p>HART ARMOTION CLASS-J (Sievie\u0161u) ir iztur\u012bga un viegla \u016bdensdro\u0161a med\u012bbu jaka, kas piem\u0113rota lieto\u0161anai me\u017e\u0101 un biezok\u0146os. Tai ir anatomisks piegriezums, pastiprin\u0101jumi un augsta funkcionalit\u0101te. Izgatavota no iztur\u012bga rip-stop auduma&hellip;<\/p>\n","protected":false},"featured_media":0,"comment_status":"open","ping_status":"closed","template":"","meta":[],"product_brand":[],"product_cat":[537],"product_tag":[],"class_list":{"0":"post-59478","1":"product","2":"type-product","3":"status-publish","5":"product_cat-sieviesu-jakas","7":"first","8":"instock","9":"shipping-taxable","10":"product-type-variable"},"_links":{"self":[{"href":"https:\/\/huntzone.eu\/en\/wp-json\/wp\/v2\/product\/59478","targetHints":{"allow":["GET"]}}],"collection":[{"href":"https:\/\/huntzone.eu\/en\/wp-json\/wp\/v2\/product"}],"about":[{"href":"https:\/\/huntzone.eu\/en\/wp-json\/wp\/v2\/types\/product"}],"replies":[{"embeddable":true,"href":"https:\/\/huntzone.eu\/en\/wp-json\/wp\/v2\/comments?post=59478"}],"wp:attachment":[{"href":"https:\/\/huntzone.eu\/en\/wp-json\/wp\/v2\/media?parent=59478"}],"wp:term":[{"taxonomy":"product_brand","embeddable":true,"href":"https:\/\/huntzone.eu\/en\/wp-json\/wp\/v2\/product_brand?post=59478"},{"taxonomy":"product_cat","embeddable":true,"href":"https:\/\/huntzone.eu\/en\/wp-json\/wp\/v2\/product_cat?post=59478"},{"taxonomy":"product_tag","embeddable":true,"href":"https:\/\/huntzone.eu\/en\/wp-json\/wp\/v2\/product_tag?post=59478"}],"curies":[{"name":"wp","href":"https:\/\/api.w.org\/{rel}","templated":true}]}}