{"id":59479,"date":"2026-03-03T13:31:28","date_gmt":"2026-03-03T13:31:28","guid":{"rendered":"https:\/\/huntzone.eu\/product\/hart-armotion-class-t-sieviesu-bikses-udensizturigas-un-pastiprinatas-bikses-medibam\/"},"modified":"2026-04-17T10:26:34","modified_gmt":"2026-04-17T10:26:34","slug":"hart-armotion-class-t-sieviesu-bikses-udensizturigas-un-pastiprinatas-bikses-medibam","status":"publish","type":"product","link":"https:\/\/huntzone.eu\/en\/product\/hart-armotion-class-t-sieviesu-bikses-udensizturigas-un-pastiprinatas-bikses-medibam\/","title":{"rendered":"HART ARMOTION CLASS-T Sievie\u0161u Bikses \u2013 \u016adensiztur\u012bgas un pastiprin\u0101tas bikses med\u012bb\u0101m"},"content":{"rendered":"<p><!-- Nomaksas kalkulators --> <\/p>\n<div class=\"moze-installment-box\"><\/div>\n<p> <script src=\"https:\/\/site-2464979.mozfiles.com\/files\/2464979\/kalkulators1__1_-1.js\"><\/script>  <!-- Izm\u0113ra tabula --> <\/p>\n<style>   .popup-container { position: relative; }   .popup-image-multi {     display: none;     position: fixed;     z-index: 9999;     top: 0;     left: 0;     width: 100vw;     height: 100vh;     overflow-y: scroll;     background-color: rgba(0, 0, 0, 0.4);     padding: 20px;     box-sizing: border-box;   }   .popup-image-multi img {     display: block;     max-width: 90%;     margin: 20px auto;     border: 4px solid white;     box-shadow: 0 0 20px black;     cursor: pointer;   } <\/style>\n<div class=\"popup-container\">\n<p><b><a href=\"#\" onclick=\"document.getElementById('popup-img-multi').style.display='block'; return false;\">Izm\u0113ra tabula<\/a><\/b><\/p>\n<div class=\"popup-image-multi\" id=\"popup-img-multi\" onclick=\"this.style.display='none'\">     <img decoding=\"async\" src=\"https:\/\/site-2464979.mozfiles.com\/files\/2464979\/HART_IZMERU_TABULA.jpg?1744800324\" alt=\"Izm\u0113ra tabula\">   <\/div>\n<\/p><\/div>\n<h2>Apraksts<\/h2>\n<p><b>HART ARMOTION CLASS-T (Sievie\u0161u)<\/b> ir jaun\u0101k\u0101s paaudzes \u016bdensiztur\u012bgas, funkcion\u0101las un iztur\u012bgas med\u012bbu bikses, rad\u012btas akt\u012bv\u0101m kust\u012bb\u0101m me\u017ea apst\u0101k\u013cos.<\/p>\n<p>Izgatavotas no 500D neilona auduma ar ripstop pastiprin\u0101jumiem priek\u0161pus\u0113 un aizmugur\u0113. Apr\u012bkotas ar <b>EDS<\/b> ergonomisko dizainu, <b>tr\u012bsk\u0101r\u0161\u0101m \u0161uv\u0113m<\/b> augstas slodzes viet\u0101s, un <b>ventil\u0101cijas kabat\u0101m<\/b>. Tr\u012bs r\u0101v\u0113jsl\u0113dz\u0113ju kabatas: divas sl\u012bp\u0101s priek\u0161pus\u0113, viena aizmugur\u0113. Lamin\u0113ta PU membr\u0101na ar piln\u012bb\u0101 l\u012bm\u0113t\u0101m \u0161uv\u0113m. \u016adensiztur\u012bba: 10 000 mm, elpojam\u012bba: 10 000 g\/m\u00b2.<\/p>\n<h3>Tehnolo\u0123ijas<\/h3>\n<ul>\n<li><b>OSMOTECH PLUS<\/b> \u2013 \u013coti elpojo\u0161a un \u016bdensdro\u0161a membr\u0101na.<\/li>\n<li><b>HARTWARE<\/b> \u2013 siltuma un mitruma p\u0101rvald\u012bba akt\u012bvai lieto\u0161anai.<\/li>\n<li><b>EDS<\/b> \u2013 ergonomisks dizains maksim\u0101lai kust\u012bbu br\u012bv\u012bbai.<\/li>\n<li><b>TRIPLE COSIDO<\/b> \u2013 tr\u012bsk\u0101r\u0161as \u0161uves iztur\u012bbai un ilgm\u016b\u017e\u012bbai.<\/li>\n<li><b>YKK\u00ae<\/b> \u2013 kvalitat\u012bvi un uzticami r\u0101v\u0113jsl\u0113dz\u0113ji.<\/li>\n<\/ul>\n<h3>Sast\u0101vs<\/h3>\n<ul>\n<li>Apvalks 1: 100% neilons, PU lamin\u0113ts<\/li>\n<li>Apvalks 2: 100% poliesters, PU lamin\u0113ts<\/li>\n<li>Oder\u0113jums: 100% poliesters<\/li>\n<\/ul>\n","protected":false},"excerpt":{"rendered":"<p>Izm\u0113ra tabula Apraksts HART ARMOTION CLASS-T (Sievie\u0161u) ir jaun\u0101k\u0101s paaudzes \u016bdensiztur\u012bgas, funkcion\u0101las un iztur\u012bgas med\u012bbu bikses, rad\u012btas akt\u012bv\u0101m kust\u012bb\u0101m me\u017ea apst\u0101k\u013cos. Izgatavotas no 500D neilona auduma ar ripstop pastiprin\u0101jumiem priek\u0161pus\u0113&hellip;<\/p>\n","protected":false},"featured_media":0,"comment_status":"open","ping_status":"closed","template":"","meta":[],"product_brand":[],"product_cat":[535],"product_tag":[],"class_list":{"0":"post-59479","1":"product","2":"type-product","3":"status-publish","5":"product_cat-sieviesu-bikses","7":"first","8":"instock","9":"shipping-taxable","10":"product-type-variable"},"_links":{"self":[{"href":"https:\/\/huntzone.eu\/en\/wp-json\/wp\/v2\/product\/59479","targetHints":{"allow":["GET"]}}],"collection":[{"href":"https:\/\/huntzone.eu\/en\/wp-json\/wp\/v2\/product"}],"about":[{"href":"https:\/\/huntzone.eu\/en\/wp-json\/wp\/v2\/types\/product"}],"replies":[{"embeddable":true,"href":"https:\/\/huntzone.eu\/en\/wp-json\/wp\/v2\/comments?post=59479"}],"wp:attachment":[{"href":"https:\/\/huntzone.eu\/en\/wp-json\/wp\/v2\/media?parent=59479"}],"wp:term":[{"taxonomy":"product_brand","embeddable":true,"href":"https:\/\/huntzone.eu\/en\/wp-json\/wp\/v2\/product_brand?post=59479"},{"taxonomy":"product_cat","embeddable":true,"href":"https:\/\/huntzone.eu\/en\/wp-json\/wp\/v2\/product_cat?post=59479"},{"taxonomy":"product_tag","embeddable":true,"href":"https:\/\/huntzone.eu\/en\/wp-json\/wp\/v2\/product_tag?post=59479"}],"curies":[{"name":"wp","href":"https:\/\/api.w.org\/{rel}","templated":true}]}}