{"id":59493,"date":"2026-03-03T13:31:30","date_gmt":"2026-03-03T13:31:30","guid":{"rendered":"https:\/\/huntzone.eu\/product\/hart-taunus-pj-sieviesu-jaka-viegla-un-silta-polstereta-jaka\/"},"modified":"2026-03-03T17:29:08","modified_gmt":"2026-03-03T17:29:08","slug":"hart-taunus-pj-sieviesu-jaka-viegla-un-silta-polstereta-jaka","status":"publish","type":"product","link":"https:\/\/huntzone.eu\/en\/product\/hart-taunus-pj-sieviesu-jaka-viegla-un-silta-polstereta-jaka\/","title":{"rendered":"HART TAUNUS-PJ Sievie\u0161u Jaka \u2013 Viegl\u0101 un silt\u0101 polster\u0113t\u0101 jaka"},"content":{"rendered":"<p><!-- Nomaksas kalkulators --> <\/p>\n<div class=\"moze-installment-box\"><\/div>\n<p> <script src=\"https:\/\/site-2464979.mozfiles.com\/files\/2464979\/kalkulators1__1_-1.js\"><\/script>  <!-- Izm\u0113ra tabula --> <\/p>\n<style>   .popup-container { position: relative; }   .popup-image-multi {     display: none;     position: fixed;     z-index: 9999;     top: 0;     left: 0;     width: 100vw;     height: 100vh;     overflow-y: scroll;     background-color: rgba(0, 0, 0, 0.4);     padding: 20px;     box-sizing: border-box;   }   .popup-image-multi img {     display: block;     max-width: 90%;     margin: 20px auto;     border: 4px solid white;     box-shadow: 0 0 20px black;     cursor: pointer;   } <\/style>\n<div class=\"popup-container\">\n<p><b><a href=\"#\" onclick=\"document.getElementById('popup-img-multi').style.display='block'; return false;\">Izm\u0113ra tabula<\/a><\/b><\/p>\n<div class=\"popup-image-multi\" id=\"popup-img-multi\" onclick=\"this.style.display='none'\">     <img decoding=\"async\" src=\"https:\/\/site-2464979.mozfiles.com\/files\/2464979\/HART_IZMERU_TABULA.jpg?1744800324\" alt=\"Izm\u0113ra tabula\">   <\/div>\n<\/p><\/div>\n<h2>Apraksts<\/h2>\n<p><b>HART TAUNUS-PJ Sievie\u0161u Jaka<\/b> ir ultra viegla, polster\u0113ta jaka, kas nodro\u0161ina papildu siltumizol\u0101ciju. Piem\u0113rota k\u0101 virs\u0113jais ap\u0123\u0113rbs vai k\u0101 siltuma sl\u0101nis zem cit\u0101m jak\u0101m.<\/p>\n<p>Jaka apr\u012bkota ar siltu <b>HDI80<\/b> polster\u0113jumu, kas saglab\u0101 \u0137erme\u0146a siltumu, netrauc\u0113jot mitruma iztvaiko\u0161anai. Divas \u0101r\u0113j\u0101s kabatas ar r\u0101v\u0113jsl\u0113dz\u0113ju un divas iek\u0161\u0113j\u0101s atv\u0113rtas kabatas. Komplekt\u0101 ietilpst neliela uzglab\u0101\u0161anas soma. Pateicoties vieglajam dizainam, jaka ir \u0113rti p\u0101rn\u0113s\u0101jama.<\/p>\n<h3>Tehnolo\u0123ijas<\/h3>\n<ul>\n<li><b>HDI80<\/b> \u2013 augsta bl\u012bvuma izol\u0101cija, kas saglab\u0101 \u0137erme\u0146a siltumu un nodro\u0161ina \u0101tru \u017e\u016b\u0161anu.<\/li>\n<\/ul>\n<h3>Sast\u0101vs<\/h3>\n<ul>\n<li>Apvalks 1: 100% neilons<\/li>\n<li>Oder\u0113jums: 100% poliesters<\/li>\n<li>Polster\u0113jums: 100% poliesters<\/li>\n<\/ul>\n","protected":false},"excerpt":{"rendered":"<p>Izm\u0113ra tabula Apraksts HART TAUNUS-PJ Sievie\u0161u Jaka ir ultra viegla, polster\u0113ta jaka, kas nodro\u0161ina papildu siltumizol\u0101ciju. Piem\u0113rota k\u0101 virs\u0113jais ap\u0123\u0113rbs vai k\u0101 siltuma sl\u0101nis zem cit\u0101m jak\u0101m. Jaka apr\u012bkota ar&hellip;<\/p>\n","protected":false},"featured_media":0,"comment_status":"open","ping_status":"closed","template":"","meta":[],"product_brand":[],"product_cat":[537],"product_tag":[],"class_list":{"0":"post-59493","1":"product","2":"type-product","3":"status-publish","5":"product_cat-sieviesu-jakas","7":"first","8":"instock","9":"shipping-taxable","10":"product-type-variable"},"_links":{"self":[{"href":"https:\/\/huntzone.eu\/en\/wp-json\/wp\/v2\/product\/59493","targetHints":{"allow":["GET"]}}],"collection":[{"href":"https:\/\/huntzone.eu\/en\/wp-json\/wp\/v2\/product"}],"about":[{"href":"https:\/\/huntzone.eu\/en\/wp-json\/wp\/v2\/types\/product"}],"replies":[{"embeddable":true,"href":"https:\/\/huntzone.eu\/en\/wp-json\/wp\/v2\/comments?post=59493"}],"wp:attachment":[{"href":"https:\/\/huntzone.eu\/en\/wp-json\/wp\/v2\/media?parent=59493"}],"wp:term":[{"taxonomy":"product_brand","embeddable":true,"href":"https:\/\/huntzone.eu\/en\/wp-json\/wp\/v2\/product_brand?post=59493"},{"taxonomy":"product_cat","embeddable":true,"href":"https:\/\/huntzone.eu\/en\/wp-json\/wp\/v2\/product_cat?post=59493"},{"taxonomy":"product_tag","embeddable":true,"href":"https:\/\/huntzone.eu\/en\/wp-json\/wp\/v2\/product_tag?post=59493"}],"curies":[{"name":"wp","href":"https:\/\/api.w.org\/{rel}","templated":true}]}}