{"id":71551,"date":"2026-03-03T13:29:38","date_gmt":"2026-03-03T13:29:38","guid":{"rendered":"https:\/\/huntzone.eu\/product\/cole-tac-backbone-frame-eu-steel-frame-for-support-bags-with-arca-picatinny-mount\/"},"modified":"2026-03-03T13:29:38","modified_gmt":"2026-03-03T13:29:38","slug":"cole-tac-backbone-frame-eu-steel-frame-for-support-bags-with-arca-picatinny-mount","status":"publish","type":"product","link":"https:\/\/huntzone.eu\/en\/product\/cole-tac-backbone-frame-eu-steel-frame-for-support-bags-with-arca-picatinny-mount\/","title":{"rendered":"COLE-TAC Backbone Frame EU \u2013 Steel Frame for Support Bags with ARCA\/Picatinny Mount"},"content":{"rendered":"<p data-start=\"306\" data-end=\"491\"><strong data-start=\"306\" data-end=\"327\">Backbone Frame EU<\/strong> ir m\u016bsdien\u012bgs risin\u0101jums atbalsta maisa stiprin\u0101\u0161anai pie iero\u010da. Konstrukcija nov\u0113r\u0161 nepiecie\u0161am\u012bbu izmantot siksnas, kas tiek p\u0101rliktas p\u0101ri ierocim vai optikai.<\/p>\n<p data-start=\"493\" data-end=\"674\">R\u0101mis ir izgatavots no melnin\u0101ta t\u0113rauda un piestiprin\u0101s pie iero\u010da ar univers\u0101lu <strong data-start=\"575\" data-end=\"619\">ARCA \/ Picatinny QD fiks\u0101cijas meh\u0101nismu<\/strong>. Tas nodro\u0161ina dro\u0161u, stabilu un atk\u0101rtojamu poz\u012bciju.<\/p>\n<p data-start=\"676\" data-end=\"801\">Pla\u0161\u0101 r\u0101mja virsma nov\u0113r\u0161 maisa grie\u0161anos un sl\u012bd\u0113\u0161anu \u0161au\u0161anas laik\u0101, bet \u010detri Velcro stiprin\u0101jumi dro\u0161i notur maisu viet\u0101.<\/p>\n<h3 data-start=\"803\" data-end=\"825\">Galven\u0101s \u012bpa\u0161\u012bbas:<\/h3>\n<ul data-start=\"826\" data-end=\"1062\">\n<li data-start=\"826\" data-end=\"869\">\n<p data-start=\"828\" data-end=\"869\">Sader\u012bgs ar <strong data-start=\"840\" data-end=\"869\">38 mm (1.5\u2033) ARCA slied\u0113m<\/strong><\/p>\n<\/li>\n<li data-start=\"870\" data-end=\"914\">\n<p data-start=\"872\" data-end=\"914\">Sader\u012bgs ar <strong data-start=\"884\" data-end=\"914\">Picatinny \/ Weaver slied\u0113m<\/strong><\/p>\n<\/li>\n<li data-start=\"915\" data-end=\"960\">\n<p data-start=\"917\" data-end=\"960\">Univers\u0101ls QD \u0101tr\u0101s fiks\u0101cijas stiprin\u0101jums<\/p>\n<\/li>\n<li data-start=\"961\" data-end=\"1002\">\n<p data-start=\"963\" data-end=\"1002\">Iztur\u012bga melnin\u0101ta t\u0113rauda konstrukcija<\/p>\n<\/li>\n<li data-start=\"1003\" data-end=\"1035\">\n<p data-start=\"1005\" data-end=\"1035\">Stabils risin\u0101jums bez siksn\u0101m<\/p>\n<\/li>\n<li data-start=\"1036\" data-end=\"1062\">\n<p data-start=\"1038\" data-end=\"1062\">Ra\u017eots Eiropas Savien\u012bb\u0101<\/p>\n<\/li>\n<\/ul>\n<p data-start=\"1064\" data-end=\"1114\">Piem\u0113rots t\u0101l\u0161au\u0161anai, med\u012bb\u0101m un sporta \u0161au\u0161anai.<\/p>\n","protected":false},"excerpt":{"rendered":"<p>Backbone Frame EU ir m\u016bsdien\u012bgs risin\u0101jums atbalsta maisa stiprin\u0101\u0161anai pie iero\u010da. Konstrukcija nov\u0113r\u0161 nepiecie\u0161am\u012bbu izmantot siksnas, kas tiek p\u0101rliktas p\u0101ri ierocim vai optikai. R\u0101mis ir izgatavots no melnin\u0101ta t\u0113rauda un&hellip;<\/p>\n","protected":false},"featured_media":0,"comment_status":"open","ping_status":"closed","template":"","meta":[],"product_brand":[],"product_cat":[731],"product_tag":[],"class_list":{"0":"post-71551","1":"product","2":"type-product","3":"status-publish","5":"product_cat-barricade-bags","7":"first","8":"instock","9":"shipping-taxable","10":"purchasable","11":"product-type-simple"},"_links":{"self":[{"href":"https:\/\/huntzone.eu\/en\/wp-json\/wp\/v2\/product\/71551","targetHints":{"allow":["GET"]}}],"collection":[{"href":"https:\/\/huntzone.eu\/en\/wp-json\/wp\/v2\/product"}],"about":[{"href":"https:\/\/huntzone.eu\/en\/wp-json\/wp\/v2\/types\/product"}],"replies":[{"embeddable":true,"href":"https:\/\/huntzone.eu\/en\/wp-json\/wp\/v2\/comments?post=71551"}],"wp:attachment":[{"href":"https:\/\/huntzone.eu\/en\/wp-json\/wp\/v2\/media?parent=71551"}],"wp:term":[{"taxonomy":"product_brand","embeddable":true,"href":"https:\/\/huntzone.eu\/en\/wp-json\/wp\/v2\/product_brand?post=71551"},{"taxonomy":"product_cat","embeddable":true,"href":"https:\/\/huntzone.eu\/en\/wp-json\/wp\/v2\/product_cat?post=71551"},{"taxonomy":"product_tag","embeddable":true,"href":"https:\/\/huntzone.eu\/en\/wp-json\/wp\/v2\/product_tag?post=71551"}],"curies":[{"name":"wp","href":"https:\/\/api.w.org\/{rel}","templated":true}]}}