{"id":71567,"date":"2026-03-03T13:29:42","date_gmt":"2026-03-03T13:29:42","guid":{"rendered":"https:\/\/huntzone.eu\/product\/vorn-dls-kit-no-4\/"},"modified":"2026-03-03T13:29:42","modified_gmt":"2026-03-03T13:29:42","slug":"vorn-dls-kit-no-4","status":"publish","type":"product","link":"https:\/\/huntzone.eu\/en\/product\/vorn-dls-kit-no-4\/","title":{"rendered":"VORN DLS Kit No. 4"},"content":{"rendered":"<p><!-- Nomaksas kalkulators --> <\/p>\n<div class=\"moze-installment-box\"><\/div>\n<p data-sourcepos=\"3:1-3:312\"><b>Vorn DLS komplekts #4<\/b> ir izstr\u0101d\u0101ts, lai nodro\u0161in\u0101tu \u0113rtu un efekt\u012bvu veidu,   k\u0101 n\u0113s\u0101t lielgabar\u012bta un smagu apr\u012bkojumu. \u0160is komplekts ir ide\u0101li piem\u0113rots   medniekiem, p\u0101rg\u0101jienu entuziastiem un ikvienam, kur\u0161 nov\u0113rt\u0113 iztur\u012bgu un piel\u0101gojamu   apr\u012bkojumu, kas paredz\u0113ts lielu un smagu priek\u0161metu transport\u0113\u0161anai.<\/p>\n<p data-sourcepos=\"3:1-3:312\">   <img decoding=\"async\" src=\"https:\/\/site-2464979.mozfiles.com\/files\/2464979\/DLS_Setup4_-_English.jpg\" alt=\"DLS_Setup4_-_English.jpg\" class=\"moze-img-center\">    <\/p>\n<p data-sourcepos=\"5:1-5:21\"><b>Galven\u0101s iez\u012bmes:<\/b><\/p>\n<ul data-sourcepos=\"7:1-13:0\">\n<li data-sourcepos=\"7:1-7:169\"><b>Lielas ietilp\u012bbas soma (L70):<\/b> Nodro\u0161ina 70 litru ietilp\u012bbu, kas ir pietiekami     daudz vietas lielgabar\u012bta priek\u0161metu, piem\u0113ram, malkas vai med\u012bjuma, transport\u0113\u0161anai.<\/li>\n<li data-sourcepos=\"8:1-8:126\"><b>Dinamiskais slodzes r\u0101mis (DLF):<\/b> Nodro\u0161ina stabilu un \u0113rtu slodzes sadal\u012bjumu,     atvieglojot smagu priek\u0161metu p\u0101rn\u0113s\u0101\u0161anu.<\/li>\n<li data-sourcepos=\"9:1-9:124\"><b>Papla\u0161in\u0101\u0161anas iesp\u0113jas:<\/b> Iesp\u0113ja pievienot papildu 50 litru (B50) vai     20 litru (B20) somas, lai palielin\u0101tu ietilp\u012bbu.<\/li>\n<li data-sourcepos=\"10:1-10:109\"><b>Stabilit\u0101tes uzlabo\u0161ana:<\/b> Iesp\u0113ja pievienot LS (Load Sling) \u0101rpus\u0113, lai     nodro\u0161in\u0101tu papildu stabilit\u0101ti.<\/li>\n<li data-sourcepos=\"11:1-11:111\"><b>Iztur\u012bga konstrukcija:<\/b> Izgatavots no augstas kvalit\u0101tes materi\u0101liem, kas     nodro\u0161ina iztur\u012bbu un ilgm\u016b\u017e\u012bbu.<\/li>\n<li data-sourcepos=\"12:1-13:0\"><b>Liels ietilp\u012bbas un svara attiec\u012bba:<\/b> 70 litru ietilp\u012bba ar tikai 1,43     kg svaru.<\/li>\n<\/ul>\n<p data-sourcepos=\"14:1-14:18\"><b>Priek\u0161roc\u012bbas:<\/b><\/p>\n<ul data-sourcepos=\"16:1-21:0\">\n<li data-sourcepos=\"16:1-16:61\">\u0112rta un ergonomiska konstrukcija smagu slod\u017eu p\u0101rn\u0113s\u0101\u0161anai.<\/li>\n<li data-sourcepos=\"17:1-17:56\">Piel\u0101gojama sist\u0113ma da\u017e\u0101du piederumu piestiprin\u0101\u0161anai.<\/li>\n<li data-sourcepos=\"18:1-18:64\">Palielin\u0101ta ietilp\u012bba lielgabar\u012bta priek\u0161metu transport\u0113\u0161anai.<\/li>\n<li data-sourcepos=\"19:1-19:57\">Uzlabota stabilit\u0101te smagas slodzes p\u0101rn\u0113s\u0101\u0161anas laik\u0101.<\/li>\n<li data-sourcepos=\"20:1-21:0\">Piem\u0113rots smagu un lielu priek\u0161metu transport\u0113\u0161anai.<\/li>\n<\/ul>\n<p data-sourcepos=\"22:1-22:14\"><b>Piem\u0113rots:<\/b><\/p>\n<ul data-sourcepos=\"24:1-28:0\">\n<li data-sourcepos=\"24:1-24:13\">Medniekiem.<\/li>\n<li data-sourcepos=\"25:1-25:26\">P\u0101rg\u0101jienu entuziastiem.<\/li>\n<li data-sourcepos=\"26:1-26:88\">\u0100ra aktivit\u0101\u0161u cien\u012bt\u0101jiem, kuriem nepiecie\u0161ams transport\u0113t lielu un smagu apr\u012bkojumu.<\/li>\n<li data-sourcepos=\"27:1-28:0\">Cilv\u0113kiem kuriem ir nepiecie\u0161ams transport\u0113t lielgabar\u012bta priek\u0161metus.<\/li>\n<\/ul>\n<p data-sourcepos=\"29:1-29:169\"><b>Vorn DLS komplekts #4<\/b> ir uzticams un praktisks risin\u0101jums, kas nodro\u0161ina   komfortu un efektivit\u0101ti, transport\u0113jot lielgabar\u012bta un smagu apr\u012bkojumu j\u016bsu   piedz\u012bvojumos.<\/p>\n<p data-sourcepos=\"29:1-29:169\">\n<div class=\"moze-center\">   <iframe class=\"moze-iframe\" src=\"https:\/\/www.youtube.com\/embed\/b7AYCmeGlpg\" height=\"360px\" width=\"640px\" allowfullscreen=\"allowfullscreen\"><\/iframe> <\/div>\n<\/p>\n<p data-sourcepos=\"29:1-29:169\">   <img decoding=\"async\" src=\"https:\/\/site-2464979.mozfiles.com\/files\/2464979\/Dlsintro-1.jpg?1742541298\" alt=\"Dlsintro-1.jpg\" class=\"moze-img-center\">    <\/p>\n","protected":false},"excerpt":{"rendered":"<p>Vorn DLS komplekts #4 ir izstr\u0101d\u0101ts, lai nodro\u0161in\u0101tu \u0113rtu un efekt\u012bvu veidu, k\u0101 n\u0113s\u0101t lielgabar\u012bta un smagu apr\u012bkojumu. \u0160is komplekts ir ide\u0101li piem\u0113rots medniekiem, p\u0101rg\u0101jienu entuziastiem un ikvienam, kur\u0161 nov\u0113rt\u0113&hellip;<\/p>\n","protected":false},"featured_media":0,"comment_status":"open","ping_status":"closed","template":"","meta":[],"product_brand":[],"product_cat":[544],"product_tag":[],"class_list":{"0":"post-71567","1":"product","2":"type-product","3":"status-publish","5":"product_cat-vorn-dls-mugursomas-un-aksesuari","7":"first","8":"instock","9":"shipping-taxable","10":"purchasable","11":"product-type-simple"},"_links":{"self":[{"href":"https:\/\/huntzone.eu\/en\/wp-json\/wp\/v2\/product\/71567","targetHints":{"allow":["GET"]}}],"collection":[{"href":"https:\/\/huntzone.eu\/en\/wp-json\/wp\/v2\/product"}],"about":[{"href":"https:\/\/huntzone.eu\/en\/wp-json\/wp\/v2\/types\/product"}],"replies":[{"embeddable":true,"href":"https:\/\/huntzone.eu\/en\/wp-json\/wp\/v2\/comments?post=71567"}],"wp:attachment":[{"href":"https:\/\/huntzone.eu\/en\/wp-json\/wp\/v2\/media?parent=71567"}],"wp:term":[{"taxonomy":"product_brand","embeddable":true,"href":"https:\/\/huntzone.eu\/en\/wp-json\/wp\/v2\/product_brand?post=71567"},{"taxonomy":"product_cat","embeddable":true,"href":"https:\/\/huntzone.eu\/en\/wp-json\/wp\/v2\/product_cat?post=71567"},{"taxonomy":"product_tag","embeddable":true,"href":"https:\/\/huntzone.eu\/en\/wp-json\/wp\/v2\/product_tag?post=71567"}],"curies":[{"name":"wp","href":"https:\/\/api.w.org\/{rel}","templated":true}]}}