{"id":72326,"date":"2026-03-10T16:54:56","date_gmt":"2026-03-10T16:54:56","guid":{"rendered":"https:\/\/huntzone.eu\/product\/nocpix-quest-h35r-thermal-imaging-binoculars\/"},"modified":"2026-03-21T15:12:21","modified_gmt":"2026-03-21T15:12:21","slug":"nocpix-quest-h35r-thermal-imaging-binoculars","status":"publish","type":"product","link":"https:\/\/huntzone.eu\/en\/product\/nocpix-quest-h35r-thermal-imaging-binoculars\/","title":{"rendered":"Nocpix QUEST H35R thermal imaging binoculars"},"content":{"rendered":"&#13;\n&#13;\n<p><strong>NOCPIX QUEST<\/strong> \u2013 premium klases term\u0101lie binok\u013ci, izstr\u0101d\u0101ti pras\u012bgiem medniekiem! Viegls, kompakts un \u012bpa\u0161i prec\u012bzs \u2013 atkl\u0101j objektus l\u012bdz pat 1800 m att\u0101lum\u0101, bet integr\u0113tais l\u0101zera t\u0101lm\u0113rs nodro\u0161ina prec\u012bzu distances m\u0113r\u012b\u0161anu l\u012bdz 1000 m. Klasiskais binok\u013cu dizains, piln\u012bb\u0101 gumijots korpuss un IP67 aizsardz\u012bbas klase garant\u0113 iztur\u012bbu un komfortu pat vissmag\u0101kajos apst\u0101k\u013cos. Jaud\u012bgais 640\u00d7512 iz\u0161\u0137irtsp\u0113jas sensors (NETD \u226415mK, 60Hz) nodro\u0161ina izcilu att\u0113la detaliz\u0101ciju, augstu term\u0101lo jut\u012bbu un nevainojami pl\u016bsto\u0161u att\u0113la p\u0101rraidi bez aizkaves.<\/p>&#13;\n&#13;\n&#13;\n<h2 class=\"wp-block-heading\">Izcila att\u0113la kvalit\u0101te<\/h2>&#13;\n&#13;\n&#13;\n<p>Nocpix QUEST term\u0101lie binok\u013ci ar R+ tehnolo\u0123iju, kas nov\u0113r\u0161 \u201catt\u0113la troksni\u201d, palielina kontrastu un izce\u013c deta\u013cas, radot daudz as\u0101ku un skaidr\u0101ku term\u0101lo att\u0113lu. \u0160\u012b tehnolo\u0123ija nodro\u0161ina iev\u0113rojami augst\u0101ku un kvalitat\u012bv\u0101ku att\u0113la l\u012bmeni. 1920\u00d71200 AMOLED ekr\u0101ns garant\u0113 spilgtas kr\u0101sas un dzi\u013cu kontrastu.<\/p>&#13;\n&#13;\n&#13;\n<h2 class=\"wp-block-heading\">Premium kvalit\u0101te<\/h2>&#13;\n&#13;\n&#13;\n<p><strong>NOCPIX QUEST H35R<\/strong> \u2013 premium klases term\u0101lie binok\u013ci, kas paredz\u0113ti tiem, kuri nov\u0113rt\u0113 nevainojamu att\u0113la kvalit\u0101ti un uzticam\u012bbu \u012bpa\u0161i sare\u017e\u0123\u012btos laikapst\u0101k\u013cos. Uzlabotais 640\u00d7512@12\u00b5m sensors nodro\u0161ina izcilu detaliz\u0101ciju un kontrastu, \u013caujot skaidri saskat\u012bt pat \u013coti att\u0101lus objektus. Pateicoties \u012bpa\u0161i augstajai term\u0101lajai jut\u012bbai (NETD \u226415mK), QUEST H35R uztver pat vismaz\u0101k\u0101s temperat\u016bras at\u0161\u0137ir\u012bbas, t\u0101p\u0113c lieliski darbojas migl\u0101, liet\u016b vai snieg\u0101. 60 Hz kadru nomai\u0146as \u0101trums nodro\u0161ina nevainojami pl\u016bsto\u0161u att\u0113lu, \u013caujot prec\u012bzi sekot pat \u0101tri kust\u012bgiem objektiem. Tie ir premium klases binok\u013ci medniekiem, dabas nov\u0113rot\u0101jiem un taktisk\u0101m vajadz\u012bb\u0101m, kur svar\u012bga ir maksim\u0101la redzam\u012bba un uzticam\u012bba jebkuros apst\u0101k\u013cos.<\/p>&#13;\n&#13;\n&#13;\n<h2 class=\"wp-block-heading\">Atkl\u0101\u0161anas iesp\u0113jas<\/h2>&#13;\n&#13;\n&#13;\n<p><strong>NOCPIX QUEST H35R<\/strong> binok\u013ciem ir iespaid\u012bgs atkl\u0101\u0161anas att\u0101lums l\u012bdz 1800 m, un integr\u0113tais t\u0101lm\u0113rs \u013cauj prec\u012bzi izm\u0113r\u012bt att\u0101lumu l\u012bdz 1000 m. \u0160\u012bs funkcijas \u013cauj redz\u0113t t\u0101l\u0101k un prec\u012bzi noteikt att\u0101lumu l\u012bdz m\u0113r\u0137im. Papildus QUEST binok\u013ci atbalsta ballistisko apr\u0113\u0137inu funkciju. \u0160\u012bs modern\u0101s tehnolo\u0123ijas nodro\u0161ina augstu precizit\u0101ti, uzticam\u012bbu un kvalitat\u012bvu rezult\u0101tu jebkuros apst\u0101k\u013cos.<\/p>&#13;\n&#13;\n&#13;\n<h2 class=\"wp-block-heading\">Vad\u012bba ar vienu roku<\/h2>&#13;\n&#13;\n&#13;\n<p><strong>NOCPIX QUEST<\/strong> binok\u013ci ir izstr\u0101d\u0101ti, lai nodro\u0161in\u0101tu maksim\u0101lu veiktsp\u0113ju un komfortu pat sare\u017e\u0123\u012btos apst\u0101k\u013cos. Ergonomiskais dizains ar nesl\u012bdo\u0161u gumijas p\u0101rkl\u0101jumu nodro\u0161ina dro\u0161u un \u0113rtu satv\u0113rienu. 4 pogu vad\u012bbas sist\u0113ma ir viegli lietojama ar vienu roku, bet centr\u0101lais ritenti\u0146\u0161 \u013cauj \u0101tri un prec\u012bzi kontrol\u0113t funkcijas. Tas nodro\u0161ina komfortu un \u0101tru reakciju jebkur\u0101 situ\u0101cij\u0101.<\/p>&#13;\n&#13;\n&#13;\n<h2 class=\"wp-block-heading\">Viegls un kompakts<\/h2>&#13;\n&#13;\n&#13;\n<p>\u012apa\u0161i vieglie un kompaktie <strong>NOCPIX QUEST<\/strong> binok\u013ci, kas sver tikai 700 g un kuru izm\u0113ri ir 175.4 \u00d7 138 \u00d7 66 mm, ir paredz\u0113ti \u0113rtai un ilgsto\u0161ai lieto\u0161anai bez noguruma. Komplekt\u0101 iek\u013caut\u0101 soma nodro\u0161ina dro\u0161u transport\u0113\u0161anu un \u0101tru piek\u013cuvi ier\u012bcei.<\/p>&#13;\n&#13;\n&#13;\n<h2 class=\"wp-block-heading\">Divu bateriju sist\u0113ma<\/h2>&#13;\n&#13;\n&#13;\n<p>Binok\u013ci apr\u012bkoti ar modernu divu bateriju sist\u0113mu \u2013 ieb\u016bv\u0113tu akumulatoru un nomain\u0101mu 18650 bateriju. Tas nodro\u0161ina ilg\u0101ku darb\u012bbas laiku un nep\u0101rtrauktu lieto\u0161anu pat sare\u017e\u0123\u012btos apst\u0101k\u013cos. Kad viena baterija izl\u0101d\u0113jas, to var nekav\u0113joties nomain\u012bt bez gaid\u012b\u0161anas.<\/p>&#13;\n&#13;\n&#13;\n<h2 class=\"wp-block-heading\">IP67 aizsardz\u012bbas klase<\/h2>&#13;\n&#13;\n&#13;\n<p><strong>NOCPIX QUEST<\/strong> binok\u013ciem ir IP67 aizsardz\u012bbas klase, kas nodro\u0161ina piln\u012bgu aizsardz\u012bbu pret putek\u013ciem un \u016bdeni. Ier\u012bce var iztur\u0113t iegremd\u0113\u0161anu l\u012bdz 1 metra dzi\u013cumam l\u012bdz 30 min\u016bt\u0113m bez funkcionalit\u0101tes zuduma. Tas \u013cauj izmantot binok\u013cus pat visgr\u016bt\u0101kajos apst\u0101k\u013cos \u2013 liet\u016b, migl\u0101 vai putek\u013cain\u0101 vid\u0113.<\/p>&#13;\n","protected":false},"excerpt":{"rendered":"<p>&#13; &#13; NOCPIX QUEST \u2013 premium klases term\u0101lie binok\u013ci, izstr\u0101d\u0101ti pras\u012bgiem medniekiem! Viegls, kompakts un \u012bpa\u0161i prec\u012bzs \u2013 atkl\u0101j objektus l\u012bdz pat 1800 m att\u0101lum\u0101, bet integr\u0113tais l\u0101zera t\u0101lm\u0113rs nodro\u0161ina&hellip;<\/p>\n","protected":false},"featured_media":71832,"comment_status":"closed","ping_status":"closed","template":"","meta":[],"product_brand":[793],"product_cat":[579],"product_tag":[],"class_list":{"0":"post-72326","1":"product","2":"type-product","3":"status-publish","4":"has-post-thumbnail","6":"product_brand-nocpix","7":"product_cat-thermal-binoculars","9":"first","10":"instock","11":"sale","12":"shipping-taxable","13":"purchasable","14":"product-type-simple"},"_links":{"self":[{"href":"https:\/\/huntzone.eu\/en\/wp-json\/wp\/v2\/product\/72326","targetHints":{"allow":["GET"]}}],"collection":[{"href":"https:\/\/huntzone.eu\/en\/wp-json\/wp\/v2\/product"}],"about":[{"href":"https:\/\/huntzone.eu\/en\/wp-json\/wp\/v2\/types\/product"}],"replies":[{"embeddable":true,"href":"https:\/\/huntzone.eu\/en\/wp-json\/wp\/v2\/comments?post=72326"}],"wp:featuredmedia":[{"embeddable":true,"href":"https:\/\/huntzone.eu\/en\/wp-json\/wp\/v2\/media\/71832"}],"wp:attachment":[{"href":"https:\/\/huntzone.eu\/en\/wp-json\/wp\/v2\/media?parent=72326"}],"wp:term":[{"taxonomy":"product_brand","embeddable":true,"href":"https:\/\/huntzone.eu\/en\/wp-json\/wp\/v2\/product_brand?post=72326"},{"taxonomy":"product_cat","embeddable":true,"href":"https:\/\/huntzone.eu\/en\/wp-json\/wp\/v2\/product_cat?post=72326"},{"taxonomy":"product_tag","embeddable":true,"href":"https:\/\/huntzone.eu\/en\/wp-json\/wp\/v2\/product_tag?post=72326"}],"curies":[{"name":"wp","href":"https:\/\/api.w.org\/{rel}","templated":true}]}}