{"id":72328,"date":"2026-03-10T16:54:56","date_gmt":"2026-03-10T16:54:56","guid":{"rendered":"https:\/\/huntzone.eu\/product\/nocpix-lumi-h35r-thermal-imager-with-rangefinder\/"},"modified":"2026-03-21T15:06:53","modified_gmt":"2026-03-21T15:06:53","slug":"nocpix-lumi-h35r-thermal-imager-with-rangefinder","status":"publish","type":"product","link":"https:\/\/huntzone.eu\/en\/product\/nocpix-lumi-h35r-thermal-imager-with-rangefinder\/","title":{"rendered":"Nocpix LUMI H35R thermal imager with rangefinder"},"content":{"rendered":"&#13;\n&#13;\n<h2 class=\"wp-block-heading\">Premium kvalit\u0101tes Nocpix s\u0113rija<\/h2>&#13;\n&#13;\n&#13;\n<p>Nocpix LUMI s\u0113rijas term\u0101lie monok\u013ci ir premium kvalit\u0101tes ier\u012bces no Nocpix l\u012bnijas. \u0160\u012b LUMI s\u0113rija izce\u013cas ar modern\u0101kaj\u0101m tehnolo\u0123ij\u0101m un augst\u0101k\u0101s kvalit\u0101tes att\u0113la risin\u0101jumiem. T\u0101 nodro\u0161ina nep\u0101rsp\u0113jamu att\u0113la precizit\u0101ti un skaidr\u012bbu pat vissare\u017e\u0123\u012bt\u0101kajos apst\u0101k\u013cos, sniedzot detaliz\u0113tu att\u0113lu.<\/p>&#13;\n&#13;\n&#13;\n<h2 class=\"wp-block-heading\">Augsta att\u0113la kvalit\u0101te<\/h2>&#13;\n&#13;\n&#13;\n<p>640\u00d7512 iz\u0161\u0137irtsp\u0113ja nodro\u0161ina skaidru un detaliz\u0113tu att\u0113lu, \u013caujot atpaz\u012bt objektu formas, tekst\u016bras un kont\u016bras, kas ir \u012bpa\u0161i svar\u012bgi, nov\u0113rojot s\u012bkas deta\u013cas vai att\u0101lus objektus. NETD \u226418 mK termisk\u0101 jut\u012bba garant\u0113, ka pat vismaz\u0101k\u0101s temperat\u016bras at\u0161\u0137ir\u012bbas b\u016bs skaidri redzamas. Tas \u013cauj nov\u0113rot smalkas siltuma izmai\u0146as un ieg\u016bt prec\u012bzus datus pat sare\u017e\u0123\u012btos apst\u0101k\u013cos. Augstais 50 Hz kadru \u0101trums nodro\u0161ina vienm\u0113r\u012bgu att\u0113la p\u0101rraidi un stabilit\u0101ti, \u013caujot efekt\u012bvi sekot \u0101tri kust\u012bgiem objektiem bez att\u0113la izkrop\u013cojumiem.<\/p>&#13;\n&#13;\n&#13;\n<h2 class=\"wp-block-heading\"><strong>Kompakt\u0101kais monoklis ar t\u0101lm\u0113ru<\/strong><\/h2>&#13;\n&#13;\n&#13;\n<p>Ieb\u016bv\u0113tais l\u0101zera t\u0101lm\u0113rs prec\u012bzi m\u0113ra att\u0101lumu l\u012bdz 800 metriem, nodro\u0161inot uzticamu objekta distances noteik\u0161anu.<\/p>&#13;\n&#13;\n&#13;\n<h2 class=\"wp-block-heading\"><strong>HD 1024\u00d7768 AMOLED ekr\u0101ns<\/strong><\/h2>&#13;\n&#13;\n&#13;\n<p>Ar 1024\u00d7768 pikse\u013cu iz\u0161\u0137irtsp\u0113ju ekr\u0101ns nodro\u0161ina skaidru un detaliz\u0113tu att\u0113lu, kas \u013cauj viegli at\u0161\u0137irt s\u012bkas deta\u013cas un objektu \u012bpa\u0161\u012bbas. Tas ir \u012bpa\u0161i noder\u012bgi situ\u0101cij\u0101s, kad nepiecie\u0161ams prec\u012bzi nov\u0113rt\u0113t vai analiz\u0113t nelielus objektus. AMOLED tehnolo\u0123ija nodro\u0161ina izcilu kr\u0101su atveidi, augstu kontrastu un att\u0113la pies\u0101tin\u0101jumu, padarot att\u0113lu skaidr\u0101ku un pat\u012bkam\u0101ku ac\u012bm.<\/p>&#13;\n&#13;\n&#13;\n<h2 class=\"wp-block-heading\"><strong>Reality+ tehnolo\u0123ija<\/strong><\/h2>&#13;\n&#13;\n&#13;\n<p>Jaunais term\u0101lais monoklis Nocpix LUMI H35R ir apr\u012bkots ar Reality+ tehnolo\u0123iju. \u0160\u012b tehnolo\u0123ija nov\u0113r\u0161 att\u0113la troksni, uzlabo kontrastu un izce\u013c deta\u013cas, radot daudz as\u0101ku un skaidr\u0101ku term\u0101lo att\u0113lu. Rezult\u0101t\u0101 tiek ieg\u016bta iev\u0113rojami augst\u0101ka un kvalitat\u012bv\u0101ka att\u0113la kvalit\u0101te.<\/p>&#13;\n&#13;\n&#13;\n<h2 class=\"wp-block-heading\"><strong>Objekt\u012bva gaismas caurlaid\u012bba<\/strong><\/h2>&#13;\n&#13;\n&#13;\n<p>F0.9 objekt\u012bvs caurlai\u017e par 20% vair\u0101k gaismas sal\u012bdzin\u0101jum\u0101 ar standarta F1.0 objekt\u012bvu, padarot Nocpix LUMI s\u0113rijas term\u0101lo monok\u013cu att\u0113lu v\u0113l spilgt\u0101ku un skaidr\u0101ku.<\/p>&#13;\n&#13;\n&#13;\n<h2 class=\"wp-block-heading\">Noteik\u0161anas iesp\u0113jas<\/h2>&#13;\n&#13;\n&#13;\n<p>35 mm objekt\u012bvs kop\u0101 ar 640\u00d7512 iz\u0161\u0137irtsp\u0113ju \u013cauj efekt\u012bvi un detaliz\u0113ti analiz\u0113t nov\u0113rojamos objektus. Noteik\u0161anas distance l\u012bdz 1800 metriem.<\/p>&#13;\n&#13;\n&#13;\n<h2 class=\"wp-block-heading\">Aizsardz\u012bbas klase IP67<\/h2>&#13;\n&#13;\n&#13;\n<p>Ier\u012bce ir piln\u012bb\u0101 putek\u013cu necaurlaid\u012bga un \u016bdensiztur\u012bga, pat iegremd\u0113jot l\u012bdz 1 metra dzi\u013cumam uz 30 min\u016bt\u0113m. Tas nodro\u0161ina, ka Nocpix LUMI H35R var izmantot da\u017e\u0101dos laikapst\u0101k\u013cos \u2013 liet\u016b, snieg\u0101 vai dub\u013cos \u2013 saglab\u0101jot pilnu funkcionalit\u0101ti pat ekstr\u0113mos apst\u0101k\u013cos.<\/p>&#13;\n&#13;\n&#13;\n<h2 class=\"wp-block-heading\">Klus\u0101s pogas<\/h2>&#13;\n&#13;\n&#13;\n<p>Klus\u0101s pogas ir \u012bpa\u0161i izstr\u0101d\u0101tas, lai uzlabotu lieto\u0161anas pieredzi da\u017e\u0101d\u0101s situ\u0101cij\u0101s. T\u0101s darbojas bez ska\u0146as, kas ir \u012bpa\u0161i svar\u012bgi med\u012bb\u0101s, lai netrauc\u0113tu dz\u012bvniekus. Turkl\u0101t pogas ir iztur\u012bgas pret putek\u013ciem un mitrumu, nodro\u0161inot ier\u012bces uzticamu darb\u012bbu pat sare\u017e\u0123\u012btos apst\u0101k\u013cos.<\/p>&#13;\n&#13;\n&#13;\n<h2 class=\"wp-block-heading\"><strong>Kr\u0101su paletes<\/strong><\/h2>&#13;\n&#13;\n&#13;\n<p>LUMI H35R term\u0101lais monoklis ir apr\u012bkots ar da\u017e\u0101d\u0101m kr\u0101su palet\u0113m, tostarp sarkano un za\u013co re\u017e\u012bmu, kas pal\u012bdz samazin\u0101t acu nogurumu un \u013cauj ier\u012bci izmantot ilgsto\u0161i bez papildu slodzes ac\u012bm.<\/p>&#13;\n&#13;\n&#13;\n<h2 class=\"wp-block-heading\"><strong>Kompakts<\/strong><\/h2>&#13;\n&#13;\n&#13;\n<p>LUMI s\u0113rijas term\u0101lie monok\u013ci izce\u013cas ar ergonomisku dizainu, kompaktiem izm\u0113riem (147\u00d747\u00d774 mm) un nelielu svaru (385 g), kas nodro\u0161ina \u0113rtu p\u0101rn\u0113s\u0101\u0161anu un lieto\u0161anu.<\/p>&#13;\n&#13;\n&#13;\n<h2 class=\"wp-block-heading\"><strong>LUMI s\u0113rija \u2013 \u0113rta bateriju nomai\u0146a<\/strong><\/h2>&#13;\n&#13;\n&#13;\n<p>LUMI s\u0113rijas term\u0101lie monok\u013ci izmanto 18650 baterijas, kuras var ievietot jebkur\u0101 virzien\u0101, pateicoties aizsardz\u012bbai pret nepareizu polarit\u0101ti. Tas noz\u012bm\u0113, ka ier\u012bce darbosies dro\u0161i neatkar\u012bgi no baterijas ievieto\u0161anas virziena. \u0160\u012b funkcija ir \u012bpa\u0161i noder\u012bga nakt\u012b vai v\u0101j\u0101 apgaismojum\u0101, nodro\u0161inot vienk\u0101r\u0161u un dro\u0161u lieto\u0161anu bez riska saboj\u0101t ier\u012bci.<\/p>&#13;\n&#13;\n&#13;\n<h2 class=\"wp-block-heading\">Specifik\u0101cija<\/h2>&#13;\n&#13;\n&#13;\n<figure class=\"wp-block-table\"><table class=\"has-fixed-layout\"><tbody>&#13;\n<tr><td>Modelis<\/td><td>LUMI H35R<\/td><\/tr>&#13;\n<tr><td>Iz\u0161\u0137irtsp\u0113ja<\/td><td>640 \u00d7 512<\/td><\/tr>&#13;\n<tr><td>Pikse\u013ca izm\u0113rs, \u03bcm<\/td><td>12<\/td><\/tr>&#13;\n<tr><td>Termisk\u0101 jut\u012bba NETD, mK<\/td><td>\u226418<\/td><\/tr>&#13;\n<tr><td>Kadru \u0101trums, Hz<\/td><td>50<\/td><\/tr>&#13;\n<tr><td>Objekt\u012bvs, mm<\/td><td>35 F0.9<\/td><\/tr>&#13;\n<tr><td>Redzes lauks, \u00b0<\/td><td>12.5 \u00d7 9.4 \/ 22 \u00d7 16<\/td><\/tr>&#13;\n<tr><td>Palielin\u0101jums<\/td><td>2.5 ~ 20<\/td><\/tr>&#13;\n<tr><td>Noteik\u0161anas distance<\/td><td>1800<\/td><\/tr>&#13;\n<tr><td>Dioptrijas<\/td><td>-5 ~ +5<\/td><\/tr>&#13;\n<tr><td>Ekr\u0101ns<\/td><td>AMOLED 1024\u00d7768<\/td><\/tr>&#13;\n<tr><td>Baterija<\/td><td>Main\u0101ma 18650<\/td><\/tr>&#13;\n<tr><td>Maks. darb\u012bbas laiks (pie 22\u00b0C), h<\/td><td>4,5<\/td><\/tr>&#13;\n<tr><td>Ska\u0146as ieraksts<\/td><td>J\u0101<\/td><\/tr>&#13;\n<tr><td>Atmi\u0146a, GB<\/td><td>32<\/td><\/tr>&#13;\n<tr><td>Aizsardz\u012bbas klase<\/td><td>IP67<\/td><\/tr>&#13;\n<tr><td>T\u0101lm\u0113rs<\/td><td>1. klase, 800 m<\/td><\/tr>&#13;\n<tr><td>Darb\u012bbas temperat\u016bra, \u00b0C<\/td><td>-20 l\u012bdz +50<\/td><\/tr>&#13;\n<tr><td>Svars, g (ar bateriju)<\/td><td>385<\/td><\/tr>&#13;\n<tr><td>Izm\u0113ri, mm<\/td><td>147\u00d747\u00d774<\/td><\/tr>&#13;\n<\/tbody><\/table><\/figure>&#13;\n","protected":false},"excerpt":{"rendered":"<p>&#13; &#13; Premium kvalit\u0101tes Nocpix s\u0113rija &#13; &#13; &#13; Nocpix LUMI s\u0113rijas term\u0101lie monok\u013ci ir premium kvalit\u0101tes ier\u012bces no Nocpix l\u012bnijas. \u0160\u012b LUMI s\u0113rija izce\u013cas ar modern\u0101kaj\u0101m tehnolo\u0123ij\u0101m un augst\u0101k\u0101s&hellip;<\/p>\n","protected":false},"featured_media":71882,"comment_status":"closed","ping_status":"closed","template":"","meta":[],"product_brand":[793],"product_cat":[539],"product_tag":[],"class_list":{"0":"post-72328","1":"product","2":"type-product","3":"status-publish","4":"has-post-thumbnail","6":"product_brand-nocpix","7":"product_cat-termalie-monokli-2","9":"first","10":"instock","11":"sale","12":"shipping-taxable","13":"purchasable","14":"product-type-simple"},"_links":{"self":[{"href":"https:\/\/huntzone.eu\/en\/wp-json\/wp\/v2\/product\/72328","targetHints":{"allow":["GET"]}}],"collection":[{"href":"https:\/\/huntzone.eu\/en\/wp-json\/wp\/v2\/product"}],"about":[{"href":"https:\/\/huntzone.eu\/en\/wp-json\/wp\/v2\/types\/product"}],"replies":[{"embeddable":true,"href":"https:\/\/huntzone.eu\/en\/wp-json\/wp\/v2\/comments?post=72328"}],"wp:featuredmedia":[{"embeddable":true,"href":"https:\/\/huntzone.eu\/en\/wp-json\/wp\/v2\/media\/71882"}],"wp:attachment":[{"href":"https:\/\/huntzone.eu\/en\/wp-json\/wp\/v2\/media?parent=72328"}],"wp:term":[{"taxonomy":"product_brand","embeddable":true,"href":"https:\/\/huntzone.eu\/en\/wp-json\/wp\/v2\/product_brand?post=72328"},{"taxonomy":"product_cat","embeddable":true,"href":"https:\/\/huntzone.eu\/en\/wp-json\/wp\/v2\/product_cat?post=72328"},{"taxonomy":"product_tag","embeddable":true,"href":"https:\/\/huntzone.eu\/en\/wp-json\/wp\/v2\/product_tag?post=72328"}],"curies":[{"name":"wp","href":"https:\/\/api.w.org\/{rel}","templated":true}]}}