{"id":72329,"date":"2026-03-10T16:54:56","date_gmt":"2026-03-10T16:54:56","guid":{"rendered":"https:\/\/huntzone.eu\/product\/nocpix-lumi-l19-thermal-imager\/"},"modified":"2026-03-21T15:02:57","modified_gmt":"2026-03-21T15:02:57","slug":"nocpix-lumi-l19-thermal-imager","status":"publish","type":"product","link":"https:\/\/huntzone.eu\/en\/product\/nocpix-lumi-l19-thermal-imager\/","title":{"rendered":"Nocpix LUMI L19 thermal imager"},"content":{"rendered":"&#13;\n&#13;\n<h2 class=\"wp-block-heading\">Nocpix premium kvalit\u0101tes l\u012bnija<\/h2>&#13;\n&#13;\n&#13;\n<p>Nocpix LUMI s\u0113rijas term\u0101lie monok\u013ci ir jaun\u0101kie InfiRay premium kvalit\u0101tes term\u0101lie monok\u013ci no Nocpix l\u012bnijas. Jaun\u0101 LUMI s\u0113rija ir atjaunin\u0101ta un uzlabota IRIS s\u0113rija, kas apr\u012bkota ar jaun\u0101kaj\u0101m tehnolo\u0123ij\u0101m un premium video risin\u0101jumiem. T\u0101 nodro\u0161ina nep\u0101rsp\u0113jamu att\u0113la precizit\u0101ti un skaidr\u012bbu pat vissare\u017e\u0123\u012bt\u0101kajos apst\u0101k\u013cos, sniedzot detaliz\u0113tu att\u0113lu.<\/p>&#13;\n&#13;\n&#13;\n<figure class=\"wp-block-image\"><img decoding=\"async\" src=\"https:\/\/opticspot.lt\/wp-content\/uploads\/2024\/10\/Screenshot-2024-09-25-at-23.26.51-990x509-1.png\" alt=\"Screenshot 2024 09 25 At 23.26.51 990x509 (1)\" class=\"wp-image-10031\"\/><\/figure>&#13;\n&#13;\n&#13;\n<h2 class=\"wp-block-heading\">Izcila att\u0113la kvalit\u0101te<\/h2>&#13;\n&#13;\n&#13;\n<p>384\u00d7288 iz\u0161\u0137irtsp\u0113ja nodro\u0161ina skaidru un detaliz\u0113tu att\u0113lu, kas \u013cauj viegli at\u0161\u0137irt s\u012bkas deta\u013cas un objekta \u012bpa\u0161\u012bbas. Mazais 12\u03bcm pikse\u013ca izm\u0113rs nodro\u0161ina liel\u0101ku att\u0113la detaliz\u0101ciju un precizit\u0101ti, \u013caujot uztvert nelielas temperat\u016bras at\u0161\u0137ir\u012bbas un skaidri saskat\u012bt pat vismaz\u0101kos objektus. NETD \u226418mK term\u0101l\u0101 jut\u012bba garant\u0113, ka pat vismaz\u0101k\u0101s temperat\u016bras at\u0161\u0137ir\u012bbas b\u016bs skaidri redzamas. Tas \u013cauj nov\u0113rot smalkas siltuma izmai\u0146as un ieg\u016bt prec\u012bzus datus pat sare\u017e\u0123\u012btos apst\u0101k\u013cos. Augstais 50Hz kadru nomai\u0146as \u0101trums nodro\u0161ina vienm\u0113r\u012bgu att\u0113la p\u0101rraidi un stabilit\u0101ti, \u013caujot efekt\u012bvi sekot \u0101tri kust\u012bgiem objektiem bez att\u0113la izkrop\u013cojumiem vai trauc\u0113jumiem.<\/p>&#13;\n&#13;\n&#13;\n<figure class=\"wp-block-image\"><img decoding=\"async\" src=\"https:\/\/opticspot.lt\/wp-content\/uploads\/2024\/10\/Screenshot-2024-09-25-at-23.37.01-990x539-1.png\" alt=\"Screenshot 2024 09 25 At 23.37.01 990x539\" class=\"wp-image-10038\"\/><\/figure>&#13;\n&#13;\n&#13;\n<h2 class=\"wp-block-heading\"><strong>HD 1024\u00d7768 AMOLED ekr\u0101ns<\/strong><\/h2>&#13;\n&#13;\n&#13;\n<p>Ar 1024\u00d7768 pikse\u013cu iz\u0161\u0137irtsp\u0113ju ekr\u0101ns nodro\u0161ina skaidru un detaliz\u0113tu att\u0113lu, kas \u013cauj viegli at\u0161\u0137irt s\u012bkas deta\u013cas un objekta \u012bpa\u0161\u012bbas. Tas ir \u012bpa\u0161i noder\u012bgi, ja nepiecie\u0161ams prec\u012bzi nov\u0113rt\u0113t situ\u0101ciju vai analiz\u0113t s\u012bkus objektus. AMOLED tehnolo\u0123ijai rakstur\u012bga izcila kr\u0101su atveide, kas nodro\u0161ina augstu kontrastu un att\u0113la pies\u0101tin\u0101jumu. Tas \u013cauj redz\u0113t vair\u0101k deta\u013cu un nodro\u0161ina skaidr\u0101ku un ac\u012bm pat\u012bkam\u0101ku att\u0113lu.<\/p>&#13;\n&#13;\n&#13;\n<h2 class=\"wp-block-heading\"><strong>Reality+ tehnolo\u0123ija<\/strong><\/h2>&#13;\n&#13;\n&#13;\n<p>Jaunais term\u0101lais monoklis Nocpix LUMI L19 ir izstr\u0101d\u0101ts ar Reality+ tehnolo\u0123iju. \u0160\u012b tehnolo\u0123ija nov\u0113r\u0161 \u201catt\u0113la troksni\u201d, palielina att\u0113la kontrastu un izce\u013c deta\u013cas, veidojot daudz as\u0101ku un skaidr\u0101ku term\u0101lo att\u0113lu. \u0160\u012bs tehnolo\u0123ijas rezult\u0101t\u0101 tiek ieg\u016bta iev\u0113rojami augst\u0101ka un kvalitat\u012bv\u0101ka att\u0113la kvalit\u0101te.<\/p>&#13;\n&#13;\n&#13;\n<figure class=\"wp-block-image\"><img decoding=\"async\" src=\"https:\/\/opticspot.lt\/wp-content\/uploads\/2024\/10\/Screenshot-2024-09-25-at-22.02.39-1-990x360-1.png\" alt=\"Screenshot 2024 09 25 At 22.02.39 1 990x360\" class=\"wp-image-10030\"\/><\/figure>&#13;\n&#13;\n&#13;\n<h2 class=\"wp-block-heading\"><strong>Objekt\u012bva gaismas caurlaid\u012bba<\/strong><\/h2>&#13;\n&#13;\n&#13;\n<p>F0.9 objekt\u012bvs caurlai\u017e par 20% vair\u0101k gaismas sal\u012bdzin\u0101jum\u0101 ar parastu F1.0 objekt\u012bvu, padarot Nocpix LUMI s\u0113rijas term\u0101lo monok\u013cu att\u0113lus v\u0113l gai\u0161\u0101kus un skaidr\u0101kus.<\/p>&#13;\n&#13;\n&#13;\n<figure class=\"wp-block-image\"><img decoding=\"async\" src=\"https:\/\/opticspot.lt\/wp-content\/uploads\/2024\/10\/Screenshot-2024-09-25-at-23.27.19-990x509-1.png\" alt=\"Screenshot 2024 09 25 At 23.27.19 990x509\" class=\"wp-image-10032\"\/><\/figure>&#13;\n&#13;\n&#13;\n<h2 class=\"wp-block-heading\">Noteik\u0161anas iesp\u0113jas<\/h2>&#13;\n&#13;\n&#13;\n<p>19 mm objekt\u012bvs \u013cauj efekt\u012bvi noteikt un analiz\u0113t objektus, nodro\u0161inot detaliz\u0113tu un skaidru inform\u0101ciju par nov\u0113rojamajiem objektiem. Noteik\u0161anas att\u0101lums l\u012bdz 980 metriem.<\/p>&#13;\n&#13;\n&#13;\n<h2 class=\"wp-block-heading\">Aizsardz\u012bbas klase IP67<\/h2>&#13;\n&#13;\n&#13;\n<p>Ier\u012bce ir piln\u012bb\u0101 putek\u013cu necaurlaid\u012bga un piln\u012bb\u0101 \u016bdensiztur\u012bga pat tad, ja t\u0101 tiek iegremd\u0113ta l\u012bdz 1 metra dzi\u013cumam uz laiku l\u012bdz 30 min\u016bt\u0113m. Tas nodro\u0161ina, ka Nocpix LUMI L19 var iztur\u0113t da\u017e\u0101dus laikapst\u0101k\u013cus, tostarp lietu, sniegu un dub\u013cus, k\u0101 ar\u012b ir iztur\u012bga pret \u016bdens iek\u013c\u016b\u0161anu, \u013caujot to izmantot pat vissare\u017e\u0123\u012bt\u0101kajos apst\u0101k\u013cos.<\/p>&#13;\n&#13;\n&#13;\n<h2 class=\"wp-block-heading\">Klus\u0101s pogas<\/h2>&#13;\n&#13;\n&#13;\n<p>Klus\u0101s pogas ir \u012bpa\u0161i izstr\u0101d\u0101tas, lai uzlabotu lietot\u0101ja pieredzi un funkcionalit\u0101ti da\u017e\u0101d\u0101s situ\u0101cij\u0101s. \u0160\u012bs pogas darbojas bez ska\u0146as, t\u0101p\u0113c t\u0101s ir ide\u0101li piem\u0113rotas situ\u0101cij\u0101m, kad nepiecie\u0161ams iev\u0113rot klusumu, piem\u0113ram, med\u012bb\u0101s. Tas pal\u012bdz izvair\u012bties no trauc\u0113jumiem un nerada troksni, kas var\u0113tu izbied\u0113t dz\u012bvniekus. Turkl\u0101t klus\u0101s pogas ir iztur\u012bgas pret putek\u013ciem un \u016bdeni, kas palielina ier\u012bces iztur\u012bbu un uzticam\u012bbu, nodro\u0161inot dro\u0161u darb\u012bbu pat ekstrem\u0101los apst\u0101k\u013cos.<\/p>&#13;\n&#13;\n&#13;\n<figure class=\"wp-block-image\"><img decoding=\"async\" src=\"https:\/\/opticspot.lt\/wp-content\/uploads\/2024\/10\/tylus-mygtukai-lumi-990x462-1.png\" alt=\"Silent Buttons Lumi 990x462\" class=\"wp-image-10034\"\/><\/figure>&#13;\n&#13;\n&#13;\n<h2 class=\"wp-block-heading\"><strong>Kr\u0101su palete<\/strong><\/h2>&#13;\n&#13;\n&#13;\n<p>LUMI L19 term\u0101lais monoklis ir apr\u012bkots ar da\u017e\u0101d\u0101m kr\u0101su palet\u0113m, tostarp sarkano un za\u013co re\u017e\u012bmu, kas paredz\u0113ti acu noguruma mazin\u0101\u0161anai, \u013caujot ier\u012bci izmantot ilgsto\u0161i bez acu noguruma.<\/p>&#13;\n&#13;\n&#13;\n<figure class=\"wp-block-image\"><img decoding=\"async\" src=\"https:\/\/opticspot.lt\/wp-content\/uploads\/2024\/10\/Screenshot-2024-09-25-at-23.40.08-990x494-1.png\" alt=\"Screenshot 2024 09 25 At 23.40.08 990x494\" class=\"wp-image-10033\"\/><\/figure>&#13;\n&#13;\n&#13;\n<h2 class=\"wp-block-heading\"><\/h2>&#13;\n&#13;\n&#13;\n<h2 class=\"wp-block-heading\">Specifik\u0101cija<\/h2>&#13;\n&#13;\n&#13;\n<figure class=\"wp-block-table\"><table class=\"has-fixed-layout\"><tbody><tr><td>Modelis<\/td><td>LUMI-L19<\/td><\/tr><tr><td>Iz\u0161\u0137irtsp\u0113ja<\/td><td>384 \u00d7 288<\/td><\/tr><tr><td>Pikse\u013ca izm\u0113rs, \u03bcm<\/td><td>12<\/td><\/tr><tr><td>Term\u0101l\u0101 jut\u012bba NETD, mK<\/td><td>\u226418<\/td><\/tr><tr><td>Kadru nomai\u0146as \u0101trums, Hz<\/td><td>50<\/td><\/tr><tr><td>Objekt\u012bvs, mm<\/td><td>19 F0.9<\/td><\/tr><tr><td>Redzes lauks, \u00b0<\/td><td>13.8 \u00d7 10.4<br\/>\/ 24 \u00d7 18<\/td><\/tr><tr><td>Palielin\u0101jums<\/td><td>2 ~ 8<\/td><\/tr><tr><td>Noteik\u0161anas att\u0101lums<\/td><td>980<\/td><\/tr><tr><td>Dioptrijas<\/td><td>-5 ~ + 5<\/td><\/tr><tr><td>Ekr\u0101ns<\/td><td>AMOLED 1024\u00d7768<\/td><\/tr><tr><td>Akumulators<\/td><td>Main\u0101ms 18650<\/td><\/tr><tr><td>Maks. darb\u012bbas laiks, (t=22\u00b0C) stundas<\/td><td>4,5<\/td><\/tr><tr><td>Audio ieraksts<\/td><td>J\u0101<\/td><\/tr><tr><td>Atmi\u0146as ietilp\u012bba, GB<\/td><td>32<\/td><\/tr><tr><td>Aizsardz\u012bbas klase<\/td><td>IP67<\/td><\/tr><tr><td>Darb\u012bbas temperat\u016bra, \u00b0C<\/td><td>-20 l\u012bdz +50<\/td><\/tr><tr><td>Svars, g (ar akumulatoru)<\/td><td>335<\/td><\/tr><tr><td>Izm\u0113ri, mm<\/td><td>139 \u00d7 47 \u00d7 74<\/td><\/tr><\/tbody><\/table><\/figure>&#13;\n","protected":false},"excerpt":{"rendered":"<p>Nocpix LUMI series thermal imagers are the latest InfiRay premium quality thermal imagers from the Nocpix line. This new LUMI series is an updated and improved IRIS series, distinguished by state-of-the-art technology and the highest quality image solutions. It guarantees unmatched image accuracy and clarity even in the most challenging conditions, giving you a detailed image.<\/p>\n","protected":false},"featured_media":71899,"comment_status":"closed","ping_status":"closed","template":"","meta":[],"product_brand":[793],"product_cat":[539],"product_tag":[],"class_list":{"0":"post-72329","1":"product","2":"type-product","3":"status-publish","4":"has-post-thumbnail","6":"product_brand-nocpix","7":"product_cat-termalie-monokli-2","9":"first","10":"instock","11":"sale","12":"shipping-taxable","13":"purchasable","14":"product-type-simple"},"_links":{"self":[{"href":"https:\/\/huntzone.eu\/en\/wp-json\/wp\/v2\/product\/72329","targetHints":{"allow":["GET"]}}],"collection":[{"href":"https:\/\/huntzone.eu\/en\/wp-json\/wp\/v2\/product"}],"about":[{"href":"https:\/\/huntzone.eu\/en\/wp-json\/wp\/v2\/types\/product"}],"replies":[{"embeddable":true,"href":"https:\/\/huntzone.eu\/en\/wp-json\/wp\/v2\/comments?post=72329"}],"wp:featuredmedia":[{"embeddable":true,"href":"https:\/\/huntzone.eu\/en\/wp-json\/wp\/v2\/media\/71899"}],"wp:attachment":[{"href":"https:\/\/huntzone.eu\/en\/wp-json\/wp\/v2\/media?parent=72329"}],"wp:term":[{"taxonomy":"product_brand","embeddable":true,"href":"https:\/\/huntzone.eu\/en\/wp-json\/wp\/v2\/product_brand?post=72329"},{"taxonomy":"product_cat","embeddable":true,"href":"https:\/\/huntzone.eu\/en\/wp-json\/wp\/v2\/product_cat?post=72329"},{"taxonomy":"product_tag","embeddable":true,"href":"https:\/\/huntzone.eu\/en\/wp-json\/wp\/v2\/product_tag?post=72329"}],"curies":[{"name":"wp","href":"https:\/\/api.w.org\/{rel}","templated":true}]}}