{"id":72331,"date":"2026-03-10T16:54:56","date_gmt":"2026-03-10T16:54:56","guid":{"rendered":"https:\/\/huntzone.eu\/product\/nocpix-lumi-p13-thermal-imager\/"},"modified":"2026-03-21T15:15:58","modified_gmt":"2026-03-21T15:15:58","slug":"nocpix-lumi-p13-thermal-imager","status":"publish","type":"product","link":"https:\/\/huntzone.eu\/en\/product\/nocpix-lumi-p13-thermal-imager\/","title":{"rendered":"Nocpix LUMI P13 thermal imager"},"content":{"rendered":"&#13;\n&#13;\n<h2 class=\"wp-block-heading\">Nocpix premium kvalit\u0101tes l\u012bnija<\/h2>&#13;\n&#13;\n&#13;\n<p>Nocpix LUMI s\u0113rijas term\u0101lie monok\u013ci ir jaun\u0101kie InfiRay premium kvalit\u0101tes term\u0101lie monok\u013ci no Nocpix l\u012bnijas. \u0160\u012b jaun\u0101 LUMI s\u0113rija ir uzlabota un pilnveidota IRIS s\u0113rija, kas izce\u013cas ar modern\u0101kaj\u0101m tehnolo\u0123ij\u0101m un augst\u0101k\u0101s kvalit\u0101tes att\u0113la risin\u0101jumiem. T\u0101 garant\u0113 nep\u0101rsp\u0113jamu att\u0113la precizit\u0101ti un skaidr\u012bbu pat visgr\u016bt\u0101kajos apst\u0101k\u013cos, nodro\u0161inot detaliz\u0113tu att\u0113lu.<\/p>&#13;\n&#13;\n&#13;\n<h2 class=\"wp-block-heading\">Izcila att\u0113la kvalit\u0101te<\/h2>&#13;\n&#13;\n&#13;\n<p>256\u00d7192 iz\u0161\u0137irtsp\u0113ja nodro\u0161ina skaidru un detaliz\u0113tu att\u0113lu, kas \u013cauj viegli at\u0161\u0137irt s\u012bkas deta\u013cas un objektu \u012bpa\u0161\u012bbas. Mazais 12\u03bcm pikse\u013ca izm\u0113rs nodro\u0161ina augst\u0101ku att\u0113la detaliz\u0101ciju un precizit\u0101ti, \u013caujot uztvert nelielas temperat\u016bras at\u0161\u0137ir\u012bbas un skaidri redz\u0113t pat vismaz\u0101kos objektus. NETD \u226420mK term\u0101l\u0101 jut\u012bba garant\u0113, ka pat vismaz\u0101k\u0101s temperat\u016bras at\u0161\u0137ir\u012bbas b\u016bs skaidri redzamas. Tas \u013cauj nov\u0113rot smalkas siltuma izmai\u0146as un ieg\u016bt prec\u012bzus datus pat sare\u017e\u0123\u012btos apst\u0101k\u013cos. Augstais 50Hz kadru \u0101trums nodro\u0161ina vienm\u0113r\u012bgu att\u0113la p\u0101rraidi un stabilit\u0101ti, \u013caujot efekt\u012bvi sekot \u0101tri kust\u012bgiem objektiem bez att\u0113la krop\u013cojumiem vai trauc\u0113jumiem.<\/p>&#13;\n&#13;\n&#13;\n<h2 class=\"wp-block-heading\"><strong>HD 1024\u00d7768 AMOLED ekr\u0101ns<\/strong><\/h2>&#13;\n&#13;\n&#13;\n<p>Ar 1024\u00d7768 pikse\u013cu iz\u0161\u0137irtsp\u0113ju ekr\u0101ns nodro\u0161ina skaidru un detaliz\u0113tu att\u0113lu, kas \u013cauj viegli saskat\u012bt s\u012bkas deta\u013cas un objektu \u012bpa\u0161\u012bbas. Tas ir \u012bpa\u0161i noder\u012bgi, kad nepiecie\u0161ams prec\u012bzi nov\u0113rt\u0113t situ\u0101ciju vai analiz\u0113t mazus objektus. AMOLED tehnolo\u0123ija nodro\u0161ina izcilu kr\u0101su att\u0113lojumu, augstu kontrastu un att\u0113la pies\u0101tin\u0101jumu, padarot att\u0113lu skaidr\u0101ku un pat\u012bkam\u0101ku ac\u012bm.<\/p>&#13;\n&#13;\n&#13;\n<h2 class=\"wp-block-heading\"><strong>Reality+ tehnolo\u0123ija<\/strong><\/h2>&#13;\n&#13;\n&#13;\n<p>Jaunais term\u0101lais monoklis Nocpix LUMI P13 ir apr\u012bkots ar Reality+ tehnolo\u0123iju. T\u0101 samazina att\u0113la troksni, palielina kontrastu un izce\u013c deta\u013cas, radot daudz as\u0101ku un skaidr\u0101ku term\u0101lo att\u0113lu. \u0160\u012b tehnolo\u0123ija nodro\u0161ina b\u016btiski augst\u0101ku att\u0113la kvalit\u0101ti.<\/p>&#13;\n&#13;\n&#13;\n<h2 class=\"wp-block-heading\"><strong>Objekt\u012bva gaismas caurlaid\u012bba<\/strong><\/h2>&#13;\n&#13;\n&#13;\n<p>F0.9 objekt\u012bvs caurlai\u017e par 20% vair\u0101k gaismas nek\u0101 standarta F1.0 objekt\u012bvs, padarot Nocpix LUMI s\u0113rijas term\u0101lo monok\u013cu att\u0113lu v\u0113l spilgt\u0101ku un skaidr\u0101ku.<\/p>&#13;\n&#13;\n&#13;\n<h2 class=\"wp-block-heading\">Atkl\u0101\u0161anas iesp\u0113jas<\/h2>&#13;\n&#13;\n&#13;\n<p>13 mm objekt\u012bvs \u013cauj efekt\u012bvi noteikt un analiz\u0113t objektus l\u012bdz pat 670 metru att\u0101lum\u0101.<\/p>&#13;\n&#13;\n&#13;\n<h2 class=\"wp-block-heading\">IP67 aizsardz\u012bbas klase<\/h2>&#13;\n&#13;\n&#13;\n<p>Ier\u012bce ir piln\u012bb\u0101 aizsarg\u0101ta pret putek\u013ciem un \u016bdeni, izturot iegremd\u0113\u0161anu l\u012bdz 1 metra dzi\u013cumam l\u012bdz 30 min\u016bt\u0113m. Tas nodro\u0161ina, ka Nocpix LUMI P13 var izmantot da\u017e\u0101dos laikapst\u0101k\u013cos \u2013 liet\u016b, snieg\u0101 vai dub\u013cos.<\/p>&#13;\n&#13;\n&#13;\n<h2 class=\"wp-block-heading\">Klusi tausti\u0146i<\/h2>&#13;\n&#13;\n&#13;\n<h2 class=\"wp-block-heading\"><strong>Kr\u0101su paletes<\/strong><\/h2>&#13;\n&#13;\n&#13;\n<p>LUMI P13 term\u0101lais monoklis ir apr\u012bkots ar da\u017e\u0101d\u0101m kr\u0101su palet\u0113m, tostarp sarkano un za\u013co re\u017e\u012bmu, kas samazina acu nogurumu un \u013cauj ier\u012bci izmantot ilgsto\u0161i bez diskomforta.<\/p>&#13;\n&#13;\n&#13;\n<h2 class=\"wp-block-heading\"><strong>Kompakts<\/strong><\/h2>&#13;\n&#13;\n&#13;\n<p>LUMI s\u0113rijas term\u0101lie monok\u013ci izce\u013cas ar ergonomisku dizainu, kompaktu izm\u0113ru (134\u00d747\u00d774 mm) un vieglu svaru (310 g), kas nodro\u0161ina \u0113rtu p\u0101rn\u0113s\u0101\u0161anu.<\/p>&#13;\n&#13;\n&#13;\n<h2 class=\"wp-block-heading\">Specifik\u0101cija<\/h2>&#13;\n&#13;\n&#13;\n<figure class=\"wp-block-table\"><table class=\"has-fixed-layout\"><tbody>&#13;\n<tr><td>Modelis<\/td><td>LUMI-P13<\/td><\/tr>&#13;\n<tr><td>Iz\u0161\u0137irtsp\u0113ja<\/td><td>256 \u00d7 192<\/td><\/tr>&#13;\n<tr><td>Pikse\u013ca izm\u0113rs, \u03bcm<\/td><td>12<\/td><\/tr>&#13;\n<tr><td>Term\u0101l\u0101 jut\u012bba NETD, mK<\/td><td>\u226420<\/td><\/tr>&#13;\n<tr><td>Kadru \u0101trums, Hz<\/td><td>50<\/td><\/tr>&#13;\n<tr><td>Objekt\u012bvs, mm<\/td><td>13 F0.9<\/td><\/tr>&#13;\n<tr><td>Redzes lauks, \u00b0<\/td><td>13.5 \u00d7 10.1<\/td><\/tr>&#13;\n<tr><td>Pietuvin\u0101jums<\/td><td>2 ~ 8<\/td><\/tr>&#13;\n<tr><td>Atkl\u0101\u0161anas att\u0101lums<\/td><td>670<\/td><\/tr>&#13;\n<tr><td>Dioptrijas<\/td><td>-5 ~ +5<\/td><\/tr>&#13;\n<tr><td>Ekr\u0101ns<\/td><td>AMOLED 1024\u00d7768<\/td><\/tr>&#13;\n<tr><td>Baterija<\/td><td>Main\u0101ma 18650<\/td><\/tr>&#13;\n<tr><td>Maks. darb\u012bbas laiks (t=22\u00b0C), h<\/td><td>6<\/td><\/tr>&#13;\n<tr><td>Ska\u0146as ieraksts<\/td><td>J\u0101<\/td><\/tr>&#13;\n<tr><td>Atmi\u0146a, GB<\/td><td>32<\/td><\/tr>&#13;\n<tr><td>Aizsardz\u012bbas klase<\/td><td>IP67<\/td><\/tr>&#13;\n<tr><td>L\u0101zera dro\u0161\u012bbas klase<\/td><td>1<\/td><\/tr>&#13;\n<tr><td>Maks. t\u0101lm\u0113ra distance, m<\/td><td>1200<\/td><\/tr>&#13;\n<tr><td>Darb\u012bbas temperat\u016bra, \u00b0C<\/td><td>-20 l\u012bdz +50<\/td><\/tr>&#13;\n<tr><td>Svars (ar bateriju), g<\/td><td>310<\/td><\/tr>&#13;\n<tr><td>Izm\u0113rs, mm<\/td><td>134x47x74<\/td><\/tr>&#13;\n<\/tbody><\/table><\/figure>&#13;\n","protected":false},"excerpt":{"rendered":"<p>Nocpix LUMI series thermal imagers are the latest InfiRay premium quality thermal imagers from the Nocpix line. This new LUMI series is an updated and improved IRIS series, distinguished by state-of-the-art technology and the highest quality image solutions. It guarantees unmatched image accuracy and clarity even in the most challenging conditions, giving you a detailed image.<\/p>\n","protected":false},"featured_media":71939,"comment_status":"closed","ping_status":"closed","template":"","meta":[],"product_brand":[793],"product_cat":[539],"product_tag":[],"class_list":{"0":"post-72331","1":"product","2":"type-product","3":"status-publish","4":"has-post-thumbnail","6":"product_brand-nocpix","7":"product_cat-termalie-monokli-2","9":"first","10":"instock","11":"sale","12":"shipping-taxable","13":"purchasable","14":"product-type-simple"},"_links":{"self":[{"href":"https:\/\/huntzone.eu\/en\/wp-json\/wp\/v2\/product\/72331","targetHints":{"allow":["GET"]}}],"collection":[{"href":"https:\/\/huntzone.eu\/en\/wp-json\/wp\/v2\/product"}],"about":[{"href":"https:\/\/huntzone.eu\/en\/wp-json\/wp\/v2\/types\/product"}],"replies":[{"embeddable":true,"href":"https:\/\/huntzone.eu\/en\/wp-json\/wp\/v2\/comments?post=72331"}],"wp:featuredmedia":[{"embeddable":true,"href":"https:\/\/huntzone.eu\/en\/wp-json\/wp\/v2\/media\/71939"}],"wp:attachment":[{"href":"https:\/\/huntzone.eu\/en\/wp-json\/wp\/v2\/media?parent=72331"}],"wp:term":[{"taxonomy":"product_brand","embeddable":true,"href":"https:\/\/huntzone.eu\/en\/wp-json\/wp\/v2\/product_brand?post=72331"},{"taxonomy":"product_cat","embeddable":true,"href":"https:\/\/huntzone.eu\/en\/wp-json\/wp\/v2\/product_cat?post=72331"},{"taxonomy":"product_tag","embeddable":true,"href":"https:\/\/huntzone.eu\/en\/wp-json\/wp\/v2\/product_tag?post=72331"}],"curies":[{"name":"wp","href":"https:\/\/api.w.org\/{rel}","templated":true}]}}