{"id":72332,"date":"2026-03-10T16:54:58","date_gmt":"2026-03-10T16:54:58","guid":{"rendered":"https:\/\/huntzone.eu\/product\/guide-tb430-clip-on\/"},"modified":"2026-03-21T19:14:08","modified_gmt":"2026-03-21T19:14:08","slug":"guide-tb430-clip-on","status":"publish","type":"product","link":"https:\/\/huntzone.eu\/en\/product\/guide-tb430-clip-on\/","title":{"rendered":"Guide TB430 clip-on"},"content":{"rendered":"&#13;\n<h2 class=\"wp-block-heading\">12\u03bcm augstas jut\u012bbas infrasarkanais sensors<\/h2>&#13;\n&#13;\n<p>Izmantojot augstas jut\u012bbas IR sensoru ar NETD &lt;25 mK, iesp\u0113jams at\u0161\u0137irt pat vismaz\u0101k\u0101s temperat\u016bras at\u0161\u0137ir\u012bbas, nodro\u0161inot as\u0101ku un skaidr\u0101ku att\u0113lu.<\/p>&#13;\n&#13;\n<figure class=\"wp-block-image\"><img decoding=\"async\" class=\"wp-image-10095\" src=\"https:\/\/opticspot.lt\/wp-content\/uploads\/2024\/10\/a.jpg\" alt=\"A\"\/><\/figure>&#13;\n&#13;\n<h2 class=\"wp-block-heading\">1920\u00d71080 AMOLED displejs<\/h2>&#13;\n&#13;\n<p>Ier\u012bce apr\u012bkota ar augstas iz\u0161\u0137irtsp\u0113jas 1920 \u00d7 1080 AMOLED displeju, kas nodro\u0161ina spilgtas kr\u0101sas un izcilu att\u0113la kvalit\u0101ti. Tas iev\u0113rojami uzlabo nov\u0113ro\u0161anas komfortu.<\/p>&#13;\n&#13;\n<figure class=\"wp-block-image\"><img decoding=\"async\" class=\"wp-image-10097\" src=\"https:\/\/opticspot.lt\/wp-content\/uploads\/2024\/10\/guanwangqietu-12-465.jpg\" alt=\"Guanwangqietu 12\"\/><\/figure>&#13;\n&#13;\n<h2 class=\"wp-block-heading\">Kompakts dizains, viegls un \u0113rti p\u0101rn\u0113s\u0101jams<\/h2>&#13;\n&#13;\n<p>Korpuss izgatavots no viegla magnija sakaus\u0113juma, padarot ier\u012bci kompakt\u0101ku un \u0113rt\u0101ku p\u0101rn\u0113s\u0101\u0161anai un uzst\u0101d\u012b\u0161anai.<\/p>&#13;\n&#13;\n<figure class=\"wp-block-image\"><img decoding=\"async\" class=\"wp-image-10100\" src=\"https:\/\/opticspot.lt\/wp-content\/uploads\/2024\/10\/660526bfac104.jpg\" alt=\"660526bfac104\"\/><\/figure>&#13;\n&#13;\n<h2 class=\"wp-block-heading\">Univers\u0101la baterijas ievieto\u0161ana<\/h2>&#13;\n&#13;\n<p>Izmanto standarta 18650 baterijas ar aizsardz\u012bbas \u0137\u0113di. Mainot baterijas, pietiek p\u0101rliecin\u0101ties, ka abu elementu polarit\u0101te ir pret\u0113ja, t\u0101d\u0113j\u0101di samazinot k\u013c\u016bdu iesp\u0113jam\u012bbu.<\/p>&#13;\n&#13;\n<figure class=\"wp-block-image\"><img decoding=\"async\" class=\"wp-image-10098\" src=\"https:\/\/opticspot.lt\/wp-content\/uploads\/2024\/10\/guanwangqietu-14-578.jpg\" alt=\"Guanwangqietu 14\"\/><\/figure>&#13;\n&#13;\n<h2 class=\"wp-block-heading\">L\u012bdz 12 stund\u0101m darb\u012bbas laiks<\/h2>&#13;\n&#13;\n<p>Izbaudiet ilgsto\u0161u darb\u012bbu ar zemu ener\u0123ijas pat\u0113ri\u0146u, vieglu konstrukciju un uzticamu veiktsp\u0113ju ar\u012b ilgsto\u0161os apst\u0101k\u013cos.<\/p>&#13;\n&#13;\n<h2 class=\"wp-block-heading\">IP68 aizsardz\u012bba pret laikapst\u0101k\u013ciem<\/h2>&#13;\n&#13;\n<p>Augsta \u016bdensiztur\u012bba nodro\u0161ina uzticamu darb\u012bbu pat vissmag\u0101kajos apst\u0101k\u013cos. Triecieniztur\u012bba l\u012bdz 1000G\/ms.<\/p>&#13;\n&#13;\n<figure class=\"wp-block-image\"><img decoding=\"async\" class=\"wp-image-10096\" src=\"https:\/\/opticspot.lt\/wp-content\/uploads\/2024\/10\/guanwangqietu-10-892.jpg\" alt=\"Guanwangqietu 10\"\/><\/figure>&#13;\n&#13;\n<h2 class=\"wp-block-heading\">Specifik\u0101cija<\/h2>&#13;\n&#13;\n<p>300\u00d7400 pikse\u013cu IR sensors<br\/>Sensora tehnolo\u0123ija \u2013 VOx detektors<br\/>Displejs \u2013 1920 \u00d7 1080 pikse\u013ci<br\/>Displeja tehnolo\u0123ija \u2013 AMOLED<br\/>Noteik\u0161anas distance \u2013 1800 m<br\/>Redzes lauks \u2013 100 m 13,65 \u00d7 10,3 metri<br\/>Darb\u012bbas laiks \u2265 12 h<br\/>Baterija \u2013 18650<br\/>Jut\u012bba (NETD) \u2264 20 mK<br\/>Pikse\u013ca izm\u0113rs \u2013 12 \u00b5m<br\/>Kadru \u0101trums \u2013 50 Hz<br\/>Objekt\u012bva fokusa att\u0101lums \u2013 35mm\/F1.0<br\/>Optiskais palielin\u0101jums \u2013 1x<br\/>Foto\/video ieraksts<br\/>WLAN \/ WiFi \/ lietotne<br\/>Svars \u2013 440 g<br\/>Izm\u0113ri \u2013 128\u00d779\u00d779 mm<\/p>&#13;\n","protected":false},"excerpt":{"rendered":"<p>&#13; 12\u03bcm augstas jut\u012bbas infrasarkanais sensors &#13; &#13; Izmantojot augstas jut\u012bbas IR sensoru ar NETD &lt;25 mK, iesp\u0113jams at\u0161\u0137irt pat vismaz\u0101k\u0101s temperat\u016bras at\u0161\u0137ir\u012bbas, nodro\u0161inot as\u0101ku un skaidr\u0101ku att\u0113lu. &#13; &#13;&hellip;<\/p>\n","protected":false},"featured_media":72061,"comment_status":"closed","ping_status":"closed","template":"","meta":[],"product_brand":[787,786],"product_cat":[580],"product_tag":[],"class_list":{"0":"post-72332","1":"product","2":"type-product","3":"status-publish","4":"has-post-thumbnail","6":"product_brand-attachments","7":"product_brand-guide","8":"product_cat-thermal-clip-on","10":"first","11":"instock","12":"sale","13":"shipping-taxable","14":"purchasable","15":"product-type-simple"},"_links":{"self":[{"href":"https:\/\/huntzone.eu\/en\/wp-json\/wp\/v2\/product\/72332","targetHints":{"allow":["GET"]}}],"collection":[{"href":"https:\/\/huntzone.eu\/en\/wp-json\/wp\/v2\/product"}],"about":[{"href":"https:\/\/huntzone.eu\/en\/wp-json\/wp\/v2\/types\/product"}],"replies":[{"embeddable":true,"href":"https:\/\/huntzone.eu\/en\/wp-json\/wp\/v2\/comments?post=72332"}],"wp:featuredmedia":[{"embeddable":true,"href":"https:\/\/huntzone.eu\/en\/wp-json\/wp\/v2\/media\/72061"}],"wp:attachment":[{"href":"https:\/\/huntzone.eu\/en\/wp-json\/wp\/v2\/media?parent=72332"}],"wp:term":[{"taxonomy":"product_brand","embeddable":true,"href":"https:\/\/huntzone.eu\/en\/wp-json\/wp\/v2\/product_brand?post=72332"},{"taxonomy":"product_cat","embeddable":true,"href":"https:\/\/huntzone.eu\/en\/wp-json\/wp\/v2\/product_cat?post=72332"},{"taxonomy":"product_tag","embeddable":true,"href":"https:\/\/huntzone.eu\/en\/wp-json\/wp\/v2\/product_tag?post=72332"}],"curies":[{"name":"wp","href":"https:\/\/api.w.org\/{rel}","templated":true}]}}