{"id":72618,"date":"2026-03-10T16:54:58","date_gmt":"2026-03-10T16:54:58","guid":{"rendered":"https:\/\/huntzone.eu\/product\/guide-tb630-lrf-clip-on\/"},"modified":"2026-03-22T09:03:23","modified_gmt":"2026-03-22T09:03:23","slug":"guide-tb630-lrf-clip-on","status":"publish","type":"product","link":"https:\/\/huntzone.eu\/en\/product\/guide-tb630-lrf-clip-on\/","title":{"rendered":"Guide TB630 LRF clip-on"},"content":{"rendered":"&#13;\n<h2 class=\"wp-block-heading\"><strong>Augsta att\u0113la kvalit\u0101te<\/strong><\/h2>&#13;\n&#13;\n<p>Guide TB630 LRF raksturo augsta att\u0113la kvalit\u0101te. Ar term\u0101lo jut\u012bbu 20 mK NETD ier\u012bce sp\u0113j uztvert pat vismaz\u0101k\u0101s temperat\u016bras at\u0161\u0137ir\u012bbas, t\u0101p\u0113c att\u0113ls saglab\u0101jas detaliz\u0113ts un ass pat sare\u017e\u0123\u012btos apst\u0101k\u013cos. 640\u00d7512 iz\u0161\u0137irtsp\u0113ja \u013cauj skaidri redz\u0113t gan objektus, gan to apk\u0101rtni, nodro\u0161inot lietot\u0101jam lielisku redzam\u012bbu. 35 mm objekt\u012bvs ir ide\u0101li piem\u0113rots vid\u0113ja un liela att\u0101luma nov\u0113rojumiem, savuk\u0101rt 12 \u03bcm pikse\u013ca izm\u0113rs nodro\u0161ina v\u0113l liel\u0101ku detaliz\u0101ciju, \u012bpa\u0161i nov\u0113rojot t\u0101lus vai mazus m\u0113r\u0137us.<\/p>&#13;\n&#13;\n<figure class=\"wp-block-image aligncenter\"><img decoding=\"async\" src=\"https:\/\/opticspot.lt\/wp-content\/uploads\/2024\/09\/TBL-09-300x251.jpg\" alt=\"Tbl 09\" class=\"wp-image-9543\"\/><\/figure>&#13;\n&#13;\n<h2 class=\"wp-block-heading\">Ieb\u016bv\u0113ts t\u0101lm\u0113rs<\/h2>&#13;\n&#13;\n<p>Ieb\u016bv\u0113tais LRF (l\u0101zera t\u0101lm\u0113ra) modulis \u013cauj prec\u012bzi izm\u0113r\u012bt att\u0101lumu l\u012bdz pat 1000 metriem. \u0160\u012b funkcija \u013cauj lietot\u0101jiem \u0101tri un prec\u012bzi noteikt un lokaliz\u0113t m\u0113r\u0137us, pal\u012bdzot pie\u0146emt \u0101trus un efekt\u012bvus l\u0113mumus med\u012bb\u0101s vai nov\u0113ro\u0161anas situ\u0101cij\u0101s.<\/p>&#13;\n&#13;\n<figure class=\"wp-block-image aligncenter\"><img decoding=\"async\" src=\"https:\/\/opticspot.lt\/wp-content\/uploads\/2024\/09\/TBL-10-300x251.jpg\" alt=\"Tbl 10\" class=\"wp-image-9544\"\/><\/figure>&#13;\n&#13;\n<h2 class=\"wp-block-heading\"><strong>HD 1920\u00d71080 AMOLED ekr\u0101ns<\/strong><\/h2>&#13;\n&#13;\n<p>Guide TB630 LRF uzlika apr\u012bkota ar AMOLED ekr\u0101nu ar 1920 \u00d7 1080 pikse\u013cu iz\u0161\u0137irtsp\u0113ju. \u0160is ekr\u0101ns \u013cauj skaidri redz\u0113t un analiz\u0113t deta\u013cas, pal\u012bdz lab\u0101k izprast apk\u0101rt\u0113jo vidi un pie\u0146emt prec\u012bz\u0101kus l\u0113mumus.<\/p>&#13;\n&#13;\n<figure class=\"wp-block-image aligncenter\"><img decoding=\"async\" src=\"https:\/\/opticspot.lt\/wp-content\/uploads\/2024\/09\/TBL-11-300x251.jpg\" alt=\"Tbl 11\" class=\"wp-image-9545\"\/><\/figure>&#13;\n&#13;\n<h2 class=\"wp-block-heading\">\u016adens un triecieniztur\u012bba<\/h2>&#13;\n&#13;\n<p>Aizsardz\u012bbas klase IP68 nodro\u0161ina uzlikas \u016bdensiztur\u012bbu. Ier\u012bci var iegremd\u0113t \u016bden\u012b l\u012bdz 2 metru dzi\u013cumam uz laiku l\u012bdz 30 min\u016bt\u0113m. Turkl\u0101t t\u0101 iztur kritienus no l\u012bdz pat 2 metru augstuma un ir notur\u012bga pret triecieniem l\u012bdz 1000 G\/ms. \u0160\u012bs \u012bpa\u0161\u012bbas garant\u0113 uzticamu darb\u012bbu pat ekstrem\u0101los laikapst\u0101k\u013cos \u2013 liet\u016b, migl\u0101 vai citos sare\u017e\u0123\u012btos apst\u0101k\u013cos.<\/p>&#13;\n&#13;\n<figure class=\"wp-block-image aligncenter\"><img decoding=\"async\" src=\"https:\/\/opticspot.lt\/wp-content\/uploads\/2024\/09\/TBL-12-300x251.jpg\" alt=\"Tbl 12\" class=\"wp-image-9546\"\/><\/figure>&#13;\n&#13;\n<h2 class=\"wp-block-heading\">Kompakts un viegls dizains<\/h2>&#13;\n&#13;\n<p>TB630 LRF ir iztur\u012bgs magnija sakaus\u0113juma korpuss, kas ir ne tikai iztur\u012bgs, bet ar\u012b viegls. Ar svaru tikai 450 g un kompaktiem izm\u0113riem 130 \u00d7 86 \u00d7 79 mm, \u0161\u012b ier\u012bce ir \u0113rta un viegli p\u0101rn\u0113s\u0101jama.<\/p>&#13;\n&#13;\n<figure class=\"wp-block-image aligncenter\"><img decoding=\"async\" src=\"https:\/\/opticspot.lt\/wp-content\/uploads\/2024\/09\/TBL-13-300x251.jpg\" alt=\"Tbl 13\" class=\"wp-image-9547\"\/><\/figure>&#13;\n\r\n<figure class=\"wp-block-embed is-type-rich is-provider-embed-handler wp-block-embed-embed-handler\"><div class=\"wp-block-embed__wrapper\">\r\nhttps:\/\/youtube.com\/watch?v=ib8lfYJ3rVA%3Ffeature%3Doembed\r\n<\/div><\/figure>\r\n&#13;\n<h2 class=\"wp-block-heading\">Specifik\u0101cija<\/h2>&#13;\n&#13;\n<figure class=\"wp-block-table\"><table class=\"has-fixed-layout\"><tbody><tr><td>Modelis<\/td><td>TB630 LRF<\/td><\/tr><tr><td>Iz\u0161\u0137irtsp\u0113ja<\/td><td>640 \u00d7 512<\/td><\/tr><tr><td>Pikse\u013ca izm\u0113rs, \u03bcm<\/td><td>12<\/td><\/tr><tr><td>Term\u0101l\u0101 jut\u012bba (NETD), mk<\/td><td>\u226420<\/td><\/tr><tr><td>Kadru frekvence, Hz<\/td><td>50<\/td><\/tr><tr><td>Objekt\u012bvs, mm<\/td><td>35mm, F1.0<\/td><\/tr><tr><td>Redzes lauks (FOV), \u00b0<\/td><td>12.5\u00b0\u00d710.0\u00b0<\/td><\/tr><tr><td>Redzes lauks pie 100 m<\/td><td>22 \u00d7 17<\/td><\/tr><tr><td>Palielin\u0101jums<\/td><td>x1<\/td><\/tr><tr><td>Ekr\u0101na tips<\/td><td>AMOLED 1920\u00d71080<\/td><\/tr><tr><td>Atkl\u0101\u0161anas distance<\/td><td>1800m<\/td><\/tr><tr><td>Kr\u0101su paletes<\/td><td>White Hot, Black Hot, Red Hot, Green Hot, Iron Red, Blue Hot, Sepia<\/td><\/tr><tr><td>Okul\u0101rs<\/td><td>Acu att\u0101lums: 20mm; Palielin\u0101jums: 9,5x<\/td><\/tr><tr><td>Ieb\u016bv\u0113ts t\u0101lm\u0113rs<\/td><td>1000m<\/td><\/tr><tr><td>WIFI, mikrofons, Bluetooth<\/td><td>Ir<\/td><\/tr><tr><td>Savienojums<\/td><td>USB Type-C (baro\u0161ana \/ USB2.0)<\/td><\/tr><tr><td>Iek\u0161\u0113j\u0101 atmi\u0146a<\/td><td>64GB<\/td><\/tr><tr><td>Foto\/Video (ar ska\u0146u)<\/td><td>Ir<\/td><\/tr><tr><td>Baterija<\/td><td>Viena, nomain\u0101ma 18650 baterija<\/td><\/tr><tr><td>Darb\u012bbas laiks<\/td><td>6 stundas<\/td><\/tr><tr><td>Darba temperat\u016bra<\/td><td>-20 l\u012bdz +50 \u00b0C<\/td><\/tr><tr><td>Aizsardz\u012bbas klase<\/td><td>IP68<\/td><\/tr><tr><td>Svars<\/td><td>447 g<\/td><\/tr><tr><td>Izm\u0113rs<\/td><td>130 \u00d7 80 \u00d7 79 mm<\/td><\/tr><tr><td>Komplekt\u0101cija<\/td><td>Ier\u012bce, bateriju l\u0101d\u0113t\u0101js, 18650 baterija \u00d7 2, 5V2A adapteris (US, UK, Austr\u0101lija un Eiropa), USB Type-C kabelis, \u0101tr\u0101s lieto\u0161anas instrukcija, garantijas karte<\/td><\/tr><\/tbody><\/table><\/figure>&#13;\n","protected":false},"excerpt":{"rendered":"<p>&#13; Augsta att\u0113la kvalit\u0101te &#13; &#13; Guide TB630 LRF raksturo augsta att\u0113la kvalit\u0101te. Ar term\u0101lo jut\u012bbu 20 mK NETD ier\u012bce sp\u0113j uztvert pat vismaz\u0101k\u0101s temperat\u016bras at\u0161\u0137ir\u012bbas, t\u0101p\u0113c att\u0113ls saglab\u0101jas detaliz\u0113ts&hellip;<\/p>\n","protected":false},"featured_media":72067,"comment_status":"open","ping_status":"closed","template":"","meta":[],"product_brand":[787,786],"product_cat":[580],"product_tag":[],"class_list":{"0":"post-72618","1":"product","2":"type-product","3":"status-publish","4":"has-post-thumbnail","6":"product_brand-attachments","7":"product_brand-guide","8":"product_cat-thermal-clip-on","10":"first","11":"instock","12":"sale","13":"shipping-taxable","14":"purchasable","15":"product-type-simple"},"_links":{"self":[{"href":"https:\/\/huntzone.eu\/en\/wp-json\/wp\/v2\/product\/72618","targetHints":{"allow":["GET"]}}],"collection":[{"href":"https:\/\/huntzone.eu\/en\/wp-json\/wp\/v2\/product"}],"about":[{"href":"https:\/\/huntzone.eu\/en\/wp-json\/wp\/v2\/types\/product"}],"replies":[{"embeddable":true,"href":"https:\/\/huntzone.eu\/en\/wp-json\/wp\/v2\/comments?post=72618"}],"wp:featuredmedia":[{"embeddable":true,"href":"https:\/\/huntzone.eu\/en\/wp-json\/wp\/v2\/media\/72067"}],"wp:attachment":[{"href":"https:\/\/huntzone.eu\/en\/wp-json\/wp\/v2\/media?parent=72618"}],"wp:term":[{"taxonomy":"product_brand","embeddable":true,"href":"https:\/\/huntzone.eu\/en\/wp-json\/wp\/v2\/product_brand?post=72618"},{"taxonomy":"product_cat","embeddable":true,"href":"https:\/\/huntzone.eu\/en\/wp-json\/wp\/v2\/product_cat?post=72618"},{"taxonomy":"product_tag","embeddable":true,"href":"https:\/\/huntzone.eu\/en\/wp-json\/wp\/v2\/product_tag?post=72618"}],"curies":[{"name":"wp","href":"https:\/\/api.w.org\/{rel}","templated":true}]}}