{"id":72621,"date":"2026-03-10T16:54:58","date_gmt":"2026-03-10T16:54:58","guid":{"rendered":"https:\/\/huntzone.eu\/product\/guide-tb650p-2-0-optical-sight-attachment\/"},"modified":"2026-03-22T08:36:13","modified_gmt":"2026-03-22T08:36:13","slug":"guide-tb650p-2-0-optical-sight-attachment","status":"publish","type":"product","link":"https:\/\/huntzone.eu\/en\/product\/guide-tb650p-2-0-optical-sight-attachment\/","title":{"rendered":"Guide TB650P 2.0 Optical Sight Attachment"},"content":{"rendered":"&#13;\n<h2 class=\"wp-block-heading\">Ieb\u016bv\u0113ts t\u0101lm\u0113rs un skaidr\u0101ks att\u0113ls ar F0.9 objekt\u012bvu<\/h2>&#13;\n&#13;\n<p>GUIDE TB650P 2.0 ar objekt\u012bv\u0101 integr\u0113tu l\u0101zera t\u0101lm\u0113ru samazina paralakses k\u013c\u016bdu un \u013cauj saglab\u0101t kompaktu ier\u012bces izm\u0113ru. Maksim\u0101lais m\u0113r\u012b\u0161anas att\u0101lums ir l\u012bdz 1500 m. T\u0101pat uzlika ar F0.9 objekt\u012bvu, kas caurlai\u017e par 20% vair\u0101k gaismas nek\u0101 parasts F1.0 objekt\u012bvs, nodro\u0161ina v\u0113l spilgt\u0101ku un skaidr\u0101ku att\u0113lu.<\/p>&#13;\n&#13;\n<figure class=\"wp-block-image aligncenter\"><img decoding=\"async\" src=\"https:\/\/opticspot.lt\/wp-content\/uploads\/2025\/08\/5.LRFinLensOneShotOneHit-300x251.jpg\" alt=\"5.lrfinlensoneshot,onehit\" class=\"wp-image-17604\"\/><\/figure>&#13;\n&#13;\n<h2 class=\"wp-block-heading\">Att\u0113la kalibr\u0101cija bez att\u0113la p\u0101rtraukuma<\/h2>&#13;\n&#13;\n<p>G-Zero bez-aizvara kalibr\u0101cija nodro\u0161ina patiesi nep\u0101rtrauktu skat\u012b\u0161an\u0101s pieredzi uzreiz p\u0113c iesl\u0113g\u0161anas, nov\u0113r\u0161ot att\u0113la raust\u012b\u0161anos, kas var novest pie palaistiem m\u0113r\u0137iem vai kritisku momentu zaud\u0113\u0161anas t\u0113m\u0113\u0161anas laik\u0101. T\u0101 ar\u012b samazina aizvara kalibr\u0101cijas rad\u012bto troksni, nodro\u0161inot klusu un nep\u0101rtrauktu darb\u012bbu.<\/p>&#13;\n&#13;\n<h6 class=\"wp-block-heading\"><strong>Piez\u012bme:<\/strong> Aizvara modulis ir saglab\u0101ts, lai nodro\u0161in\u0101tu augstu att\u0113la kvalit\u0101ti iesl\u0113g\u0161anas br\u012bd\u012b un pie liel\u0101m temperat\u016bras sv\u0101rst\u012bb\u0101m.<\/h6>&#13;\n&#13;\n<figure class=\"wp-block-image aligncenter\"><img decoding=\"async\" src=\"https:\/\/opticspot.lt\/wp-content\/uploads\/2025\/08\/1.-Zero-Shutter-True-Shutterless-300x251.jpg\" alt=\"1. zero shutter true shutterless\" class=\"wp-image-17584\"\/><\/figure>&#13;\n&#13;\n<h2 class=\"wp-block-heading\">V\u0113l spilgt\u0101ks att\u0113ls ar Hyper-Light AI algoritmu<\/h2>&#13;\n&#13;\n<p>Uz AI balst\u012btais Hyper-Light algoritms kop\u0101 ar jut\u012bgu term\u0101lo sensoru \u013cauj skaidri saskat\u012bt pat t\u0101lus objektus. \u0160is algoritms samazina att\u0113la troksni, uzlabo kontrastu un izce\u013c deta\u013cas, t\u0101d\u0113j\u0101di dz\u012bvniekus vai objektus var identific\u0113t \u0101tr\u0101k un prec\u012bz\u0101k neatkar\u012bgi no laikapst\u0101k\u013ciem.<\/p>&#13;\n&#13;\n<figure class=\"wp-block-image aligncenter\"><img decoding=\"async\" src=\"https:\/\/opticspot.lt\/wp-content\/uploads\/2025\/08\/2.-Hyper-Light-Algorithm-Smarter-Clarity-300x251.jpg\" alt=\"2. hyper light algorithm smarter clarity\" class=\"wp-image-17578\"\/><\/figure>&#13;\n&#13;\n<h2 class=\"wp-block-heading\"><strong>Ilgs darb\u012bbas laiks<\/strong><\/h2>&#13;\n&#13;\n<p>\u0112rtai lieto\u0161anai TB 2.0 s\u0113rija izmanto standarta 18650 baterijas, kuras ir viegli nomain\u0101mas un uzl\u0101d\u0113jamas. Zems ener\u0123ijas pat\u0113ri\u0146\u0161 nodro\u0161ina ilg\u0101ku darb\u012bbas laiku \u2013 ar vienu bateriju l\u012bdz pat 5 stund\u0101m. \u0160\u012bs baterijas ir sader\u012bgas ar\u012b ar cit\u0101m GUIDE ier\u012bc\u0113m.<\/p>&#13;\n&#13;\n<figure class=\"wp-block-image aligncenter\"><img decoding=\"async\" src=\"https:\/\/opticspot.lt\/wp-content\/uploads\/2025\/08\/3.-Standard-18650-Extended-Runtime-300x251.jpg\" alt=\"3. standard 18650 extended runtime\" class=\"wp-image-17579\"\/><\/figure>&#13;\n&#13;\n<h2 class=\"wp-block-heading\"><strong>Prec\u012bza darb\u012bba<\/strong><\/h2>&#13;\n&#13;\n<p>GUIDE TB650P 2.0 ir sader\u012bgs ar dienas optik\u0101m l\u012bdz 15x palielin\u0101jumam, nodro\u0161inot prec\u012bzu \u0161au\u0161anu un uzticamu darb\u012bbu visos apst\u0101k\u013cos. TB 2.0 s\u0113rija nodro\u0161ina augstu precizit\u0101ti (1,22 cm @ 100 m), kas \u013cauj \u0101tri un prec\u012bzi not\u0113m\u0113t.<\/p>&#13;\n&#13;\n<figure class=\"wp-block-image aligncenter\"><img decoding=\"async\" src=\"https:\/\/opticspot.lt\/wp-content\/uploads\/2025\/08\/4.-Ultra-Precise-Zeroing-15x-Optics-Ready-300x251.jpg\" alt=\"4. ultra precise zeroing 15x optics ready\" class=\"wp-image-17580\"\/><\/figure>&#13;\n&#13;\n<h2 class=\"wp-block-heading\">64 GB atmi\u0146a un virtu\u0101lais skatu mekl\u0113t\u0101js<\/h2>&#13;\n&#13;\n<p>GUIDE TB650P 2.0 apr\u012bkots ar 64GB iek\u0161\u0113jo atmi\u0146u fotoatt\u0113liem un video. Ierakst\u012btos failus var apskat\u012bt, kop\u012bgot un analiz\u0113t tie\u0161i ier\u012bc\u0113. Turkl\u0101t uzlikas var p\u0101rkl\u0101t krusti\u0146u uz video, simul\u0113jot re\u0101las situ\u0101cijas un nodro\u0161inot autentisku pieredzi.<\/p>&#13;\n&#13;\n<figure class=\"wp-block-image aligncenter\"><img decoding=\"async\" src=\"https:\/\/opticspot.lt\/wp-content\/uploads\/2025\/08\/7.-Virtual-Reticle-Local-Album-Viewing-300x251.jpg\" alt=\"7. virtual reticle local album viewing\" class=\"wp-image-17582\"\/><\/figure>&#13;\n&#13;\n<h2 class=\"wp-block-heading\"><strong>Kompakts izm\u0113rs un viegls svars<\/strong><\/h2>&#13;\n&#13;\n<p>GUIDE TB650P 2.0 sver tikai 490 g un t\u0101 izm\u0113ri ir 144 \u00d7 86 \u00d7 79 mm. Kompaktais dizains nodro\u0161ina \u0113rtu lieto\u0161anu ar\u012b ilgsto\u0161os nov\u0113rojumos.<\/p>&#13;\n&#13;\n<figure class=\"wp-block-image aligncenter\"><img decoding=\"async\" src=\"https:\/\/opticspot.lt\/wp-content\/uploads\/2025\/08\/8.-Lightweight.-Balanced-Comfortable-Handling-300x251.jpg\" alt=\"8. lightweight. balanced comfortable handling\" class=\"wp-image-17583\"\/><\/figure>&#13;\n&#13;\n<h2 class=\"wp-block-heading\">Specifik\u0101cija<\/h2>&#13;\n&#13;\n<p><strong>Modelis<\/strong><br\/>TB650P 2.0<\/p>&#13;\n&#13;\n<p><strong>Sensors<\/strong><\/p>&#13;\n&#13;\n<ul class=\"wp-block-list\">&#13;\n<li>Tips: ne-dzes\u0113ts VOx infrasarkanais detektors, 8\u201314 \u03bcm<\/li>&#13;\n<li>Iz\u0161\u0137irtsp\u0113ja: 640\u00d7512 @12 \u03bcm<\/li>&#13;\n<li>NETD: 18 mK<\/li>&#13;\n<li>Kadru frekvence: 50 Hz<\/li>&#13;\n<\/ul>&#13;\n&#13;\n<p><strong>L\u0101zera t\u0101lm\u0113rs<\/strong><\/p>&#13;\n&#13;\n<ul class=\"wp-block-list\">&#13;\n<li>M\u0113r\u012b\u0161anas att\u0101lums l\u012bdz 1500 m<\/li>&#13;\n<\/ul>&#13;\n&#13;\n<p><strong>Objekt\u012bvs<\/strong><\/p>&#13;\n&#13;\n<ul class=\"wp-block-list\">&#13;\n<li>Objekt\u012bvs: 50 mm, F0.9<\/li>&#13;\n<li>Skata le\u0146\u0137is: 8.8\u00b0\u00d76.6\u00b0<\/li>&#13;\n<li>Redzes lauks pie 100 m: 15\u00d711 m<\/li>&#13;\n<li>Palielin\u0101jums: 1\u00d7<\/li>&#13;\n<li>Atkl\u0101\u0161anas distance: 2600 m<\/li>&#13;\n<li>Fokus\u0113\u0161ana: manu\u0101la<\/li>&#13;\n<\/ul>&#13;\n&#13;\n<p><strong>Ekr\u0101ns<\/strong><\/p>&#13;\n&#13;\n<ul class=\"wp-block-list\">&#13;\n<li>Ekr\u0101na tips: 0,39\u2033 AMOLED 1920\u00d71080<\/li>&#13;\n<li>Kr\u0101su paletes: White-hot, Black-hot, Red-hot, Green-hot, Iron red, Blue-hot, Sepia<\/li>&#13;\n<li>Okul\u0101rs: acu att\u0101lums \u2013 20 mm<\/li>&#13;\n<\/ul>&#13;\n&#13;\n<p><strong>Aparat\u016bra<\/strong><\/p>&#13;\n&#13;\n<ul class=\"wp-block-list\">&#13;\n<li>Wi-Fi: 2,4G, 5G<\/li>&#13;\n<li>Savienojums: USB-C (baro\u0161ana\/USB2.0)<\/li>&#13;\n<li>Cits: mikrofons, Bluetooth<\/li>&#13;\n<\/ul>&#13;\n&#13;\n<p><strong>Sist\u0113ma<\/strong><\/p>&#13;\n&#13;\n<ul class=\"wp-block-list\">&#13;\n<li>Ieraksts: foto \/ video (ar audio)<\/li>&#13;\n<li>Atmi\u0146a: 64GB<\/li>&#13;\n<\/ul>&#13;\n&#13;\n<p><strong>Baro\u0161ana<\/strong><\/p>&#13;\n&#13;\n<ul class=\"wp-block-list\">&#13;\n<li>Baterija: viena nomain\u0101ma 18650 baterija<\/li>&#13;\n<li>Darb\u012bbas laiks: 5 stundas<\/li>&#13;\n<\/ul>&#13;\n&#13;\n<p><strong>Darba apst\u0101k\u013ci<\/strong><\/p>&#13;\n&#13;\n<ul class=\"wp-block-list\">&#13;\n<li>Darba temperat\u016bra: -20\u00b0C \u2013 +50\u00b0C<\/li>&#13;\n<li>Triecieniztur\u012bba: 6000 J<\/li>&#13;\n<li>Aizsardz\u012bba: IP68<\/li>&#13;\n<\/ul>&#13;\n&#13;\n<p><strong>Fiziskie parametri<\/strong><\/p>&#13;\n&#13;\n<ul class=\"wp-block-list\">&#13;\n<li>Svars: 490 g<\/li>&#13;\n<li>Izm\u0113ri: 144\u00d786\u00d779 mm<\/li>&#13;\n<\/ul>&#13;\n&#13;\n<p><strong>Komplekt\u0101cija<\/strong><\/p>&#13;\n&#13;\n<ul class=\"wp-block-list\">&#13;\n<li>Ier\u012bce, 18650 baterija \u00d72, l\u0101d\u0113t\u0101js, USB-A uz USB-C kabelis, instrukcija, garantijas karte<\/li>&#13;\n<\/ul>&#13;\n&#13;\n<p><strong>Papildapr\u012bkojums<\/strong><\/p>&#13;\n&#13;\n<ul class=\"wp-block-list\">&#13;\n<li>Bluetooth pults, adaptera gredzens, 18650 baterija<\/li>&#13;\n<\/ul>&#13;\n","protected":false},"excerpt":{"rendered":"<ul>GUIDE TB650P 2.0, combined with 640\u00d7512@12 \u03bcm resolution and 18 mK thermal sensitivity, allows you to detect objects up to 2600 m away, ensuring a clear image even in difficult conditions. The integrated laser rangefinder measures up to 1500 m.<\/ul>\n<p>&nbsp;<\/p>\n","protected":false},"featured_media":72093,"comment_status":"closed","ping_status":"closed","template":"","meta":[],"product_brand":[787,786],"product_cat":[580],"product_tag":[],"class_list":{"0":"post-72621","1":"product","2":"type-product","3":"status-publish","4":"has-post-thumbnail","6":"product_brand-attachments","7":"product_brand-guide","8":"product_cat-thermal-clip-on","10":"first","11":"instock","12":"sale","13":"shipping-taxable","14":"purchasable","15":"product-type-simple"},"_links":{"self":[{"href":"https:\/\/huntzone.eu\/en\/wp-json\/wp\/v2\/product\/72621","targetHints":{"allow":["GET"]}}],"collection":[{"href":"https:\/\/huntzone.eu\/en\/wp-json\/wp\/v2\/product"}],"about":[{"href":"https:\/\/huntzone.eu\/en\/wp-json\/wp\/v2\/types\/product"}],"replies":[{"embeddable":true,"href":"https:\/\/huntzone.eu\/en\/wp-json\/wp\/v2\/comments?post=72621"}],"wp:featuredmedia":[{"embeddable":true,"href":"https:\/\/huntzone.eu\/en\/wp-json\/wp\/v2\/media\/72093"}],"wp:attachment":[{"href":"https:\/\/huntzone.eu\/en\/wp-json\/wp\/v2\/media?parent=72621"}],"wp:term":[{"taxonomy":"product_brand","embeddable":true,"href":"https:\/\/huntzone.eu\/en\/wp-json\/wp\/v2\/product_brand?post=72621"},{"taxonomy":"product_cat","embeddable":true,"href":"https:\/\/huntzone.eu\/en\/wp-json\/wp\/v2\/product_cat?post=72621"},{"taxonomy":"product_tag","embeddable":true,"href":"https:\/\/huntzone.eu\/en\/wp-json\/wp\/v2\/product_tag?post=72621"}],"curies":[{"name":"wp","href":"https:\/\/api.w.org\/{rel}","templated":true}]}}