{"id":72622,"date":"2026-03-10T16:54:57","date_gmt":"2026-03-10T16:54:57","guid":{"rendered":"https:\/\/huntzone.eu\/product\/guide-tn650-thermal-imaging-binoculars\/"},"modified":"2026-03-22T11:50:45","modified_gmt":"2026-03-22T11:50:45","slug":"guide-tn650-thermal-imaging-binoculars","status":"publish","type":"product","link":"https:\/\/huntzone.eu\/en\/product\/guide-tn650-thermal-imaging-binoculars\/","title":{"rendered":"Guide TN650 thermal imaging binoculars"},"content":{"rendered":"<p>&#8220;`html<\/p>\n&#13;\n<h2 class=\"wp-block-heading\"><strong>Ergonomisks dizains un vienk\u0101r\u0161a izseko\u0161ana<\/strong><\/h2>&#13;\n&#13;\n<p>Divu okul\u0101ru dizains samazina acu nogurumu ilgsto\u0161as v\u0113ro\u0161anas laik\u0101. Regul\u0113jamais starpz\u012bl\u012b\u0161u att\u0101lums (60\u201370 mm) \u013cauj piel\u0101got ier\u012bci da\u017e\u0101d\u0101m lietot\u0101ja vajadz\u012bb\u0101m. Ergonomiskas, izceltas pogas nodro\u0161ina \u0113rtu lieto\u0161anu pat piln\u012bg\u0101 tums\u0101, padarot ier\u012bci intuit\u012bvu un komfortablu lieto\u0161an\u0101.<\/p>&#13;\n&#13;\n<figure class=\"wp-block-image\"><img decoding=\"async\" src=\"https:\/\/opticspot.lt\/wp-content\/uploads\/2024\/09\/62c8113072c76.png\" alt=\"62c8113072c76\" class=\"wp-image-10076\"\/><\/figure>&#13;\n&#13;\n<h2 class=\"wp-block-heading\"><strong>Ieb\u016bv\u0113ts t\u0101lm\u0113rs<\/strong><\/h2>&#13;\n&#13;\n<p>Ieb\u016bv\u0113tais l\u0101zera t\u0101lm\u0113rs m\u0113ra att\u0101lumu l\u012bdz pat 1500 metriem.<\/p>&#13;\n&#13;\n<figure class=\"wp-block-image\"><img decoding=\"async\" src=\"https:\/\/opticspot.lt\/wp-content\/uploads\/2024\/10\/2-798-1.png\" alt=\"2 798\" class=\"wp-image-12112\"\/><\/figure>&#13;\n&#13;\n<h2 class=\"wp-block-heading\"><strong>Augstas iz\u0161\u0137irtsp\u0113jas att\u0113ls<\/strong><\/h2>&#13;\n&#13;\n<p>640\u00d7480 term\u0101lais sensors nodro\u0161ina detaliz\u0113tu term\u0101lo att\u0113lu, \u013caujot skaidri saskat\u012bt smalkas deta\u013cas un at\u0161\u0137irt objektus no apk\u0101rt\u0113j\u0101s vides. 50Hz kadru \u0101trums nodro\u0161ina pl\u016bdenu att\u0113lu bez aiz\u0137er\u0161an\u0101s, lai j\u016bs var\u0113tu efekt\u012bvi izsekot pat \u0101tri kust\u012bgiem objektiem.<\/p>&#13;\n&#13;\n<figure class=\"wp-block-image\"><img decoding=\"async\" src=\"https:\/\/opticspot.lt\/wp-content\/uploads\/2024\/09\/62c8113073224.png\" alt=\"62c8113073224\" class=\"wp-image-10079\"\/><\/figure>&#13;\n&#13;\n<h2 class=\"wp-block-heading\"><strong>Pilnkr\u0101su OLED displejs<\/strong><\/h2>&#13;\n&#13;\n<p>Kr\u0101su OLED displejs ar 1024 \u00d7 768 iz\u0161\u0137irtsp\u0113ju nodro\u0161ina augstu kontrastu un asas deta\u013cas, \u013caujot atpaz\u012bt objektus pat sliktos laikapst\u0101k\u013cos.<\/p>&#13;\n&#13;\n<figure class=\"wp-block-image\"><img decoding=\"async\" src=\"https:\/\/opticspot.lt\/wp-content\/uploads\/2024\/09\/GuideTNseries-313.png\" alt=\"Guidetnseries 313\" class=\"wp-image-10083\"\/><\/figure>&#13;\n&#13;\n<h2 class=\"wp-block-heading\"><strong>PIP<\/strong>: att\u0113ls att\u0113l\u0101 funkcija<\/h2>&#13;\n&#13;\n<p>Ekr\u0101na aug\u0161pus\u0113 par\u0101d\u0101s neliels logs ar palielin\u0101tu skatu. Tas ir lielisks veids, k\u0101 pietuvin\u0101t objektu, vienlaikus saglab\u0101jot pla\u0161\u0101ku redzes lauku.<\/p>&#13;\n&#13;\n<figure class=\"wp-block-image\"><img decoding=\"async\" src=\"https:\/\/opticspot.lt\/wp-content\/uploads\/2024\/09\/62c8113073816.png\" alt=\"62c8113073816\" class=\"wp-image-10080\"\/><\/figure>&#13;\n&#13;\n<h2 class=\"wp-block-heading\"><strong>Vienm\u0113r\u012bgs palielin\u0101jums elast\u012bgai mekl\u0113\u0161anai<\/strong><\/h2>&#13;\n&#13;\n<p>Sp\u0113c\u012bg\u0101k nospie\u017eot aug\u0161up vai lejup pogu, iesp\u0113jams pietuvin\u0101t vai att\u0101lin\u0101t att\u0113lu, \u013caujot piel\u0101got redzes lauku. \u0160\u012b funkcija \u013cauj \u0101tri pietuvin\u0101t, lai saskat\u012btu smalkas deta\u013cas, vai att\u0101lin\u0101t, lai p\u0101rredz\u0113tu liel\u0101ku teritoriju.<\/p>&#13;\n&#13;\n<figure class=\"wp-block-image\"><img decoding=\"async\" src=\"https:\/\/opticspot.lt\/wp-content\/uploads\/2024\/09\/62c8113073b1a.png\" alt=\"62c8113073b1a\" class=\"wp-image-10077\"\/><\/figure>&#13;\n&#13;\n<h2 class=\"wp-block-heading\"><strong>Kr\u0101su palete<\/strong><\/h2>&#13;\n&#13;\n<figure class=\"wp-block-image\"><img decoding=\"async\" src=\"https:\/\/opticspot.lt\/wp-content\/uploads\/2024\/09\/62c8113073e21.png\" alt=\"62c8113073e21\" class=\"wp-image-10078\"\/><\/figure>&#13;\n&#13;\n<h2 class=\"wp-block-heading\"><strong>Video re\u017e\u012bmi<\/strong><\/h2>&#13;\n&#13;\n<p>Ar vienas pogas piesk\u0101rienu j\u016bs varat \u0101tri p\u0101rsl\u0113gties starp Enhance, Highlight un Natural re\u017e\u012bmiem. \u0160ie re\u017e\u012bmi autom\u0101tiski piel\u0101go att\u0113lu da\u017e\u0101diem vides apst\u0101k\u013ciem. Enhance un Highlight re\u017e\u012bmi pal\u012bdz samazin\u0101t att\u0113la troksni un padara objektu redzam\u0101ku sliktos laikapst\u0101k\u013cos.<\/p>&#13;\n&#13;\n<figure class=\"wp-block-image\"><img decoding=\"async\" src=\"https:\/\/opticspot.lt\/wp-content\/uploads\/2024\/09\/62c8113074121.png\" alt=\"62c8113074121\" class=\"wp-image-10081\"\/><\/figure>&#13;\n&#13;\n<h2 class=\"wp-block-heading\"><strong>Foto un video ierakst\u012b\u0161ana<\/strong><\/h2>&#13;\n&#13;\n<p>Guide TN650 ir apr\u012bkots ar foto un video ierakst\u012b\u0161anas funkciju. WiFi savienojuma funkcija \u013cauj att\u0101lin\u0101ti vad\u012bt ier\u012bci, p\u0101rraid\u012bt tie\u0161raides att\u0113lu un dal\u012bties ar foto vai video, izmantojot mobilo lietotni.<\/p>&#13;\n&#13;\n<figure class=\"wp-block-image\"><img decoding=\"async\" src=\"https:\/\/opticspot.lt\/wp-content\/uploads\/2024\/09\/3-243.png\" alt=\"3 243\" class=\"wp-image-10075\"\/><\/figure>&#13;\n&#13;\n<h2 class=\"wp-block-heading\"><strong>Aizsardz\u012bbas klase IP66<\/strong><\/h2>&#13;\n&#13;\n<p>Guide TN650 term\u0101lie binok\u013ci ir iztur\u012bgi pret sp\u0113c\u012bg\u0101m \u016bdens str\u016bkl\u0101m, putek\u013ciem un triecieniem, t\u0101p\u0113c varat b\u016bt dro\u0161i, ka binoklis darbosies uzticami pat vissare\u017e\u0123\u012bt\u0101kaj\u0101s situ\u0101cij\u0101s. Pla\u0161ais darba temperat\u016bras diapazons no -30\u00b0C l\u012bdz +55\u00b0C nodro\u0161ina, ka binoklis nezaud\u0113s funkcionalit\u0101ti ne sniegot\u0101s ziem\u0101s, ne karst\u0101s vasar\u0101s. Turkl\u0101t TN650 atbilst UN38.3 bateriju sertifik\u0101cijai, RoHS, CE un FCC standartiem, kas garant\u0113 ne tikai ier\u012bces kvalit\u0101ti, bet ar\u012b t\u0101s dro\u0161\u012bbu un iztur\u012bbu.<\/p>&#13;\n&#13;\n<figure class=\"wp-block-image\"><img decoding=\"async\" src=\"https:\/\/opticspot.lt\/wp-content\/uploads\/2024\/09\/62c8113074728.png\" alt=\"62c8113074728\" class=\"wp-image-10082\"\/><\/figure>&#13;\n&#13;\n<p><\/p>&#13;\n&#13;\n<p><\/p>&#13;\n&#13;\n<h2 class=\"wp-block-heading\">Specifik\u0101cija<\/h2>&#13;\n&#13;\n<p>Term\u0101lais sensors: 640\u00d7480 12\u03bcm<br\/>Term\u0101l\u0101 jut\u012bba NETD: 30mK<br\/>Kadru \u0101trums: 50Hz<br\/>Objekt\u012bvs: 50mm, F1.2<br\/>Redzes lauks FOV: 8.78\u00b0\u00d76.59\u00b0<br\/>Redzes lauks FOV m@100m: 15\u00d712<br\/>Palielin\u0101jums: 2.8x~22.4x<br\/>Atkl\u0101\u0161anas distance: 2600m<br\/>Displejs: AMOLED 1024\u00d7768<br\/>Kr\u0101su palete: Black Hot, White Hot, Adjustable Red Hot, Iron Red, Blue Hot, Green Hot<br\/>Dioptriju regul\u0113\u0161ana: -6 l\u012bdz +6<br\/>Starpz\u012bl\u012b\u0161u att\u0101luma regul\u0113\u0161ana: 60 mm \u2013 70 mm<br\/>Palielin\u0101jums: 13.8x<br\/>T\u0101lm\u0113rs: j\u0101<br\/>T\u0101lm\u0113ra m\u0113r\u012b\u0161anas att\u0101lums: 1500m<br\/>WIFI: 2.4G<br\/>Saskarne: USB-C; Micro HDMI<br\/>Cits: GPS, kompass, \u017eiroskops, Bluetooth<br\/>Foto\/Video: j\u0101<br\/>Atmi\u0146a: 16GB<br\/>Baterija: 2 nomain\u0101mas 18650 baterijas<br\/>Darb\u012bbas laiks: 6 stundas<br\/>Aizsardz\u012bbas klase: IP66<br\/>Izm\u0113rs: 162\u00d7146\u00d770<\/p>&#13;\n<p>&#8220;`<\/p>\n","protected":false},"excerpt":{"rendered":"<p>The TN series is based on the classic design of binoculars, greatly reducing the feeling of fatigue when watching for a long time. It features a high-sensitivity VOx uncooled IR detector for high-quality imaging and an immersive observation experience with a vivid color OLED 1024\u00d7768 high-resolution display. Various functions to meet all your needs, such as take photos, video, WIFI, laser range, GPS, compass, etc.<\/p>\n","protected":false},"featured_media":71993,"comment_status":"closed","ping_status":"closed","template":"","meta":[],"product_brand":[788,786],"product_cat":[579],"product_tag":[],"class_list":{"0":"post-72622","1":"product","2":"type-product","3":"status-publish","4":"has-post-thumbnail","6":"product_brand-binoculars","7":"product_brand-guide","8":"product_cat-thermal-binoculars","10":"first","11":"instock","12":"sale","13":"shipping-taxable","14":"purchasable","15":"product-type-simple"},"_links":{"self":[{"href":"https:\/\/huntzone.eu\/en\/wp-json\/wp\/v2\/product\/72622","targetHints":{"allow":["GET"]}}],"collection":[{"href":"https:\/\/huntzone.eu\/en\/wp-json\/wp\/v2\/product"}],"about":[{"href":"https:\/\/huntzone.eu\/en\/wp-json\/wp\/v2\/types\/product"}],"replies":[{"embeddable":true,"href":"https:\/\/huntzone.eu\/en\/wp-json\/wp\/v2\/comments?post=72622"}],"wp:featuredmedia":[{"embeddable":true,"href":"https:\/\/huntzone.eu\/en\/wp-json\/wp\/v2\/media\/71993"}],"wp:attachment":[{"href":"https:\/\/huntzone.eu\/en\/wp-json\/wp\/v2\/media?parent=72622"}],"wp:term":[{"taxonomy":"product_brand","embeddable":true,"href":"https:\/\/huntzone.eu\/en\/wp-json\/wp\/v2\/product_brand?post=72622"},{"taxonomy":"product_cat","embeddable":true,"href":"https:\/\/huntzone.eu\/en\/wp-json\/wp\/v2\/product_cat?post=72622"},{"taxonomy":"product_tag","embeddable":true,"href":"https:\/\/huntzone.eu\/en\/wp-json\/wp\/v2\/product_tag?post=72622"}],"curies":[{"name":"wp","href":"https:\/\/api.w.org\/{rel}","templated":true}]}}